{"id":15422,"date":"2025-08-08T12:21:43","date_gmt":"2025-08-08T09:21:43","guid":{"rendered":"https:\/\/www.parlor.ro\/?post_type=product&#038;p=15422"},"modified":"2025-11-05T18:15:03","modified_gmt":"2025-11-05T15:15:03","slug":"pantaloni-scurti-daydream","status":"publish","type":"product","link":"https:\/\/www.parlor.ro\/ro\/product\/daydream-shorts\/","title":{"rendered":"PANTALONI SCURTI DAYDREAM"},"content":{"rendered":"<p>PANTALONI SCURTI DAYDREAM<\/p>\n<p>100% vascoza<\/p>\n<p>Imprimare OEKO-TEX\u00ae Standard 100<\/p>\n<p><strong>Sp\u0103lare delicat\u0103 la ma\u0219in\u0103<\/strong><\/p>\n<p>Acest produs este realizat din \u021bes\u0103turi furnizate de produc\u0103tori certifica\u021bi conform standardelor europene.<\/p>\n<p>Imprimeurile sunt realizate cu vopsea ecologic\u0103 OEKO-TEX\u00ae.<\/p>\n<p>Acest produs este testat \u00een atelierul nostru \u0219i nu prezint\u0103 riscuri pentru s\u0103n\u0103tate si siguran\u021ba consumatorului.<\/p>\n<hr style=\"color:#404040; height: 1px;\" \/>\n<section>\n<header><b style=\"text-align: left; font-size:1.8em;\" title=\"DAYDREAM SHORTS - Glam Women's Shorts\" name=\"DAYDREAM SHORTS - Glam Women's Shorts\"><b style=\"font-weight: normal;\">PANTALONI SCURTI DAYDREAM - PANTALONI SCURTI Glam pentru Femei<\/b><\/b><\/header>\n<p><b style=\"font-weight: normal !important;\">PANTALONI SCURTI DAYDREAM<\/b> &#8211; <b style=\"font-weight: normal !important;\">Pantaloni scur\u021bi Glam pentru dam\u0103<\/b>.<strong style=\"font-weight: normal !important;\"> PANTALONI SCURTI Glam<\/strong> cu imprimeu, detalii nefinisate la tiv, cordon cu elastic in talie. Ne face pl\u0103cere sa va dezv\u0103luim <i style=\"font-style: normal !important;\">creatiile noastre<\/i> In showoom.  I Love Parlor | Haine pentru Femei &amp; <strong style=\"font-weight: normal !important;\">Moda pentru femei<\/strong>. Design Parlor de <a style=\"font-weight: normal !important;\" title=\"Veronica Zaharia\" href=\"https:\/\/www.parlor.ro\/ro\/\">Veronica Zaharia<\/a>.#ConsciousDesign este nucleul brandului nostru. El se traduce prin reinterpretarea celor mai bine v\u00e2ndute modele ale noastre, evit\u00e2nd astfel producerea de\u0219eurilor in exces. Cum arat\u0103 rochia ta de vis? R\u0103sfoi\u021bi rochiile noastre pentru femei <a style=\"font-weight: normal !important;\" title=\"Magazin de designer\" href=\"https:\/\/www.parlor.ro\/ro\/magazin\/\">Parlor Shop<\/a> (<a style=\"font-weight: normal !important;\" title=\"pantaloni,\" href=\"https:\/\/www.parlor.ro\/ro\/categorie-produs\/i-%e2%99%a5-salon\/fundurile\/\">pantaloni,<\/a>, rochii, jachete, salopete, topuri) si g\u0103se\u0219te-ti preferatul ACUM! Sau viziteaz\u0103 showroomul nostru pentru a g\u0103sit rochia ta de vis \/ suna pentru programare 0747501974! Recomand\u0103ri <i style=\"font-style: normal !important;\">pentru tine<\/i>: <a style=\"font-weight: normal !important;\" title=\"PANTALONI SCURTI STARRY\" href=\"https:\/\/www.parlor.ro\/ro\/produs\/pantaloni-scurti-starry\/\">PANTALONI SCURTI STARRY<\/a>, <a style=\"font-weight: normal !important;\" title=\"PANTALONI SCURTI FLOWERS\" href=\"https:\/\/www.parlor.ro\/ro\/produs\/pantaloni-scurti-flowers\/\">PANTALONI SCURTI FLOWERS<\/a>. P\u00c2N\u0102 LA 50% REDUCERE Azi!<br \/>\n<\/section>","protected":false},"excerpt":{"rendered":"<div>\n[sales_countdown_timer id=\"salescountdowntimer\"]\n<p>Glam Shorts printed, elastic waist, raw finish along the hem line.<\/p>\n<\/div>\n<p>The Glam Shorts fit from 34 to 38 FR, they feature a loose cut.<\/p>\n<p>#MadeinRomania<\/p>\n<p>#FabricatinRomania<\/p>\n<p>We are happy to reveal our designs in our showroom \/ call for appointment 0747501974 .<\/p>\n","protected":false},"featured_media":15425,"template":"","meta":[],"product_brand":[],"product_cat":[97,100],"product_tag":[],"class_list":{"0":"post-15422","1":"product","2":"type-product","3":"status-publish","4":"has-post-thumbnail","6":"product_cat-i--parlor","7":"product_cat-bottoms","8":"pa_size-one-size","9":"pif-has-gallery","11":"first","12":"instock","13":"sale","14":"shipping-taxable","15":"purchasable","16":"product-type-variable"},"post_mailing_queue_ids":[],"_links":{"self":[{"href":"https:\/\/www.parlor.ro\/ro\/wp-json\/wp\/v2\/product\/15422","targetHints":{"allow":["GET"]}}],"collection":[{"href":"https:\/\/www.parlor.ro\/ro\/wp-json\/wp\/v2\/product"}],"about":[{"href":"https:\/\/www.parlor.ro\/ro\/wp-json\/wp\/v2\/types\/product"}],"wp:featuredmedia":[{"embeddable":true,"href":"https:\/\/www.parlor.ro\/ro\/wp-json\/wp\/v2\/media\/15425"}],"wp:attachment":[{"href":"https:\/\/www.parlor.ro\/ro\/wp-json\/wp\/v2\/media?parent=15422"}],"wp:term":[{"taxonomy":"product_brand","embeddable":true,"href":"https:\/\/www.parlor.ro\/ro\/wp-json\/wp\/v2\/product_brand?post=15422"},{"taxonomy":"product_cat","embeddable":true,"href":"https:\/\/www.parlor.ro\/ro\/wp-json\/wp\/v2\/product_cat?post=15422"},{"taxonomy":"product_tag","embeddable":true,"href":"https:\/\/www.parlor.ro\/ro\/wp-json\/wp\/v2\/product_tag?post=15422"}],"curies":[{"name":"wp","href":"https:\/\/api.w.org\/{rel}","templated":true}]}}