{"id":15440,"date":"2025-08-08T13:37:19","date_gmt":"2025-08-08T10:37:19","guid":{"rendered":"https:\/\/www.parlor.ro\/?post_type=product&#038;p=15440"},"modified":"2025-11-05T19:14:06","modified_gmt":"2025-11-05T16:14:06","slug":"pantaloni-scurti-morning-glow-2","status":"publish","type":"product","link":"https:\/\/www.parlor.ro\/ro\/product\/morning-glow-shorts-2\/","title":{"rendered":"PANTALONI SCURTI MORNING GLOW"},"content":{"rendered":"<p>PANTALONI SCURTI MORNING GLOW<\/p>\n<p>100% poliester deadstock<\/p>\n<p>Imprimare OEKO-TEX\u00ae Standard 100<\/p>\n<p><strong>Sp\u0103lare delicat\u0103 la ma\u0219in\u0103<\/strong><\/p>\n<p>Acest produs este realizat din \u021bes\u0103turi furnizate de produc\u0103tori certifica\u021bi conform standardelor europene.<\/p>\n<p>Imprimeurile sunt realizate cu vopsea ecologic\u0103 OEKO-TEX\u00ae.<\/p>\n<p>Acest produs este testat \u00een atelierul nostru \u0219i nu prezint\u0103 riscuri pentru s\u0103n\u0103tate si siguran\u021ba consumatorului.<\/p>\n<hr style=\"color:#404040; height: 1px;\" \/>\n<section>\n<header><b style=\"text-align: left; font-size:1.8em;\" title=\"MORNING GLOW SHORTS - Chic Women's SHORTS\" name=\"MORNING GLOW SHORTS - Chic Women's SHORTS\"><b style=\"font-weight: normal;\">PANTALONI SCURTI MORNING GLOW \u2013  PANTALONI SCURTI Chic pentru Femei<\/b><\/b><\/header>\n<p><b style=\"font-weight: lighter;\">PANTALONI SCURTI MORNING GLOW<\/b> &#8211; <b style=\"font-weight: normal !important;\">PANTALONI SCURTI Chic pentru Femei<\/b>. <i style=\"font-style: normal !important;\">Pantaloni scur\u021bi Glam cu imprimeu<\/i>detalii nefinisate la tiv, cordon cu elastic in talie. Pantalonii scurti Glam se potrivesc de la 34 la 38 FR, au o croial\u0103 lejer\u0103.  I Love Parlor  | <strong style=\"font-weight: normal !important;\">\u00cembr\u0103c\u0103minte pentru femei<\/strong> &#038; <strong style=\"font-weight: normal !important;\">Moda pentru femei<\/strong>. <a style=\"font-weight: normal !important;\" title=\"Crea\u021biile Parlor\" href=\"https:\/\/www.parlor.ro\/ro\/\">Parlor<\/a> Designs by Veronica Zaharia,  #ConsciousDesign este nucleul brandului nostru. El se traduce prin reinterpretarea celor mai bine v\u00e2ndute modele ale noastre, evit\u00e2nd astfel producerea de\u0219eurilor in exces. Rochiile noastre sunt atemporale, usor de purtat, potrivite at\u00e2t ziua c\u00e2t si seara. Cum arat\u0103 pantalonii tai de vis? R\u0103sfoi\u021bi pantalonii  no\u0219tri <a style=\"font-weight: normal !important;\" title=\"Parlor Shop\" href=\"https:\/\/www.parlor.ro\/ro\/magazin\/\">Parlor Shop<\/a> (<a style=\"font-weight: normal !important;\" title=\"Funduri de salon\" href=\"https:\/\/www.parlor.ro\/ro\/categorie-produs\/i-%e2%99%a5-salon\/fundurile\/\">pantaloni,<\/a>rochii, jachete, salopete, topuri) \u0219i g\u0103se\u0219te-\u021bi pantalonii ACUM! Sau vizita\u021bi showroom-ul nostru pentru a v\u0103 g\u0103si <i style=\"font-style: normal !important;\">pantalonii scur\u021bi perfec\u021bi<\/i> \/ suna pentru programare 0747501974! Recomand\u0103ri de cump\u0103r\u0103turi pentru tine: <a style=\"font-weight: normal !important;\" title=\"JACHETA SUNRISE\" href=\"https:\/\/www.parlor.ro\/ro\/produs\/sunrise-jacket\/\">JACHETA SUNRISE<\/a>, <a style=\"font-weight: normal !important;\" title=\"JACHETA CRUSH\" href=\"https:\/\/www.parlor.ro\/ro\/produs\/jacheta-crush\/\">JACHETA CRUSH<\/a>. P\u00c2N\u0102 LA 50% REDUCERE Azi!<br \/>\n<\/section>","protected":false},"excerpt":{"rendered":"<div>\n[sales_countdown_timer id=\"salescountdowntimer\"]\n<p>Glam Shorts printed, elastic waist, raw finish along the hem line.<\/p>\n<\/div>\n<p>The Glam Shorts fit from 34 to 38 FR, they feature a loose cut.<\/p>\n<p>#MadeinRomania<\/p>\n<p>#FabricatinRomania<\/p>\n<p>We are happy to reveal our designs in our showroom \/ call for appointment 0747501974 .<\/p>\n","protected":false},"featured_media":15438,"template":"","meta":[],"product_brand":[],"product_cat":[97,100],"product_tag":[],"class_list":{"0":"post-15440","1":"product","2":"type-product","3":"status-publish","4":"has-post-thumbnail","6":"product_cat-i--parlor","7":"product_cat-bottoms","8":"pa_size-one-size","9":"pif-has-gallery","11":"first","12":"instock","13":"sale","14":"shipping-taxable","15":"purchasable","16":"product-type-variable"},"post_mailing_queue_ids":[],"_links":{"self":[{"href":"https:\/\/www.parlor.ro\/ro\/wp-json\/wp\/v2\/product\/15440","targetHints":{"allow":["GET"]}}],"collection":[{"href":"https:\/\/www.parlor.ro\/ro\/wp-json\/wp\/v2\/product"}],"about":[{"href":"https:\/\/www.parlor.ro\/ro\/wp-json\/wp\/v2\/types\/product"}],"wp:featuredmedia":[{"embeddable":true,"href":"https:\/\/www.parlor.ro\/ro\/wp-json\/wp\/v2\/media\/15438"}],"wp:attachment":[{"href":"https:\/\/www.parlor.ro\/ro\/wp-json\/wp\/v2\/media?parent=15440"}],"wp:term":[{"taxonomy":"product_brand","embeddable":true,"href":"https:\/\/www.parlor.ro\/ro\/wp-json\/wp\/v2\/product_brand?post=15440"},{"taxonomy":"product_cat","embeddable":true,"href":"https:\/\/www.parlor.ro\/ro\/wp-json\/wp\/v2\/product_cat?post=15440"},{"taxonomy":"product_tag","embeddable":true,"href":"https:\/\/www.parlor.ro\/ro\/wp-json\/wp\/v2\/product_tag?post=15440"}],"curies":[{"name":"wp","href":"https:\/\/api.w.org\/{rel}","templated":true}]}}