{"id":15590,"date":"2025-09-17T14:54:50","date_gmt":"2025-09-17T11:54:50","guid":{"rendered":"https:\/\/www.parlor.ro\/?post_type=product&#038;p=15590"},"modified":"2026-03-11T12:11:06","modified_gmt":"2026-03-11T09:11:06","slug":"sunrise-jacket","status":"publish","type":"product","link":"https:\/\/www.parlor.ro\/ro\/product\/sunrise-jacket\/","title":{"rendered":"JACHETA SUNRISE"},"content":{"rendered":"<p>JACHETA SUNRISE<\/p>\n<p>100% lana<\/p>\n<p>C\u0103ptu\u0219eal\u0103 poliester 96%, elastan 4%<\/p>\n<p>M\u0103sura se  potrive\u0219te de la 34 la 40 FR.<\/p>\n<p><strong>Cur\u0103\u021bare uscat\u0103<\/strong><\/p>\n<p>Acest produs este realizat din \u021bes\u0103turi furnizate de produc\u0103tori certifica\u021bi conform standardelor europene.<\/p>\n<p>Imprimeurile sunt realizate cu vopsea ecologic\u0103 OEKO-TEX\u00ae.<\/p>\n<p>Acest produs este testat \u00een atelierul nostru \u0219i nu prezint\u0103 riscuri pentru s\u0103n\u0103tate si siguran\u021ba consumatorului.<\/p>\n<hr style=\"color: #404040; height: 1px;\" \/>\n<section>\n<header><b style=\"text-align: left; font-size: 1.8em;\" title=\"SUNRISE JACKET - Amazing Women's JACKET\"><b style=\"font-weight: normal;\">JACHETA SUNRISE - Jachete Spectaculoase pentru Femei<\/b><\/b><\/header>\n<p><b style=\"font-weight: normal !important;\">JACHETA SUNRISE<\/b> &#8211; <b style=\"font-weight: normal !important;\">Jachete Spectaculoase pentru Femei<\/b>. <strong style=\"font-weight: normal !important;\">Jacheta SUNRISE din l\u00e2n\u0103<\/strong> are o croiala care urm\u0103re\u0219te linia corpului, cu umeri supradimensiona\u021bi \u0219i un finisaj nefinisat la margini. <i style=\"font-style: normal !important;\">I \u2665 Parlor<\/i> | Women&#8217;s Clothing &amp; Women&#8217;s Fashion. Parlor <a style=\"font-weight: normal !important;\" title=\"Crea\u021biile Parlor\" href=\"https:\/\/www.parlor.ro\/ro\/\">Design<\/a> sunt cel mai simplu mod de a-\u021bi inveseli look-ul de zi cu zi. Rochiile noastre sunt atemporale, usor de purtat, potrivite at\u00e2t ziua c\u00e2t si seara . <a style=\"font-weight: normal !important;\" title=\"Parlor Shop\" href=\"https:\/\/www.parlor.ro\/ro\/magazin\/\">Parlor Shop<\/a> (pantaloni scur\u021bi, rochii, <a style=\"font-weight: normal !important;\" title=\"jachete\" href=\"https:\/\/www.parlor.ro\/ro\/categorie-produs\/i-%e2%99%a5-salon\/jachete\/\">jachete<\/a>, salopete, topuri ) si g\u0103se\u0219te-ti rochia  ACUM! Sau viziteaz\u0103 showroom-ul nostru unde vei g\u0103si <strong style=\"font-weight: normal !important;\">jachetele perfecte<\/strong> \/ suna pentru programare 0747501974! Shopping <i style=\"font-style: normal !important;\">pentru tine<\/i>: <a style=\"font-weight: normal !important;\" title=\"JACHETA CRUSH\" href=\"https:\/\/www.parlor.ro\/ro\/produs\/jacheta-crush\/\">JACHETA CRUSH<\/a>, <a style=\"font-weight: normal !important;\" title=\"JACHETA GLOW\" href=\"https:\/\/www.parlor.ro\/ro\/produs\/jacheta-glow\/\">JACHETA GLOW<\/a>. P\u00c2N\u0102 LA 50% REDUCERE Azi!<\/p>\n<\/section>","protected":false},"excerpt":{"rendered":"[sales_countdown_timer id=\"salescountdowntimer\"]\n<p>SUNRISE wool jacket is designed for a figure-skimming fit, with padded shoulders and a frayed finish.<\/p>\n<p>#MadeinRomania<\/p>\n<p>#FabricatinRomania<\/p>\n<p>We are happy to reveal our designs in our showroom \/ call for appointment 0747501974 .<\/p>\n","protected":false},"featured_media":15507,"template":"","meta":[],"product_brand":[],"product_cat":[97,98,141],"product_tag":[],"class_list":{"0":"post-15590","1":"product","2":"type-product","3":"status-publish","4":"has-post-thumbnail","6":"product_cat-i--parlor","7":"product_cat-jackets","8":"product_cat-new","9":"pa_size-one-size","10":"pif-has-gallery","12":"first","13":"instock","14":"sale","15":"shipping-taxable","16":"purchasable","17":"product-type-variable"},"post_mailing_queue_ids":[],"_links":{"self":[{"href":"https:\/\/www.parlor.ro\/ro\/wp-json\/wp\/v2\/product\/15590","targetHints":{"allow":["GET"]}}],"collection":[{"href":"https:\/\/www.parlor.ro\/ro\/wp-json\/wp\/v2\/product"}],"about":[{"href":"https:\/\/www.parlor.ro\/ro\/wp-json\/wp\/v2\/types\/product"}],"wp:featuredmedia":[{"embeddable":true,"href":"https:\/\/www.parlor.ro\/ro\/wp-json\/wp\/v2\/media\/15507"}],"wp:attachment":[{"href":"https:\/\/www.parlor.ro\/ro\/wp-json\/wp\/v2\/media?parent=15590"}],"wp:term":[{"taxonomy":"product_brand","embeddable":true,"href":"https:\/\/www.parlor.ro\/ro\/wp-json\/wp\/v2\/product_brand?post=15590"},{"taxonomy":"product_cat","embeddable":true,"href":"https:\/\/www.parlor.ro\/ro\/wp-json\/wp\/v2\/product_cat?post=15590"},{"taxonomy":"product_tag","embeddable":true,"href":"https:\/\/www.parlor.ro\/ro\/wp-json\/wp\/v2\/product_tag?post=15590"}],"curies":[{"name":"wp","href":"https:\/\/api.w.org\/{rel}","templated":true}]}}