{"id":15598,"date":"2025-09-17T15:15:35","date_gmt":"2025-09-17T12:15:35","guid":{"rendered":"https:\/\/www.parlor.ro\/?post_type=product&#038;p=15598"},"modified":"2026-03-11T12:10:42","modified_gmt":"2026-03-11T09:10:42","slug":"jacheta-glow","status":"publish","type":"product","link":"https:\/\/www.parlor.ro\/ro\/product\/glow-jacket\/","title":{"rendered":"JACHETA GLOW"},"content":{"rendered":"<p>JACHETA GLOW<\/p>\n<p>100% lana<\/p>\n<p>C\u0103ptu\u0219eal\u0103 poliester 96%, elastan 4%<\/p>\n<p>M\u0103sura se  potrive\u0219te de la 34 la 40 FR.<\/p>\n<p><strong>Cur\u0103\u021bare uscat\u0103<\/strong><\/p>\n<p>Acest produs este realizat din \u021bes\u0103turi furnizate de produc\u0103tori certifica\u021bi conform standardelor europene.<\/p>\n<p>Imprimeurile sunt realizate cu vopsea ecologic\u0103 OEKO-TEX\u00ae.<\/p>\n<p>Acest produs este testat \u00een atelierul nostru \u0219i nu prezint\u0103 riscuri pentru s\u0103n\u0103tate si siguran\u021ba consumatorului.<\/p>\n<hr style=\"color: #404040; height: 1px;\" \/>\n<section>\n<header><b style=\"text-align: left; font-size: 1.8em;\" title=\"GLOW JACKET - Exclusive Women's JACKET\"><b style=\"font-weight: normal;\">JACHETA GLOW - JACHETE Exclusive pentru Femei<\/b><\/b><\/header>\n<p><strong style=\"font-weight: normal !important;\">JACHETA GLOW<\/strong> &#8211; <strong style=\"font-weight: normal !important;\">JACHETA Exclusiv\u0103 pentru Femei<\/strong>. <b style=\"font-weight: normal !important;\">Jacheta din l\u00e2n\u0103 GLOW<\/b> are o croiala care urm\u0103re\u0219te linia corpului, cu umeri supradimensiona\u021bi \u0219i un finisaj nefinisat la margini.  I Love Parlor | <a style=\"font-weight: normal !important;\" title=\"\u00cembr\u0103c\u0103minte pentru femei \" href=\"https:\/\/www.parlor.ro\/ro\/\">\u00cembr\u0103c\u0103minte pentru femei<\/a> &amp; Women&#8217;s Fashion. Parlor Designs by Veronica Zaharia. #ConsciousDesign is the core of our brand. It translates into reinterpreting our best selling items with minimum use of resources. Our dresses are head turning, effortlessly cool and can go from day to evening in an instant. What does your <b style=\"font-weight: normal !important;\">jacheta ta de vis<\/b>? Rasfoiti <a style=\"font-weight: normal !important;\" title=\"Magazin Parlor\" href=\"https:\/\/www.parlor.ro\/ro\/magazin\/\">Magazin pentru femei<\/a> (pantaloni scur\u021bi, rochii, <a style=\"font-weight: normal !important;\" title=\"jachete\" href=\"https:\/\/www.parlor.ro\/ro\/categorie-produs\/i-%e2%99%a5-salon\/jachete\/\">jachete<\/a>, salopete, topuri) si g\u0103si\u021bi <i style=\"font-style: normal !important;\">jacheta preferat\u0103<\/i> ACUM! Sau vizita\u021bi showroom-ul nostru pentru a v\u0103 g\u0103si <i style=\"font-style: normal !important;\">jacheta preferat\u0103<\/i> \/ suna pentru programare 0747501974! Recomand\u0103ri de cump\u0103r\u0103turi pentru tine: <a style=\"font-weight: normal !important;\" title=\"ROYAL JACKET\" href=\"https:\/\/www.parlor.ro\/ro\/produs\/royal-jacket\/\">ROYAL JACKET<\/a>, <a style=\"font-weight: normal !important;\" title=\"SERENE JACKET\" href=\"https:\/\/www.parlor.ro\/ro\/produs\/serene-jacket\/\">SERENE JACKET<\/a>. P\u00c2N\u0102 LA 50% REDUCERE Azi!<\/p>\n<\/section>","protected":false},"excerpt":{"rendered":"[sales_countdown_timer id=\"salescountdowntimer\"]\n<p>GLOW \u00a0wool jacket is designed for a figure-skimming fit, with padded shoulders and a frayed finish.<\/p>\n<p>#MadeinRomania<\/p>\n<p>#FabricatinRomania<\/p>\n<p>We are happy to reveal our designs in our showroom \/ call for appointment 0747501974 .<\/p>\n","protected":false},"featured_media":15500,"template":"","meta":[],"product_brand":[],"product_cat":[97,98,141],"product_tag":[],"class_list":{"0":"post-15598","1":"product","2":"type-product","3":"status-publish","4":"has-post-thumbnail","6":"product_cat-i--parlor","7":"product_cat-jackets","8":"product_cat-new","9":"pa_size-one-size","10":"pif-has-gallery","12":"first","13":"instock","14":"sale","15":"shipping-taxable","16":"purchasable","17":"product-type-variable"},"post_mailing_queue_ids":[],"_links":{"self":[{"href":"https:\/\/www.parlor.ro\/ro\/wp-json\/wp\/v2\/product\/15598","targetHints":{"allow":["GET"]}}],"collection":[{"href":"https:\/\/www.parlor.ro\/ro\/wp-json\/wp\/v2\/product"}],"about":[{"href":"https:\/\/www.parlor.ro\/ro\/wp-json\/wp\/v2\/types\/product"}],"wp:featuredmedia":[{"embeddable":true,"href":"https:\/\/www.parlor.ro\/ro\/wp-json\/wp\/v2\/media\/15500"}],"wp:attachment":[{"href":"https:\/\/www.parlor.ro\/ro\/wp-json\/wp\/v2\/media?parent=15598"}],"wp:term":[{"taxonomy":"product_brand","embeddable":true,"href":"https:\/\/www.parlor.ro\/ro\/wp-json\/wp\/v2\/product_brand?post=15598"},{"taxonomy":"product_cat","embeddable":true,"href":"https:\/\/www.parlor.ro\/ro\/wp-json\/wp\/v2\/product_cat?post=15598"},{"taxonomy":"product_tag","embeddable":true,"href":"https:\/\/www.parlor.ro\/ro\/wp-json\/wp\/v2\/product_tag?post=15598"}],"curies":[{"name":"wp","href":"https:\/\/api.w.org\/{rel}","templated":true}]}}