{"id":15602,"date":"2025-09-17T15:25:48","date_gmt":"2025-09-17T12:25:48","guid":{"rendered":"https:\/\/www.parlor.ro\/?post_type=product&#038;p=15602"},"modified":"2026-03-11T12:10:22","modified_gmt":"2026-03-11T09:10:22","slug":"royal-jacket","status":"publish","type":"product","link":"https:\/\/www.parlor.ro\/ro\/product\/royal-jacket\/","title":{"rendered":"ROYAL JACKET"},"content":{"rendered":"<p>ROYAL JACKET<\/p>\n<p>100% ca\u0219mir<\/p>\n<p>C\u0103ptu\u0219eal\u0103 poliester 96%, elastan 4%<\/p>\n<p>M\u0103sura se  potrive\u0219te de la 34 la 40 FR.<\/p>\n<p><strong>Cur\u0103\u021bare uscat\u0103<\/strong><\/p>\n<p>Acest produs este realizat din \u021bes\u0103turi furnizate de produc\u0103tori certifica\u021bi conform standardelor europene.<\/p>\n<p>Imprimeurile sunt realizate cu vopsea ecologic\u0103 OEKO-TEX\u00ae.<\/p>\n<p>Acest produs este testat \u00een atelierul nostru \u0219i nu prezint\u0103 riscuri pentru s\u0103n\u0103tate si siguran\u021ba consumatorului.<\/p>\n<hr style=\"color: #404040; height: 1px;\" \/>\n<section>\n<header><b style=\"text-align: left; font-size: 1.8em;\" title=\"ROYAL JACKET - Parlor Women's JACKET\"><b style=\"font-weight: normal;\"> <\/b>ROYAL JACKET &#8211; Parlor Women&#8217;s JACKET<\/b><\/header>\n<p><b style=\"font-weight: normal !important;\">ROYAL JACKET<\/b> &#8211; <b style=\"font-weight: normal !important;\">Parlor Women&#8217;s JACKET<\/b>. <i style=\"font-style: normal !important;\">ROYAL cashmere jacket<\/i> is designed for a figure-skimming fit, with padded shoulders. I Love Parlor | Women&#8217;s Clothing &amp; Women&#8217;s Fashion. <a style=\"font-weight: normal !important;\" title=\"Crea\u021biile Parlor\" href=\"https:\/\/www.parlor.ro\/ro\/\">Crea\u021biile Parlor<\/a> de Veronica Zaharia. #ConsciousDesign este nucleul m\u0103rcii noastre. Se traduce prin reinterpretarea articolelor noastre cele mai v\u00e2ndute cu o utilizare minim\u0103 a resurselor. Rochiile noastre sunt atemporale, usor de purtat, potrivite at\u00e2t ziua c\u00e2t si seara . <strong style=\"font-weight: normal !important;\">JACHETA DREAM<\/strong> R\u0103sfoi\u021bi produsele noastre pentru femei <a style=\"font-weight: normal !important;\" title=\"Magazin de rochii\" href=\"https:\/\/www.parlor.ro\/ro\/magazin\/\">Magazin de rochii<\/a> (pantaloni scur\u021bi, rochii, <a style=\"font-weight: normal !important;\" title=\"women's jackets\" href=\"https:\/\/www.parlor.ro\/ro\/categorie-produs\/i-%e2%99%a5-salon\/jachete\/\">jachete<\/a>, overall, tops) and <i style=\"font-style: normal !important;\">find your jacket<\/i> ACUM! Sau vizita\u021bi showroom-ul nostru pentru a v\u0103 g\u0103si <strong style=\"font-weight: normal !important;\">jacheta preferat\u0103<\/strong> \/ suna pentru programare 0747501974! Recomand\u0103ri de cump\u0103r\u0103turi pentru tine: <a style=\"font-weight: normal !important;\" title=\"SERENE JACKET\" href=\"https:\/\/www.parlor.ro\/ro\/produs\/serene-jacket\/\">SERENE JACKET<\/a>, <a style=\"font-weight: normal !important;\" title=\"ADORED JACKET\" href=\"https:\/\/www.parlor.ro\/ro\/produs\/adored-jacket\/\">ADORED JACKET<\/a>. P\u00c2N\u0102 LA 50% REDUCERE Azi!<\/p>\n<\/section>","protected":false},"excerpt":{"rendered":"[sales_countdown_timer id=\"salescountdowntimer\"]\n<p>ROYAL \u00a0cashmere jacket is designed for a figure-skimming fit, with padded shoulders.<\/p>\n<p>#MadeinRomania<\/p>\n<p>#FabricatinRomania<\/p>\n<p>We are happy to reveal our designs in our showroom \/ call for appointment 0747501974 .<\/p>\n","protected":false},"featured_media":15501,"template":"","meta":[],"product_brand":[],"product_cat":[97,98,141],"product_tag":[],"class_list":{"0":"post-15602","1":"product","2":"type-product","3":"status-publish","4":"has-post-thumbnail","6":"product_cat-i--parlor","7":"product_cat-jackets","8":"product_cat-new","9":"pa_size-one-size","10":"pif-has-gallery","12":"first","13":"instock","14":"sale","15":"featured","16":"shipping-taxable","17":"purchasable","18":"product-type-variable"},"post_mailing_queue_ids":[],"_links":{"self":[{"href":"https:\/\/www.parlor.ro\/ro\/wp-json\/wp\/v2\/product\/15602","targetHints":{"allow":["GET"]}}],"collection":[{"href":"https:\/\/www.parlor.ro\/ro\/wp-json\/wp\/v2\/product"}],"about":[{"href":"https:\/\/www.parlor.ro\/ro\/wp-json\/wp\/v2\/types\/product"}],"wp:featuredmedia":[{"embeddable":true,"href":"https:\/\/www.parlor.ro\/ro\/wp-json\/wp\/v2\/media\/15501"}],"wp:attachment":[{"href":"https:\/\/www.parlor.ro\/ro\/wp-json\/wp\/v2\/media?parent=15602"}],"wp:term":[{"taxonomy":"product_brand","embeddable":true,"href":"https:\/\/www.parlor.ro\/ro\/wp-json\/wp\/v2\/product_brand?post=15602"},{"taxonomy":"product_cat","embeddable":true,"href":"https:\/\/www.parlor.ro\/ro\/wp-json\/wp\/v2\/product_cat?post=15602"},{"taxonomy":"product_tag","embeddable":true,"href":"https:\/\/www.parlor.ro\/ro\/wp-json\/wp\/v2\/product_tag?post=15602"}],"curies":[{"name":"wp","href":"https:\/\/api.w.org\/{rel}","templated":true}]}}