{"id":15608,"date":"2025-09-17T15:42:21","date_gmt":"2025-09-17T12:42:21","guid":{"rendered":"https:\/\/www.parlor.ro\/?post_type=product&#038;p=15608"},"modified":"2026-03-11T12:09:33","modified_gmt":"2026-03-11T09:09:33","slug":"adored-jacket","status":"publish","type":"product","link":"https:\/\/www.parlor.ro\/ro\/product\/adored-jacket\/","title":{"rendered":"ADORED JACKET"},"content":{"rendered":"<p>ADORED JACKET<\/p>\n<p>100% ca\u0219mir<\/p>\n<p>C\u0103ptu\u0219eal\u0103 poliester 96%, elastan 4%<\/p>\n<p>M\u0103sura se  potrive\u0219te de la 34 la 40 FR.<\/p>\n<p><strong>Cur\u0103\u021bare uscat\u0103<\/strong><\/p>\n<p>Acest produs este realizat din \u021bes\u0103turi furnizate de produc\u0103tori certifica\u021bi conform standardelor europene.<\/p>\n<p>Imprimeurile sunt realizate cu vopsea ecologic\u0103 OEKO-TEX\u00ae.<\/p>\n<p>Acest produs este testat \u00een atelierul nostru \u0219i nu prezint\u0103 riscuri pentru s\u0103n\u0103tate si siguran\u021ba consumatorului.<\/p>\n<hr style=\"color: #404040; height: 1px;\" \/>\n<section>\n<header><b style=\"text-align: left; font-size: 1.8em;\" title=\"ADORED JACKET - Amazing Women's JACKET\"><b style=\"font-weight: normal;\">ADORED JACKET &#8211; Amazing Women&#8217;s JACKET<\/b><\/b><\/header>\n<p><strong style=\"font-weight: normal !important;\">ADORED JACKE<\/strong> &#8211; <strong style=\"font-weight: normal !important;\">Jachete Spectaculoase pentru Femei<\/strong>. <b style=\"font-weight: normal !important;\">ROYAL cashmere jacket<\/b> is designed for a figure-skimming fit, with padded shoulders. <a style=\"font-weight: normal !important;\" title=\"I \u2665 Parlor\" href=\"https:\/\/www.parlor.ro\/ro\/\">I \u2665 Parlor<\/a> | \u00cembr\u0103c\u0103minte pentru femei \u0219i mod\u0103 pentru femei <i style=\"font-style: normal !important;\">Crea\u021biile Parlor<\/i> de <i style=\"font-style: normal !important;\">Veronica Zaharia<\/i>. #ConsciousDesign este nucleul brandului nostru. El se traduce prin reinterpretarea celor mai bine v\u00e2ndute modele ale noastre, evit\u00e2nd astfel producerea de\u0219eurilor in exces. Rochiile noastre sunt atemporale, usor de purtat, potrivite at\u00e2t ziua c\u00e2t si seara . <b style=\"font-weight: normal !important;\">jacheta ta de vis<\/b>? Browse our Women&#8217;s <a style=\"font-weight: normal !important;\" title=\"Magazin de rochii dama\" href=\"https:\/\/www.parlor.ro\/ro\/magazin\/\">Magazin de rochii<\/a> (pantaloni scur\u021bi, rochii, <a style=\"font-weight: normal !important;\" title=\"Parlor jackets\" href=\"https:\/\/www.parlor.ro\/ro\/categorie-produs\/i-%e2%99%a5-salon\/jachete\/\">jachete<\/a>, overall, tops) and find your jacket NOW! Or visit our showroom to find your perfect jacket \/ call for appointment 0747501974! Shopping recommendations for you: <a style=\"font-weight: normal !important;\" title=\"PRECIOUS JACKET\" href=\"https:\/\/www.parlor.ro\/ro\/produs\/precious-jacket\/\">PRECIOUS JACKET<\/a>, <a style=\"font-weight: normal !important;\" title=\"SERENE JACKET\" href=\"https:\/\/www.parlor.ro\/ro\/produs\/serene-jacket\/\">SERENE JACKET<\/a>. Browse our Premium Jackets! UP TO 50% OFF Today! ADORED JACKET!<\/p>\n<\/section>","protected":false},"excerpt":{"rendered":"[sales_countdown_timer id=\"salescountdowntimer\"]\n<p>ROYAL \u00a0cashmere jacket is designed for a figure-skimming fit, with padded shoulders.<\/p>\n<p>#MadeinRomania<\/p>\n<p>#FabricatinRomania<\/p>\n<p>We are happy to reveal our designs in our showroom \/ call for appointment 0747501974 .<\/p>\n","protected":false},"featured_media":15503,"template":"","meta":[],"product_brand":[],"product_cat":[97,98,141],"product_tag":[],"class_list":{"0":"post-15608","1":"product","2":"type-product","3":"status-publish","4":"has-post-thumbnail","6":"product_cat-i--parlor","7":"product_cat-jackets","8":"product_cat-new","9":"pa_size-one-size","10":"pif-has-gallery","12":"first","13":"instock","14":"sale","15":"shipping-taxable","16":"purchasable","17":"product-type-variable"},"post_mailing_queue_ids":[],"_links":{"self":[{"href":"https:\/\/www.parlor.ro\/ro\/wp-json\/wp\/v2\/product\/15608","targetHints":{"allow":["GET"]}}],"collection":[{"href":"https:\/\/www.parlor.ro\/ro\/wp-json\/wp\/v2\/product"}],"about":[{"href":"https:\/\/www.parlor.ro\/ro\/wp-json\/wp\/v2\/types\/product"}],"wp:featuredmedia":[{"embeddable":true,"href":"https:\/\/www.parlor.ro\/ro\/wp-json\/wp\/v2\/media\/15503"}],"wp:attachment":[{"href":"https:\/\/www.parlor.ro\/ro\/wp-json\/wp\/v2\/media?parent=15608"}],"wp:term":[{"taxonomy":"product_brand","embeddable":true,"href":"https:\/\/www.parlor.ro\/ro\/wp-json\/wp\/v2\/product_brand?post=15608"},{"taxonomy":"product_cat","embeddable":true,"href":"https:\/\/www.parlor.ro\/ro\/wp-json\/wp\/v2\/product_cat?post=15608"},{"taxonomy":"product_tag","embeddable":true,"href":"https:\/\/www.parlor.ro\/ro\/wp-json\/wp\/v2\/product_tag?post=15608"}],"curies":[{"name":"wp","href":"https:\/\/api.w.org\/{rel}","templated":true}]}}