{"id":15637,"date":"2025-09-19T15:40:08","date_gmt":"2025-09-19T12:40:08","guid":{"rendered":"https:\/\/www.parlor.ro\/?post_type=product&#038;p=15637"},"modified":"2026-02-20T13:04:36","modified_gmt":"2026-02-20T10:04:36","slug":"baby-blue-kimono-set","status":"publish","type":"product","link":"https:\/\/www.parlor.ro\/ro\/product\/baby-blue-kimono-set\/","title":{"rendered":"BABY BLUE KIMONO SET"},"content":{"rendered":"<p>&nbsp;<\/p>\n<p>BABY BLUE KIMONO SET<\/p>\n<p>100% poliester deadstock<\/p>\n<p>Imprimare OEKO-TEX\u00ae Standard 100<\/p>\n<p><strong>Sp\u0103lare delicat\u0103 la ma\u0219in\u0103<\/strong><\/p>\n<p>Acest produs este realizat din \u021bes\u0103turi furnizate de produc\u0103tori certifica\u021bi conform standardelor europene.<\/p>\n<p>Imprimeurile sunt realizate cu vopsea ecologic\u0103 OEKO-TEX\u00ae.<\/p>\n<p>Acest produs este testat \u00een atelierul nostru \u0219i nu prezint\u0103 riscuri pentru s\u0103n\u0103tate si siguran\u021ba consumatorului.<\/p>\n<hr style=\"color: #404040; height: 1px;\" \/>\n<section>\n<header><b style=\"text-align: left; font-size: 1.8em;\" title=\"BABY BLUE KIMONO SET - Designer Women's Kimono\"><b style=\"font-weight: normal;\">BABY BLUE KIMONO SET &#8211; Designer Women&#8217;s Kimono<\/b><\/b><\/header>\n<p><b style=\"font-weight: normal !important;\">BABY BLUE KIMONO SET<\/b> &#8211; <strong style=\"font-weight: normal !important;\">Designer Women&#8217;s Kimono<\/strong>. We are happy to reveal <b style=\"font-weight: normal !important;\">creatiile noastre<\/b> in our showroom. I Love Parlor | Women&#8217;s Clothing &amp; Women&#8217;s <a style=\"font-weight: normal !important;\" title=\"Moda pentru femei\" href=\"https:\/\/www.parlor.ro\/ro\/\">pentru femei<\/a>. <i style=\"font-style: normal !important;\">Crea\u021biile Parlor<\/i> de <i style=\"font-style: normal !important;\">Veronica Zaharia<\/i>.#ConsciousDesign este nucleul brandului nostru. El se traduce prin reinterpretarea celor mai bine v\u00e2ndute modele ale noastre, evit\u00e2nd astfel producerea de\u0219eurilor in exces. Cum arat\u0103 rochia ta de vis? R\u0103sfoi\u021bi rochiile noastre pentru femei <a style=\"font-weight: normal !important;\" title=\"Parlor Shop\" href=\"https:\/\/www.parlor.ro\/ro\/magazin\/\">Parlor Shop<\/a> (pantaloni, rochii, jachete, <a style=\"font-weight: normal !important;\" title=\"designer overall\" href=\"https:\/\/www.parlor.ro\/ro\/categorie-produs\/i-%e2%99%a5-salon\/per-total\/\">per total<\/a>, topuri) \u0219i g\u0103se\u0219te-\u021bi rochia ACUM! Sau vizita\u021bi showroom-ul nostru pentru a v\u0103 g\u0103si rochia perfect\u0103 \/ suna\u021bi pentru programare la 0747501974! Recomand\u0103ri de cump\u0103r\u0103turi pentru tine: <a style=\"font-weight: normal !important;\" title=\"FAIRY DOTS KIMONO SET\" href=\"https:\/\/www.parlor.ro\/ro\/produs\/fairy-dots-kimono-set\/\">FAIRY DOTS KIMONO SET<\/a>, <a style=\"font-weight: normal !important;\" title=\"POLKA DOT KIMONO SET\" href=\"https:\/\/www.parlor.ro\/ro\/produs\/polka-dot-kimono-set\/\">POLKA DOT KIMONO SET<\/a>. Explore all <strong style=\"font-weight: normal !important;\">Kimono Styles<\/strong> here. UP TO 50% OFF Today!<\/p>\n<\/section>","protected":false},"excerpt":{"rendered":"<div><\/div>\n<div>[sales_countdown_timer id=\"salescountdowntimer\"]<\/div>\n<p>The Kimono fits from 34 to 40 FR, it features a loose cut. The length is 130 cm.<\/p>\n<p>The Short fit from 34 to 38 FR, they feature a loose cut.<\/p>\n<p>#MadeinRomania<\/p>\n<p>#FabricatinRomania<\/p>\n<p>We are happy to reveal our designs in our showroom \/ call for appointment 0747501974 .<\/p>\n","protected":false},"featured_media":15577,"template":"","meta":[],"product_brand":[],"product_cat":[97,109],"product_tag":[],"class_list":{"0":"post-15637","1":"product","2":"type-product","3":"status-publish","4":"has-post-thumbnail","6":"product_cat-i--parlor","7":"product_cat-overall","8":"pa_size-one-size","9":"pif-has-gallery","11":"first","12":"instock","13":"sale","14":"shipping-taxable","15":"purchasable","16":"product-type-variable"},"post_mailing_queue_ids":[],"_links":{"self":[{"href":"https:\/\/www.parlor.ro\/ro\/wp-json\/wp\/v2\/product\/15637","targetHints":{"allow":["GET"]}}],"collection":[{"href":"https:\/\/www.parlor.ro\/ro\/wp-json\/wp\/v2\/product"}],"about":[{"href":"https:\/\/www.parlor.ro\/ro\/wp-json\/wp\/v2\/types\/product"}],"wp:featuredmedia":[{"embeddable":true,"href":"https:\/\/www.parlor.ro\/ro\/wp-json\/wp\/v2\/media\/15577"}],"wp:attachment":[{"href":"https:\/\/www.parlor.ro\/ro\/wp-json\/wp\/v2\/media?parent=15637"}],"wp:term":[{"taxonomy":"product_brand","embeddable":true,"href":"https:\/\/www.parlor.ro\/ro\/wp-json\/wp\/v2\/product_brand?post=15637"},{"taxonomy":"product_cat","embeddable":true,"href":"https:\/\/www.parlor.ro\/ro\/wp-json\/wp\/v2\/product_cat?post=15637"},{"taxonomy":"product_tag","embeddable":true,"href":"https:\/\/www.parlor.ro\/ro\/wp-json\/wp\/v2\/product_tag?post=15637"}],"curies":[{"name":"wp","href":"https:\/\/api.w.org\/{rel}","templated":true}]}}