{"id":15686,"date":"2025-10-13T20:40:15","date_gmt":"2025-10-13T17:40:15","guid":{"rendered":"https:\/\/www.parlor.ro\/?post_type=product&#038;p=15686"},"modified":"2026-02-20T12:55:04","modified_gmt":"2026-02-20T09:55:04","slug":"glow-skirt-red","status":"publish","type":"product","link":"https:\/\/www.parlor.ro\/ro\/product\/glow-skirt-red\/","title":{"rendered":"GLOW SKIRT RED"},"content":{"rendered":"<p>100% poliester<\/p>\n<p>100% cotton lining<\/p>\n<p><strong>Sp\u0103lare delicat\u0103 la ma\u0219in\u0103<\/strong><\/p>\n<p>Acest produs este realizat din \u021bes\u0103turi furnizate de produc\u0103tori certifica\u021bi conform standardelor europene.<\/p>\n<p>Imprimeurile sunt realizate cu vopsea ecologic\u0103 OEKO-TEX\u00ae.<\/p>\n<p>Acest produs este testat \u00een atelierul nostru \u0219i nu prezint\u0103 riscuri pentru s\u0103n\u0103tate si siguran\u021ba consumatorului.<\/p>\n<hr style=\"color: #404040; height: 1px;\" \/>\n<section>\n<header><b style=\"text-align: left; font-size: 1.8em;\" title=\"GLOW SKIRT RED - Sexy Women's Bottoms\"><b style=\"font-weight: normal;\">GLOW SKIRT RED &#8211; Sexy Women&#8217;s Bottoms<\/b><\/b><\/header>\n<p><b style=\"font-weight: normal !important;\">GLOW SKIRT RED<\/b> &#8211; <strong style=\"font-weight: normal !important;\">Sexy Women&#8217;s Bottoms<\/strong>. Glow paneled tulle skirt is nothing but glamorous. #MadeinRomania. I Love Parlor | Women&#8217;s Clothing &amp; Women&#8217;s Fashion. Parlor Designs by <a style=\"font-weight: normal !important;\" title=\"Veronica Zaharia\" href=\"https:\/\/www.parlor.ro\/ro\/\">Veronica Zaharia<\/a>. #ConsciousDesign este nucleul brandului nostru. El se traduce prin reinterpretarea celor mai bine v\u00e2ndute modele ale noastre, evit\u00e2nd astfel producerea de\u0219eurilor in exces. Rochiile noastre sunt atemporale, usor de purtat, potrivite at\u00e2t ziua c\u00e2t si seara . <strong style=\"font-weight: normal !important;\">dream skirt<\/strong> R\u0103sfoi\u021bi rochiile noastre pentru femei <a style=\"font-weight: normal !important;\" title=\"Skirts Shop\" href=\"https:\/\/www.parlor.ro\/ro\/magazin\/\">Parlor Shop<\/a> (<a style=\"font-weight: normal !important;\" title=\"Pantaloni de dam\u0103\" href=\"https:\/\/www.parlor.ro\/ro\/categorie-produs\/i-%e2%99%a5-salon\/fundurile\/\">pantaloni,<\/a>, dresses, jackets, overall, tops) and find <i style=\"font-style: normal !important;\">your skirt<\/i> ACUM! Sau vizita\u021bi showroom-ul nostru pentru a v\u0103 g\u0103si <i style=\"font-style: normal !important;\">perfect skirt<\/i> \/ suna pentru programare 0747501974! Recomand\u0103ri de cump\u0103r\u0103turi pentru tine: <a style=\"font-weight: normal !important;\" title=\"GLOW SKIRT PINK\" href=\"https:\/\/www.parlor.ro\/ro\/produs\/glow-skirt-pink\/\">GLOW SKIRT PINK<\/a>, <a style=\"font-weight: normal !important;\" title=\"GLOW SKIRT GOLDEN\" href=\"https:\/\/www.parlor.ro\/ro\/produs\/glow-skirt-golden\/\">GLOW SKIRT GOLDEN<\/a>. Discover your next <b style=\"font-weight: normal !important;\">Favorite Skirts<\/b> here! UP TO 50% OFF Today!<\/p>\n<\/section>","protected":false},"excerpt":{"rendered":"[sales_countdown_timer id=\"salescountdowntimer\"]\n<p>Glow paneled tulle skirt is nothing but glamorous.<\/p>\n<p>#MadeinRomania<\/p>\n<p>#FabricatinRomania<\/p>\n<p>We are happy to reveal our designs in our showroom \/ call for appointment 0747501974 .<\/p>\n","protected":false},"featured_media":15581,"template":"","meta":[],"product_brand":[],"product_cat":[100,97],"product_tag":[],"class_list":{"0":"post-15686","1":"product","2":"type-product","3":"status-publish","4":"has-post-thumbnail","6":"product_cat-bottoms","7":"product_cat-i--parlor","8":"pa_size-74","9":"pa_size-75","10":"pa_size-76","11":"pif-has-gallery","13":"first","14":"instock","15":"sale","16":"shipping-taxable","17":"purchasable","18":"product-type-variable"},"post_mailing_queue_ids":[],"_links":{"self":[{"href":"https:\/\/www.parlor.ro\/ro\/wp-json\/wp\/v2\/product\/15686","targetHints":{"allow":["GET"]}}],"collection":[{"href":"https:\/\/www.parlor.ro\/ro\/wp-json\/wp\/v2\/product"}],"about":[{"href":"https:\/\/www.parlor.ro\/ro\/wp-json\/wp\/v2\/types\/product"}],"wp:featuredmedia":[{"embeddable":true,"href":"https:\/\/www.parlor.ro\/ro\/wp-json\/wp\/v2\/media\/15581"}],"wp:attachment":[{"href":"https:\/\/www.parlor.ro\/ro\/wp-json\/wp\/v2\/media?parent=15686"}],"wp:term":[{"taxonomy":"product_brand","embeddable":true,"href":"https:\/\/www.parlor.ro\/ro\/wp-json\/wp\/v2\/product_brand?post=15686"},{"taxonomy":"product_cat","embeddable":true,"href":"https:\/\/www.parlor.ro\/ro\/wp-json\/wp\/v2\/product_cat?post=15686"},{"taxonomy":"product_tag","embeddable":true,"href":"https:\/\/www.parlor.ro\/ro\/wp-json\/wp\/v2\/product_tag?post=15686"}],"curies":[{"name":"wp","href":"https:\/\/api.w.org\/{rel}","templated":true}]}}