{"id":15692,"date":"2025-10-13T20:44:17","date_gmt":"2025-10-13T17:44:17","guid":{"rendered":"https:\/\/www.parlor.ro\/?post_type=product&#038;p=15692"},"modified":"2026-02-20T12:43:19","modified_gmt":"2026-02-20T09:43:19","slug":"glow-skirt-pink","status":"publish","type":"product","link":"https:\/\/www.parlor.ro\/ro\/product\/glow-skirt-pink\/","title":{"rendered":"GLOW SKIRT PINK"},"content":{"rendered":"<p>GLOW SKIRT PINK<\/p>\n<p>100% poliester<\/p>\n<p>100% cotton lining<\/p>\n<p><strong>Sp\u0103lare delicat\u0103 la ma\u0219in\u0103<\/strong><\/p>\n<p>Acest produs este realizat din \u021bes\u0103turi furnizate de produc\u0103tori certifica\u021bi conform standardelor europene.<\/p>\n<p>Imprimeurile sunt realizate cu vopsea ecologic\u0103 OEKO-TEX\u00ae.<\/p>\n<p>Acest produs este testat \u00een atelierul nostru \u0219i nu prezint\u0103 riscuri pentru s\u0103n\u0103tate si siguran\u021ba consumatorului.<\/p>\n<hr style=\"color: #404040; height: 1px;\" \/>\n<section>\n<header><b style=\"text-align: left; font-size: 1.8em;\" title=\"GLOW SKIRT PINK - Romantic Women's Bottoms\"><b style=\"font-weight: normal;\">GLOW SKIRT PINK &#8211; Romantic Women&#8217;s Bottoms<\/b><\/b><\/header>\n<p><b style=\"font-weight: normal !important;\">GLOW SKIRT PINK<\/b> &#8211; <strong style=\"font-weight: normal !important;\">Romantic Women&#8217;s Bottoms<\/strong>. Glow paneled tulle skirt is nothing but glamorous. #FabricatinRomania. <a style=\"font-weight: normal !important;\" title=\"I \u2665 Parlor\" href=\"https:\/\/www.parlor.ro\/ro\/\">I \u2665 Parlor<\/a> | \u00cembr\u0103c\u0103minte pentru femei \u0219i mod\u0103 pentru femei <i style=\"font-style: normal !important;\">Crea\u021biile Parlor<\/i> de <i style=\"font-style: normal !important;\">Veronica Zaharia<\/i>. #ConsciousDesign is the core of our brand. It translates into reinterpreting our best selling items with minimum use of resources. Our dresses are head turning, effortlessly cool and can go from day to evening in an instant. What does <b style=\"font-weight: normal !important;\">your dream skirts look like<\/b>? Browse our Women&#8217;s Dresses <a style=\"font-weight: normal !important;\" title=\"Skirts Shop\" href=\"https:\/\/www.parlor.ro\/ro\/magazin\/\">Parlor Shop<\/a> (<a style=\"font-weight: normal !important;\" title=\"Pantaloni de dam\u0103\" href=\"https:\/\/www.parlor.ro\/ro\/categorie-produs\/i-%e2%99%a5-salon\/fundurile\/\">pantaloni,<\/a>, dresses, jackets, overall, tops) and find your skirt NOW! Or visit our showroom to find your perfect skirt \/ call for appointment 0747501974! Shopping recommendations for you: <a style=\"font-weight: normal !important;\" title=\"GLOW SKIRT GOLDEN\" href=\"https:\/\/www.parlor.ro\/ro\/produs\/glow-skirt-golden\/\">GLOW SKIRT GOLDEN<\/a>, <a style=\"font-weight: normal !important;\" title=\"GLOW SKIRT RED\" href=\"https:\/\/www.parlor.ro\/ro\/produs\/glow-skirt-red\/\">GLOW SKIRT RED<\/a>. <strong style=\"font-weight: normal !important;\">Shop Stylish Skirts<\/strong> online here! UP TO 50% OFF Today!<\/p>\n<\/section>","protected":false},"excerpt":{"rendered":"<p>Glow paneled tulle skirt is nothing but glamorous.<\/p>\n<p>#MadeinRomania<\/p>\n<p>#FabricatinRomania<\/p>\n<p>Suntem incantati sa v\u0103 dezv\u0103luim modelele noastre si \u00een showroom: suna\u021bi pentru programare 0747501974.<\/p>","protected":false},"featured_media":15584,"template":"","meta":[],"product_brand":[],"product_cat":[100,97],"product_tag":[],"class_list":{"0":"post-15692","1":"product","2":"type-product","3":"status-publish","4":"has-post-thumbnail","6":"product_cat-bottoms","7":"product_cat-i--parlor","8":"pa_size-74","9":"pa_size-75","10":"pa_size-76","11":"pif-has-gallery","13":"first","14":"outofstock","15":"shipping-taxable","16":"purchasable","17":"product-type-variable"},"post_mailing_queue_ids":[],"_links":{"self":[{"href":"https:\/\/www.parlor.ro\/ro\/wp-json\/wp\/v2\/product\/15692","targetHints":{"allow":["GET"]}}],"collection":[{"href":"https:\/\/www.parlor.ro\/ro\/wp-json\/wp\/v2\/product"}],"about":[{"href":"https:\/\/www.parlor.ro\/ro\/wp-json\/wp\/v2\/types\/product"}],"wp:featuredmedia":[{"embeddable":true,"href":"https:\/\/www.parlor.ro\/ro\/wp-json\/wp\/v2\/media\/15584"}],"wp:attachment":[{"href":"https:\/\/www.parlor.ro\/ro\/wp-json\/wp\/v2\/media?parent=15692"}],"wp:term":[{"taxonomy":"product_brand","embeddable":true,"href":"https:\/\/www.parlor.ro\/ro\/wp-json\/wp\/v2\/product_brand?post=15692"},{"taxonomy":"product_cat","embeddable":true,"href":"https:\/\/www.parlor.ro\/ro\/wp-json\/wp\/v2\/product_cat?post=15692"},{"taxonomy":"product_tag","embeddable":true,"href":"https:\/\/www.parlor.ro\/ro\/wp-json\/wp\/v2\/product_tag?post=15692"}],"curies":[{"name":"wp","href":"https:\/\/api.w.org\/{rel}","templated":true}]}}