{"id":15696,"date":"2025-10-13T20:46:10","date_gmt":"2025-10-13T17:46:10","guid":{"rendered":"https:\/\/www.parlor.ro\/?post_type=product&#038;p=15696"},"modified":"2026-02-20T12:54:46","modified_gmt":"2026-02-20T09:54:46","slug":"glow-skirt-golden","status":"publish","type":"product","link":"https:\/\/www.parlor.ro\/ro\/product\/glow-skirt-golden\/","title":{"rendered":"GLOW SKIRT GOLDEN"},"content":{"rendered":"<p>GLOW SKIRT GOLDEN<\/p>\n<p>100% poliester<\/p>\n<p>100% cotton lining<\/p>\n<p><strong>Sp\u0103lare delicat\u0103 la ma\u0219in\u0103<\/strong><\/p>\n<p>Acest produs este realizat din \u021bes\u0103turi furnizate de produc\u0103tori certifica\u021bi conform standardelor europene.<\/p>\n<p>Imprimeurile sunt realizate cu vopsea ecologic\u0103 OEKO-TEX\u00ae.<\/p>\n<p>Acest produs este testat \u00een atelierul nostru \u0219i nu prezint\u0103 riscuri pentru s\u0103n\u0103tate si siguran\u021ba consumatorului.<\/p>\n<hr style=\"color: #404040; height: 1px;\" \/>\n<section>\n<header><b style=\"text-align: left; font-size: 1.8em;\" title=\"GLOW SKIRT GOLDEN - Glam Women's Bottoms\"><b style=\"font-weight: normal;\">GLOW SKIRT GOLDEN &#8211; Glam Women&#8217;s Bottoms<\/b><\/b><\/header>\n<p><strong style=\"font-weight: normal !important;\">GLOW SKIRT GOLDEN<\/strong> &#8211; <b style=\"font-weight: normal !important;\">Glam Women&#8217;s Bottoms<\/b>. Glow paneled tulle skirt is nothing but glamorous. #MadeinRomania. I Love Parlor | <a style=\"font-weight: normal !important;\" title=\"\u00cembr\u0103c\u0103minte pentru femei\" href=\"https:\/\/www.parlor.ro\/ro\/\">\u00cembr\u0103c\u0103minte pentru femei<\/a> &amp; Women&#8217;s Fashion. Parlor Designs by Veronica Zaharia. #ConsciousDesign is the core of our brand. It translates into reinterpreting our best selling items with minimum use of resources. Our dresses are head turning, effortlessly cool and can go from day to evening in an instant. What does your <i style=\"font-style: normal !important;\">dream skirt<\/i> R\u0103sfoi\u021bi produsele noastre pentru femei <a style=\"font-weight: normal !important;\" title=\"Skirts Store\" href=\"https:\/\/www.parlor.ro\/ro\/magazin\/\">aici<\/a> (<a style=\"font-weight: normal !important;\" title=\"Fuste\" href=\"https:\/\/www.parlor.ro\/ro\/categorie-produs\/i-%e2%99%a5-salon\/fundurile\/\">pantaloni,<\/a>, dresses, jackets, overall, tops) and find <i style=\"font-style: normal !important;\">jacheta preferat\u0103<\/i> ACUM! Sau vizita\u021bi showroom-ul nostru pentru a v\u0103 g\u0103si <strong style=\"font-weight: normal !important;\">perfect skirt<\/strong> \/ suna pentru programare 0747501974! Recomand\u0103ri de cump\u0103r\u0103turi pentru tine: <a style=\"font-weight: normal !important;\" title=\"GLOW SKIRT PINK\" href=\"https:\/\/www.parlor.ro\/ro\/produs\/glow-skirt-pink\/\">GLOW SKIRT PINK<\/a>, <a style=\"font-weight: normal !important;\" title=\"GLOW SKIRT RED\" href=\"https:\/\/www.parlor.ro\/ro\/produs\/glow-skirt-red\/\">GLOW SKIRT RED<\/a>. Browse here our <b style=\"font-weight: normal !important;\">Premium Skirts<\/b>. P\u00c2N\u0102 LA 50% REDUCERE Azi!<\/p>\n<\/section>","protected":false},"excerpt":{"rendered":"<p>&nbsp;<\/p>\n<p>Glow paneled tulle skirt is nothing but glamorous.<\/p>\n<p>#MadeinRomania<\/p>\n<p>#FabricatinRomania<\/p>\n<p>Suntem incantati sa v\u0103 dezv\u0103luim modelele noastre si \u00een showroom: suna\u021bi pentru programare 0747501974.<\/p>","protected":false},"featured_media":15589,"template":"","meta":[],"product_brand":[],"product_cat":[100,97],"product_tag":[],"class_list":{"0":"post-15696","1":"product","2":"type-product","3":"status-publish","4":"has-post-thumbnail","6":"product_cat-bottoms","7":"product_cat-i--parlor","8":"pa_size-74","9":"pa_size-75","10":"pa_size-76","11":"pif-has-gallery","13":"first","14":"instock","15":"sale","16":"shipping-taxable","17":"purchasable","18":"product-type-variable"},"post_mailing_queue_ids":[],"_links":{"self":[{"href":"https:\/\/www.parlor.ro\/ro\/wp-json\/wp\/v2\/product\/15696","targetHints":{"allow":["GET"]}}],"collection":[{"href":"https:\/\/www.parlor.ro\/ro\/wp-json\/wp\/v2\/product"}],"about":[{"href":"https:\/\/www.parlor.ro\/ro\/wp-json\/wp\/v2\/types\/product"}],"wp:featuredmedia":[{"embeddable":true,"href":"https:\/\/www.parlor.ro\/ro\/wp-json\/wp\/v2\/media\/15589"}],"wp:attachment":[{"href":"https:\/\/www.parlor.ro\/ro\/wp-json\/wp\/v2\/media?parent=15696"}],"wp:term":[{"taxonomy":"product_brand","embeddable":true,"href":"https:\/\/www.parlor.ro\/ro\/wp-json\/wp\/v2\/product_brand?post=15696"},{"taxonomy":"product_cat","embeddable":true,"href":"https:\/\/www.parlor.ro\/ro\/wp-json\/wp\/v2\/product_cat?post=15696"},{"taxonomy":"product_tag","embeddable":true,"href":"https:\/\/www.parlor.ro\/ro\/wp-json\/wp\/v2\/product_tag?post=15696"}],"curies":[{"name":"wp","href":"https:\/\/api.w.org\/{rel}","templated":true}]}}