{"id":15781,"date":"2025-11-06T12:32:33","date_gmt":"2025-11-06T09:32:33","guid":{"rendered":"https:\/\/www.parlor.ro\/?post_type=product&#038;p=15781"},"modified":"2026-05-04T11:20:32","modified_gmt":"2026-05-04T08:20:32","slug":"blushing-confetti-top","status":"publish","type":"product","link":"https:\/\/www.parlor.ro\/ro\/product\/blushing-confetti-top\/","title":{"rendered":"Blushing Confetti Top"},"content":{"rendered":"<p>Blushing Confetti Top<\/p>\n<p>100% bumbac organic<\/p>\n<p>100% cotton poplin ruffle<\/p>\n<p><strong>Sp\u0103lare delicat\u0103 la ma\u0219in\u0103<\/strong><\/p>\n<p>Acest produs este realizat din \u021bes\u0103turi furnizate de produc\u0103tori certifica\u021bi conform standardelor europene.<\/p>\n<p>Imprimeurile sunt realizate cu vopsea ecologic\u0103 OEKO-TEX\u00ae.<\/p>\n<p>Acest produs este testat \u00een atelierul nostru \u0219i nu prezint\u0103 riscuri pentru s\u0103n\u0103tate si siguran\u021ba consumatorului.<\/p>\n<hr style=\"color: #404040; height: 1px;\" \/>\n<section>\n<header><b style=\"text-align: left; font-size: 1.8em;\" title=\"Blushing Confetti Top - Romantic Women's Tops\"><b style=\"font-weight: normal;\">Blushing Confetti Top &#8211; Romantic Women&#8217;s Tops<\/b><\/b><\/header>\n<p><b style=\"font-weight: normal !important;\">Blushing Confetti Top<\/b> &#8211; <b style=\"font-weight: normal !important;\">Topuri romantice pentru femei<\/b>. <strong style=\"font-weight: normal !important;\">Blushing Confetti Top <\/strong> comes in a relaxed shape that\u2019s appliqu\u00e9d with polka dot ruffle detail on the back. <i style=\"font-style: normal !important;\">I \u2665 Parlor<\/i> | <i style=\"font-style: normal !important;\">\u00cembr\u0103c\u0103minte pentru femei<\/i> &amp; <strong style=\"font-weight: normal !important;\">Moda pentru femei<\/strong>. <a style=\"font-weight: normal !important;\" title=\"Crea\u021biile Parlor\" href=\"https:\/\/www.parlor.ro\/ro\/\">Crea\u021biile Parlor<\/a> de Veronica Zaharia. #ConsciousDesign este nucleul brandului nostru. El se traduce prin reinterpretarea celor mai bine v\u00e2ndute modele ale noastre, evit\u00e2nd astfel producerea de\u0219eurilor in exces. Rochiile noastre sunt atemporale, usor de purtat, potrivite at\u00e2t ziua c\u00e2t si seara. Cum arat\u0103 rochia ta de vis? R\u0103sfoi\u021bi crea\u021biile noastre pentru femei <a style=\"font-weight: normal !important;\" title=\"Parlor Shop\" href=\"https:\/\/www.parlor.ro\/ro\/magazin\/\">Parlor Shop<\/a> (pantaloni, rochii, jachete, salopete, <a style=\"font-weight: normal !important;\" title=\"Blaturi de salon\" href=\"https:\/\/www.parlor.ro\/ro\/categorie-produs\/i-%e2%99%a5-salon\/varfuri\/\">topuri<\/a>) \u0219i g\u0103se\u0219te-\u021bi rochia ACUM! Sau vizita\u021bi showroom-ul nostru pentru a v\u0103 g\u0103si rochia perfect\u0103 \/ suna\u021bi pentru programare la 0747501974! Recomand\u0103ri de cump\u0103r\u0103turi pentru tine: <a style=\"font-weight: normal !important;\" title=\"CHARMING TOP\" href=\"https:\/\/www.parlor.ro\/ro\/produs\/charming-top\/\">CHARMING TOP<\/a>, <a style=\"font-weight: normal !important;\" title=\"Maria Top\" href=\"https:\/\/www.parlor.ro\/ro\/produs\/maria-top\/\">Maria Top<\/a>. Super prices today! UP TO 50% OFF Today!<\/p>\n<\/section>","protected":false},"excerpt":{"rendered":"<div>\n[sales_countdown_timer id=\"salescountdowntimer\"]\n<p><span lang=\"EN-US\">Blushing Confetti Top comes in a relaxed shape that&#8217;s appliqu\u00e9d with polka dot ruffle detail on the back.\u00a0<\/span><\/p>\n<\/div>\n<p>#MadeinRomania<\/p>\n<p>#FabricatinRomania<\/p>\n<p>We are happy to reveal our designs in our showroom \/ call for appointment 0747501974 .<\/p>\n","protected":false},"featured_media":15836,"template":"","meta":[],"product_brand":[],"product_cat":[97,141,102],"product_tag":[],"class_list":{"0":"post-15781","1":"product","2":"type-product","3":"status-publish","4":"has-post-thumbnail","6":"product_cat-i--parlor","7":"product_cat-new","8":"product_cat-tops","9":"pa_size-one-size","10":"pif-has-gallery","12":"first","13":"outofstock","14":"shipping-taxable","15":"purchasable","16":"product-type-variable"},"post_mailing_queue_ids":[],"_links":{"self":[{"href":"https:\/\/www.parlor.ro\/ro\/wp-json\/wp\/v2\/product\/15781","targetHints":{"allow":["GET"]}}],"collection":[{"href":"https:\/\/www.parlor.ro\/ro\/wp-json\/wp\/v2\/product"}],"about":[{"href":"https:\/\/www.parlor.ro\/ro\/wp-json\/wp\/v2\/types\/product"}],"wp:featuredmedia":[{"embeddable":true,"href":"https:\/\/www.parlor.ro\/ro\/wp-json\/wp\/v2\/media\/15836"}],"wp:attachment":[{"href":"https:\/\/www.parlor.ro\/ro\/wp-json\/wp\/v2\/media?parent=15781"}],"wp:term":[{"taxonomy":"product_brand","embeddable":true,"href":"https:\/\/www.parlor.ro\/ro\/wp-json\/wp\/v2\/product_brand?post=15781"},{"taxonomy":"product_cat","embeddable":true,"href":"https:\/\/www.parlor.ro\/ro\/wp-json\/wp\/v2\/product_cat?post=15781"},{"taxonomy":"product_tag","embeddable":true,"href":"https:\/\/www.parlor.ro\/ro\/wp-json\/wp\/v2\/product_tag?post=15781"}],"curies":[{"name":"wp","href":"https:\/\/api.w.org\/{rel}","templated":true}]}}