{"id":15783,"date":"2025-11-06T12:01:45","date_gmt":"2025-11-06T09:01:45","guid":{"rendered":"https:\/\/www.parlor.ro\/?post_type=product&#038;p=15783"},"modified":"2026-05-11T12:25:09","modified_gmt":"2026-05-11T09:25:09","slug":"oreo-sprinkle-top","status":"publish","type":"product","link":"https:\/\/www.parlor.ro\/ro\/product\/oreo-sprinkle-top\/","title":{"rendered":"Oreo Sprinkle Top"},"content":{"rendered":"<p>100% bumbac organic<\/p>\n<p>100% cotton poplin ruffle<\/p>\n<p><strong>Sp\u0103lare delicat\u0103 la ma\u0219in\u0103<\/strong><\/p>\n<p>Acest produs este realizat din \u021bes\u0103turi furnizate de produc\u0103tori certifica\u021bi conform standardelor europene.<\/p>\n<p>Imprimeurile sunt realizate cu vopsea ecologic\u0103 OEKO-TEX\u00ae.<\/p>\n<p>Acest produs este testat \u00een atelierul nostru \u0219i nu prezint\u0103 riscuri pentru s\u0103n\u0103tate si siguran\u021ba consumatorului.<\/p>\n<hr style=\"color: #404040; height: 1px;\" \/>\n<section>\n<header><b style=\"text-align: left; font-size: 1.8em;\" title=\"Oreo Sprinkle Top - Exclusive Women's Tops\"><b style=\"font-weight: normal;\">Oreo Sprinkle Top &#8211; Exclusive Women&#8217;s Tops<\/b><\/b><\/header>\n<p><b style=\"font-weight: normal !important;\">Oreo Sprinkle Top<\/b> &#8211; <b style=\"font-weight: normal !important;\">Topuri exclusiviste pentru femei<\/b>. <strong style=\"font-weight: normal !important;\">Oreo Sprinkle Top<\/strong> comes in a relaxed shape that\u2019s appliqu\u00e9d with polka dot ruffle detail on the back. I Love Parlor | Women&#8217;s Clothing &amp; Women&#8217;s Fashion. <a style=\"font-weight: normal !important;\" title=\"Crea\u021biile Parlor\" href=\"https:\/\/www.parlor.ro\/ro\/\">Crea\u021biile Parlor<\/a> de Veronica Zaharia. #ConsciousDesign este nucleul m\u0103rcii noastre. Se traduce prin reinterpretarea articolelor noastre cele mai v\u00e2ndute cu o utilizare minim\u0103 a resurselor. Rochiile noastre sunt atemporale, usor de purtat, potrivite at\u00e2t ziua c\u00e2t si seara . <i style=\"font-style: normal !important;\">dream tops<\/i> R\u0103sfoi\u021bi rochiile noastre pentru femei <a style=\"font-weight: normal !important;\" title=\"aici\" href=\"https:\/\/www.parlor.ro\/ro\/magazin\/\">aici<\/a> (pantaloni, rochii, jachete, salopete, <a style=\"font-weight: normal !important;\" title=\"topuri\" href=\"https:\/\/www.parlor.ro\/ro\/categorie-produs\/i-%e2%99%a5-salon\/varfuri\/\">topuri<\/a>) and find your top NOW! Or visit our showroom to find your <i style=\"font-style: normal !important;\">perfect tops<\/i> \/ suna pentru programare 0747501974! Recomand\u0103ri de cump\u0103r\u0103turi pentru tine: <a style=\"font-weight: normal !important;\" title=\"Midnight Bloom Top\" href=\"https:\/\/www.parlor.ro\/ro\/produs\/mignight-bloom-top\/\">Midnight Bloom Top<\/a>, <a style=\"font-weight: normal !important;\" title=\"Blushing Confetti Top\" href=\"https:\/\/www.parlor.ro\/ro\/produs\/blushing-confetti-top\/\">Blushing Confetti Top<\/a>. <strong style=\"font-weight: normal !important;\">Buy tops<\/strong> here! UP TO 50% OFF Today!<\/p>\n<\/section>","protected":false},"excerpt":{"rendered":"<div>\n[sales_countdown_timer id=\"salescountdowntimer\"]\n<p class=\"ds-markdown-paragraph\">Oreo Sprinkle Top comes in a relaxed shape that&#8217;s appliqu\u00e9d with polka dot ruffle detail on the back.<\/p>\n<\/div>\n<p>#MadeinRomania<\/p>\n<p>#FabricatinRomania<\/p>\n<p>We are happy to reveal our designs in our showroom \/ call for appointment 0747501974 .<\/p>\n","protected":false},"featured_media":15839,"template":"","meta":[],"product_brand":[],"product_cat":[97,141,102],"product_tag":[],"class_list":{"0":"post-15783","1":"product","2":"type-product","3":"status-publish","4":"has-post-thumbnail","6":"product_cat-i--parlor","7":"product_cat-new","8":"product_cat-tops","9":"pa_size-one-size","10":"pif-has-gallery","12":"first","13":"instock","14":"shipping-taxable","15":"purchasable","16":"product-type-variable"},"post_mailing_queue_ids":[],"_links":{"self":[{"href":"https:\/\/www.parlor.ro\/ro\/wp-json\/wp\/v2\/product\/15783","targetHints":{"allow":["GET"]}}],"collection":[{"href":"https:\/\/www.parlor.ro\/ro\/wp-json\/wp\/v2\/product"}],"about":[{"href":"https:\/\/www.parlor.ro\/ro\/wp-json\/wp\/v2\/types\/product"}],"wp:featuredmedia":[{"embeddable":true,"href":"https:\/\/www.parlor.ro\/ro\/wp-json\/wp\/v2\/media\/15839"}],"wp:attachment":[{"href":"https:\/\/www.parlor.ro\/ro\/wp-json\/wp\/v2\/media?parent=15783"}],"wp:term":[{"taxonomy":"product_brand","embeddable":true,"href":"https:\/\/www.parlor.ro\/ro\/wp-json\/wp\/v2\/product_brand?post=15783"},{"taxonomy":"product_cat","embeddable":true,"href":"https:\/\/www.parlor.ro\/ro\/wp-json\/wp\/v2\/product_cat?post=15783"},{"taxonomy":"product_tag","embeddable":true,"href":"https:\/\/www.parlor.ro\/ro\/wp-json\/wp\/v2\/product_tag?post=15783"}],"curies":[{"name":"wp","href":"https:\/\/api.w.org\/{rel}","templated":true}]}}