{"id":15806,"date":"2025-11-06T12:38:20","date_gmt":"2025-11-06T09:38:20","guid":{"rendered":"https:\/\/www.parlor.ro\/?post_type=product&#038;p=15806"},"modified":"2026-05-11T10:16:03","modified_gmt":"2026-05-11T07:16:03","slug":"precious-top","status":"publish","type":"product","link":"https:\/\/www.parlor.ro\/ro\/product\/precious-top\/","title":{"rendered":"Precious Top"},"content":{"rendered":"<p>Precious Top<\/p>\n<p>98% bumbac, 2% elastan<\/p>\n<p>100% broderie din poliester<\/p>\n<p><strong>Sp\u0103lare delicat\u0103 la ma\u0219in\u0103<\/strong><\/p>\n<p>Acest produs este realizat din \u021bes\u0103turi furnizate de produc\u0103tori certifica\u021bi conform standardelor europene.<\/p>\n<p>Imprimeurile sunt realizate cu vopsea ecologic\u0103 OEKO-TEX\u00ae.<\/p>\n<p>Acest produs este testat \u00een atelierul nostru \u0219i nu prezint\u0103 riscuri pentru s\u0103n\u0103tate si siguran\u021ba consumatorului.<\/p>\n<hr style=\"color: #404040; height: 1px;\" \/>\n<section>\n<header><b style=\"text-align: left; font-size: 1.8em;\" title=\"Precious Top - Designer Women's Tops\"><b style=\"font-weight: normal;\">Precious Top &#8211; Designer Women&#8217;s Tops<\/b><\/b><\/header>\n<p><b style=\"font-weight: normal !important;\">Precious Top<\/b> &#8211; <b style=\"font-weight: normal !important;\">Topuri de dam\u0103 de designer<\/b>. <strong style=\"font-weight: normal !important;\">Precious Top<\/strong> comes in a relaxed shape that\u2019s appliqu\u00e9d with stripes of embroidery for a glam touch. I Love Parlor | <a style=\"font-weight: normal !important;\" title=\"\u00cembr\u0103c\u0103minte pentru femei\" href=\"https:\/\/www.parlor.ro\/ro\/\">\u00cembr\u0103c\u0103minte pentru femei<\/a> &amp; Moda pentru femei. <strong style=\"font-weight: normal !important;\">Crea\u021biile Parlor<\/strong> de <i style=\"font-style: normal !important;\">Veronica Zaharia<\/i>.#ConsciousDesign este nucleul brandului nostru. El se traduce prin reinterpretarea celor mai bine v\u00e2ndute modele ale noastre, evit\u00e2nd astfel producerea de\u0219eurilor in exces. Cum arat\u0103 rochia ta de vis? R\u0103sfoi\u021bi rochiile noastre pentru femei <a style=\"font-weight: normal !important;\" title=\"Fashion Shop\" href=\"https:\/\/www.parlor.ro\/ro\/magazin\/\">Parlor Shop<\/a> (pantaloni, rochii, jachete, salopete, <a style=\"font-weight: normal !important;\" title=\"Women's tops\" href=\"https:\/\/www.parlor.ro\/ro\/categorie-produs\/i-%e2%99%a5-salon\/varfuri\/\">topuri<\/a>) and find your dress NOW! Or visit <i style=\"font-style: normal !important;\">our showroom<\/i> pentru a g\u0103si rochia perfecta \/ suna pentru programare 0747501974! Recomand\u0103ri pentru tine: <a style=\"font-weight: normal !important;\" title=\"Blushing Confetti Top\" href=\"https:\/\/www.parlor.ro\/ro\/produs\/blushing-confetti-top\/\">Blushing Confetti Top<\/a>, <a style=\"font-weight: normal !important;\" title=\"Midnight Bloom Top\" href=\"https:\/\/www.parlor.ro\/ro\/produs\/midnight-bloom-top\/\">Midnight Bloom Top<\/a>. Amazing price today! UP TO 50% OFF Today!<\/p>\n<\/section>","protected":false},"excerpt":{"rendered":"<div>\n[sales_countdown_timer id=\"salescountdowntimer\"]\n<p class=\"ds-markdown-paragraph\">Precious Top comes in a relaxed shape that&#8217;s appliqu\u00e9d with stripes of embroidery for a glam touch.<\/p>\n<p class=\"ds-markdown-paragraph\">#MadeinRomania<\/p>\n<\/div>\n<p>#FabricatinRomania<\/p>\n<p>We are happy to reveal our designs in our showroom \/ call for appointment 0747501974 .<\/p>\n","protected":false},"featured_media":15831,"template":"","meta":[],"product_brand":[],"product_cat":[97,141,102],"product_tag":[],"class_list":{"0":"post-15806","1":"product","2":"type-product","3":"status-publish","4":"has-post-thumbnail","6":"product_cat-i--parlor","7":"product_cat-new","8":"product_cat-tops","9":"pa_size-one-size","10":"pif-has-gallery","12":"first","13":"instock","14":"shipping-taxable","15":"purchasable","16":"product-type-variable"},"post_mailing_queue_ids":[],"_links":{"self":[{"href":"https:\/\/www.parlor.ro\/ro\/wp-json\/wp\/v2\/product\/15806","targetHints":{"allow":["GET"]}}],"collection":[{"href":"https:\/\/www.parlor.ro\/ro\/wp-json\/wp\/v2\/product"}],"about":[{"href":"https:\/\/www.parlor.ro\/ro\/wp-json\/wp\/v2\/types\/product"}],"wp:featuredmedia":[{"embeddable":true,"href":"https:\/\/www.parlor.ro\/ro\/wp-json\/wp\/v2\/media\/15831"}],"wp:attachment":[{"href":"https:\/\/www.parlor.ro\/ro\/wp-json\/wp\/v2\/media?parent=15806"}],"wp:term":[{"taxonomy":"product_brand","embeddable":true,"href":"https:\/\/www.parlor.ro\/ro\/wp-json\/wp\/v2\/product_brand?post=15806"},{"taxonomy":"product_cat","embeddable":true,"href":"https:\/\/www.parlor.ro\/ro\/wp-json\/wp\/v2\/product_cat?post=15806"},{"taxonomy":"product_tag","embeddable":true,"href":"https:\/\/www.parlor.ro\/ro\/wp-json\/wp\/v2\/product_tag?post=15806"}],"curies":[{"name":"wp","href":"https:\/\/api.w.org\/{rel}","templated":true}]}}