{"id":15929,"date":"2026-01-06T17:56:40","date_gmt":"2026-01-06T14:56:40","guid":{"rendered":"https:\/\/www.parlor.ro\/?post_type=product&#038;p=15929"},"modified":"2026-04-15T10:14:42","modified_gmt":"2026-04-15T07:14:42","slug":"shell-skirt-ivory","status":"publish","type":"product","link":"https:\/\/www.parlor.ro\/ro\/product\/shell-skirt-ivory\/","title":{"rendered":"Shell Skirt Ivory"},"content":{"rendered":"<p>Shell Skirt Ivory<\/p>\n<p>100% poliester deadstock<\/p>\n<p><strong>Cur\u0103\u021bare uscat\u0103<\/strong><\/p>\n<p>Acest produs este realizat din \u021bes\u0103turi furnizate de produc\u0103tori certifica\u021bi conform standardelor europene.<\/p>\n<p>Imprimeurile sunt realizate cu vopsea ecologic\u0103 OEKO-TEX\u00ae.<\/p>\n<p>Acest produs este testat \u00een atelierul nostru \u0219i nu prezint\u0103 riscuri pentru s\u0103n\u0103tate si siguran\u021ba consumatorului.<\/p>\n<hr style=\"color: #404040; height: 1px;\" \/>\n<section>\n<header><b style=\"text-align: left; font-size: 1.8em;\" title=\"Shell Skirt Ivory - Luxury Women's Bottoms\"><b style=\"font-weight: normal;\">Shell Skirt Ivory &#8211; Luxury Women&#8217;s Bottoms<\/b><\/b><\/header>\n<p><b style=\"font-weight: normal !important;\">Shell Skirt Ivory<\/b> &#8211; <strong style=\"font-weight: normal !important;\">Luxury Women&#8217;s Bottoms<\/strong>. Shell skirt is sleek and stylish with a dash of hand pleates and a twist waist detail. <a style=\"font-weight: normal !important;\" title=\"I \u2665 Parlor\" href=\"https:\/\/www.parlor.ro\/ro\/\">I \u2665 Parlor<\/a> | Women&#8217;s Clothing &amp; Women&#8217;s Fashion. Parlor Designs by Veronica Zaharia. #ConsciousDesign is the core of our brand. It translates into reinterpreting our best selling items with minimum use of resources. Our dresses are head turning, effortlessly cool and can go from day to evening in an instant. What does <i style=\"font-style: normal !important;\">your dream skirt<\/i> R\u0103sfoi\u021bi rochiile noastre pentru femei <a style=\"font-weight: normal !important;\" title=\"Luxury Shop\" href=\"https:\/\/www.parlor.ro\/ro\/magazin\/\">Parlor Shop<\/a> (<a style=\"font-weight: normal !important;\" title=\"Luxury Bottoms\" href=\"https:\/\/www.parlor.ro\/ro\/categorie-produs\/i-%e2%99%a5-salon\/fundurile\/\">pantaloni,<\/a>, dresses, jackets, overall, tops) and <b style=\"font-weight: normal !important;\">find your skirt<\/b> NOW! Or visit our showroom to find <i style=\"font-style: normal !important;\">your perfect skirt<\/i> \/ suna pentru programare 0747501974! Recomand\u0103ri de cump\u0103r\u0103turi pentru tine: <a style=\"font-weight: normal !important;\" title=\"Shell Skirt Black\" href=\"https:\/\/www.parlor.ro\/ro\/produs\/shell-skirt-black\/\">Shell Skirt Black<\/a>, <a style=\"font-weight: normal !important;\" title=\"GLOW SKIRT RED\" href=\"https:\/\/www.parlor.ro\/ro\/produs\/glow-skirt-red\/\">GLOW SKIRT RED<\/a>. Browse our <strong style=\"font-weight: normal !important;\">Premium Skirts<\/strong>! UP TO 50% OFF Today!<\/p>\n<\/section>","protected":false},"excerpt":{"rendered":"<p>Shell skirt is sleek and stylish with a dash of hand pleates and a twist waist detail.<\/p>\n<p>#MadeinRomania<\/p>\n<p>#FabricatinRomania<\/p>\n<p>Suntem incantati sa v\u0103 dezv\u0103luim modelele noastre si \u00een showroom: suna\u021bi pentru programare 0747501974.<\/p>\n<p><a href=\"https:\/\/www.parlor.ro\/wp-content\/uploads\/size-chart.jpg\">VEZI TABELUL M\u0102RIMILOR<\/a><\/p>","protected":false},"featured_media":16066,"template":"","meta":[],"product_brand":[],"product_cat":[100,97,141],"product_tag":[],"class_list":{"0":"post-15929","1":"product","2":"type-product","3":"status-publish","4":"has-post-thumbnail","6":"product_cat-bottoms","7":"product_cat-i--parlor","8":"product_cat-new","9":"pa_size-124","10":"pa_size-74","11":"pa_size-75","12":"pif-has-gallery","14":"first","15":"instock","16":"shipping-taxable","17":"purchasable","18":"product-type-variable"},"post_mailing_queue_ids":[],"_links":{"self":[{"href":"https:\/\/www.parlor.ro\/ro\/wp-json\/wp\/v2\/product\/15929","targetHints":{"allow":["GET"]}}],"collection":[{"href":"https:\/\/www.parlor.ro\/ro\/wp-json\/wp\/v2\/product"}],"about":[{"href":"https:\/\/www.parlor.ro\/ro\/wp-json\/wp\/v2\/types\/product"}],"wp:featuredmedia":[{"embeddable":true,"href":"https:\/\/www.parlor.ro\/ro\/wp-json\/wp\/v2\/media\/16066"}],"wp:attachment":[{"href":"https:\/\/www.parlor.ro\/ro\/wp-json\/wp\/v2\/media?parent=15929"}],"wp:term":[{"taxonomy":"product_brand","embeddable":true,"href":"https:\/\/www.parlor.ro\/ro\/wp-json\/wp\/v2\/product_brand?post=15929"},{"taxonomy":"product_cat","embeddable":true,"href":"https:\/\/www.parlor.ro\/ro\/wp-json\/wp\/v2\/product_cat?post=15929"},{"taxonomy":"product_tag","embeddable":true,"href":"https:\/\/www.parlor.ro\/ro\/wp-json\/wp\/v2\/product_tag?post=15929"}],"curies":[{"name":"wp","href":"https:\/\/api.w.org\/{rel}","templated":true}]}}