{"id":15945,"date":"2026-01-06T16:54:58","date_gmt":"2026-01-06T13:54:58","guid":{"rendered":"https:\/\/www.parlor.ro\/?post_type=product&#038;p=15945"},"modified":"2026-04-06T16:58:07","modified_gmt":"2026-04-06T13:58:07","slug":"olive-grace-coat","status":"publish","type":"product","link":"https:\/\/www.parlor.ro\/ro\/product\/olive-grace-coat\/","title":{"rendered":"Olive Grace Coat"},"content":{"rendered":"<p>Olive Grace Coat<\/p>\n<p>100% polyester fur<\/p>\n<p><strong>Cur\u0103\u021bare uscat\u0103<\/strong><\/p>\n<p>Acest produs este realizat din \u021bes\u0103turi furnizate de produc\u0103tori certifica\u021bi conform standardelor europene.<\/p>\n<p>Imprimeurile sunt realizate cu vopsea ecologic\u0103 OEKO-TEX\u00ae.<\/p>\n<p>Acest produs este testat \u00een atelierul nostru \u0219i nu prezint\u0103 riscuri pentru s\u0103n\u0103tate si siguran\u021ba consumatorului.<\/p>\n<hr style=\"color: #404040; height: 1px;\" \/>\n<section>\n<header><b style=\"text-align: left; font-size: 1.8em;\" title=\"Olive Grace Coat - Exclusive Women's Jackets\"><b style=\"font-weight: normal;\">Olive Grace Coat &#8211; Exclusive Women&#8217;s Jackets<\/b><\/b><\/header>\n<p><b style=\"font-weight: normal !important;\">Olive Grace Coat<\/b> &#8211; <b style=\"font-weight: normal !important;\">Exclusive Women&#8217;s Jackets<\/b>. It\u2019s faux fur and 100% natural self! #MadeinRomania #FabricatinRomania. I Love Parlor | Women&#8217;s Clothing &amp; <a style=\"font-weight: normal !important;\" title=\"Moda pentru femei\" href=\"https:\/\/www.parlor.ro\/ro\/\">Moda pentru femei<\/a>Designuri de salon de Veronica Zaharia. #ConsciousDesign este nucleul brandului nostru. Se traduce prin reinterpretarea articolelor noastre cele mai bine v\u00e2ndute cu un consum minim de resurse. Rochiile noastre atrage toate privirile, sunt cool f\u0103r\u0103 efort \u0219i pot fi purtate instantaneu de la o zi la alta. Ce \u00eenseamn\u0103... <strong style=\"font-weight: normal !important;\">dream coat<\/strong> R\u0103sfoi\u021bi rochiile noastre pentru femei <a style=\"font-weight: normal !important;\" title=\"Parlor Shop\" href=\"https:\/\/www.parlor.ro\/ro\/magazin\/\">Parlor Shop<\/a> (pantaloni scur\u021bi, rochii, <a style=\"font-weight: normal !important;\" title=\"Women's Jacket\" href=\"https:\/\/www.parlor.ro\/ro\/categorie-produs\/i-%e2%99%a5-salon\/jachete\/\">jachete<\/a>, overall, tops) and <i style=\"font-style: normal !important;\">find your coat <\/i> ACUM! Sau vizita\u021bi showroom-ul nostru pentru a v\u0103 g\u0103si <strong style=\"font-weight: normal !important;\">jacheta preferat\u0103<\/strong> \/ suna pentru programare 0747501974! Recomand\u0103ri de cump\u0103r\u0103turi pentru tine: <a style=\"font-weight: normal !important;\" title=\"Pink Love Coat\" href=\"https:\/\/www.parlor.ro\/ro\/produs\/pink-love-coat\/\">Pink Love Coat<\/a>, <a style=\"font-weight: normal !important;\" title=\"PRECIOUS JACKET\" href=\"https:\/\/www.parlor.ro\/ro\/produs\/precious-jacket\/\">PRECIOUS JACKET<\/a>. Shop your <i style=\"font-style: normal !important;\">ideal jacket<\/i> Now! UP TO 50% OFF Today!<\/p>\n<\/section>","protected":false},"excerpt":{"rendered":"[sales_countdown_timer id=\"salescountdowntimer\"]\n<p>When do you feel most comfortable? Think about such a moment because we might have the right coat for it.<\/p>\n<p>It\u2019s faux fur and 100% natural self!<\/p>\n<p>&nbsp;<\/p>\n<p>#MadeinRomania<\/p>\n<p>#FabricatinRomania<\/p>\n<p>We are happy to reveal our designs in our showroom \/ call for appointment 0747501974 .<\/p>\n","protected":false},"featured_media":16058,"template":"","meta":[],"product_brand":[],"product_cat":[97,98,141],"product_tag":[],"class_list":{"0":"post-15945","1":"product","2":"type-product","3":"status-publish","4":"has-post-thumbnail","6":"product_cat-i--parlor","7":"product_cat-jackets","8":"product_cat-new","9":"pa_size-one-size","10":"pif-has-gallery","12":"first","13":"instock","14":"sale","15":"shipping-taxable","16":"purchasable","17":"product-type-variable"},"post_mailing_queue_ids":[],"_links":{"self":[{"href":"https:\/\/www.parlor.ro\/ro\/wp-json\/wp\/v2\/product\/15945","targetHints":{"allow":["GET"]}}],"collection":[{"href":"https:\/\/www.parlor.ro\/ro\/wp-json\/wp\/v2\/product"}],"about":[{"href":"https:\/\/www.parlor.ro\/ro\/wp-json\/wp\/v2\/types\/product"}],"wp:featuredmedia":[{"embeddable":true,"href":"https:\/\/www.parlor.ro\/ro\/wp-json\/wp\/v2\/media\/16058"}],"wp:attachment":[{"href":"https:\/\/www.parlor.ro\/ro\/wp-json\/wp\/v2\/media?parent=15945"}],"wp:term":[{"taxonomy":"product_brand","embeddable":true,"href":"https:\/\/www.parlor.ro\/ro\/wp-json\/wp\/v2\/product_brand?post=15945"},{"taxonomy":"product_cat","embeddable":true,"href":"https:\/\/www.parlor.ro\/ro\/wp-json\/wp\/v2\/product_cat?post=15945"},{"taxonomy":"product_tag","embeddable":true,"href":"https:\/\/www.parlor.ro\/ro\/wp-json\/wp\/v2\/product_tag?post=15945"}],"curies":[{"name":"wp","href":"https:\/\/api.w.org\/{rel}","templated":true}]}}