{"id":16096,"date":"2026-02-19T14:08:23","date_gmt":"2026-02-19T11:08:23","guid":{"rendered":"https:\/\/www.parlor.ro\/?post_type=product&#038;p=16096"},"modified":"2026-04-15T10:14:42","modified_gmt":"2026-04-15T07:14:42","slug":"ivory-structure-corset","status":"publish","type":"product","link":"https:\/\/www.parlor.ro\/ro\/product\/ivory-structure-corset\/","title":{"rendered":"Ivory Structure Corset"},"content":{"rendered":"<p>100% tafta din poliester<\/p>\n<p><strong>Cur\u0103\u021bare uscat\u0103<\/strong><\/p>\n<div>\n<p>Acest produs este realizat din \u021bes\u0103turi furnizate de produc\u0103tori certifica\u021bi conform standardelor europene.<\/p>\n<p>Imprimeurile sunt realizate cu vopsea ecologic\u0103 OEKO-TEX\u00ae.<\/p>\n<p>Acest produs este testat \u00een atelierul nostru \u0219i nu prezint\u0103 riscuri pentru s\u0103n\u0103tate si siguran\u021ba consumatorului.<\/p>\n<\/div>","protected":false},"excerpt":{"rendered":"<p>The ivory mikado corset is designed to sculpt the waist and define the silhouette through a clean architectural line. The subtle sweetheart neckline and slightly elongated base create elegantcproportions and a sophisticated presence.cThe lace-up back closure allows perfect adjustment and enhances the couture character of the piece.<br \/>\nStructured ivory mikado with a refined finish.<\/p>\n<div>\n<p class=\"ds-markdown-paragraph\">#MadeinRomania<\/p>\n<\/div>\n<p>#FabricatinRomania<\/p>\n<p>We are happy to reveal our designs in our showroom \/ call for appointment 0747501974<\/p>","protected":false},"featured_media":16100,"template":"","meta":[],"product_brand":[],"product_cat":[97,141,102],"product_tag":[],"class_list":{"0":"post-16096","1":"product","2":"type-product","3":"status-publish","4":"has-post-thumbnail","6":"product_cat-i--parlor","7":"product_cat-new","8":"product_cat-tops","9":"pa_size-74","10":"pa_size-75","11":"pif-has-gallery","13":"first","14":"instock","15":"featured","16":"shipping-taxable","17":"purchasable","18":"product-type-variable"},"post_mailing_queue_ids":[],"_links":{"self":[{"href":"https:\/\/www.parlor.ro\/ro\/wp-json\/wp\/v2\/product\/16096","targetHints":{"allow":["GET"]}}],"collection":[{"href":"https:\/\/www.parlor.ro\/ro\/wp-json\/wp\/v2\/product"}],"about":[{"href":"https:\/\/www.parlor.ro\/ro\/wp-json\/wp\/v2\/types\/product"}],"wp:featuredmedia":[{"embeddable":true,"href":"https:\/\/www.parlor.ro\/ro\/wp-json\/wp\/v2\/media\/16100"}],"wp:attachment":[{"href":"https:\/\/www.parlor.ro\/ro\/wp-json\/wp\/v2\/media?parent=16096"}],"wp:term":[{"taxonomy":"product_brand","embeddable":true,"href":"https:\/\/www.parlor.ro\/ro\/wp-json\/wp\/v2\/product_brand?post=16096"},{"taxonomy":"product_cat","embeddable":true,"href":"https:\/\/www.parlor.ro\/ro\/wp-json\/wp\/v2\/product_cat?post=16096"},{"taxonomy":"product_tag","embeddable":true,"href":"https:\/\/www.parlor.ro\/ro\/wp-json\/wp\/v2\/product_tag?post=16096"}],"curies":[{"name":"wp","href":"https:\/\/api.w.org\/{rel}","templated":true}]}}