{"id":16131,"date":"2026-02-19T15:46:21","date_gmt":"2026-02-19T12:46:21","guid":{"rendered":"https:\/\/www.parlor.ro\/?post_type=product&#038;p=16131"},"modified":"2026-04-15T10:14:42","modified_gmt":"2026-04-15T07:14:42","slug":"liquid-light-gown","status":"publish","type":"product","link":"https:\/\/www.parlor.ro\/ro\/product\/liquid-light-gown\/","title":{"rendered":"Liquid Light Gown"},"content":{"rendered":"<div>\n<p>100% m\u0103tase<\/p>\n<p>100% cotton lining.<\/p>\n<\/div>\n<p><strong>Cur\u0103\u021bare uscat\u0103<\/strong><\/p>\n<p>Acest produs este realizat din \u021bes\u0103turi furnizate de produc\u0103tori certifica\u021bi conform standardelor europene.<\/p>\n<p>Imprimeurile sunt realizate cu vopsea ecologic\u0103 OEKO-TEX\u00ae.<\/p>\n<p>Acest produs este testat \u00een atelierul nostru \u0219i nu prezint\u0103 riscuri pentru s\u0103n\u0103tate si siguran\u021ba consumatorului.<\/p>","protected":false},"excerpt":{"rendered":"<p>The long gown follows the body in an elongated silhouette, with fine straps and a delicate neckline enhanced by slightly raw edges for a modern, effortless feel. Made from silk voile with lurex inserts, the fabric subtly captures light with every movement. Fine cotton lining ensures comfort and balanced transparency.<\/p>\n<div>\n<p class=\"ds-markdown-paragraph\">#MadeinRomania<\/p>\n<\/div>\n<p>#FabricatinRomania<\/p>\n<p>Suntem incantati sa v\u0103 dezv\u0103luim modelele noastre si \u00een showroom: suna\u021bi pentru programare 0747501974.<\/p>","protected":false},"featured_media":16137,"template":"","meta":[],"product_brand":[],"product_cat":[99,97,141],"product_tag":[],"class_list":{"0":"post-16131","1":"product","2":"type-product","3":"status-publish","4":"has-post-thumbnail","6":"product_cat-dresses","7":"product_cat-i--parlor","8":"product_cat-new","9":"pa_size-124","10":"pa_size-74","11":"pa_size-75","12":"pa_size-76","13":"pif-has-gallery","15":"first","16":"instock","17":"shipping-taxable","18":"purchasable","19":"product-type-variable"},"post_mailing_queue_ids":[],"_links":{"self":[{"href":"https:\/\/www.parlor.ro\/ro\/wp-json\/wp\/v2\/product\/16131","targetHints":{"allow":["GET"]}}],"collection":[{"href":"https:\/\/www.parlor.ro\/ro\/wp-json\/wp\/v2\/product"}],"about":[{"href":"https:\/\/www.parlor.ro\/ro\/wp-json\/wp\/v2\/types\/product"}],"wp:featuredmedia":[{"embeddable":true,"href":"https:\/\/www.parlor.ro\/ro\/wp-json\/wp\/v2\/media\/16137"}],"wp:attachment":[{"href":"https:\/\/www.parlor.ro\/ro\/wp-json\/wp\/v2\/media?parent=16131"}],"wp:term":[{"taxonomy":"product_brand","embeddable":true,"href":"https:\/\/www.parlor.ro\/ro\/wp-json\/wp\/v2\/product_brand?post=16131"},{"taxonomy":"product_cat","embeddable":true,"href":"https:\/\/www.parlor.ro\/ro\/wp-json\/wp\/v2\/product_cat?post=16131"},{"taxonomy":"product_tag","embeddable":true,"href":"https:\/\/www.parlor.ro\/ro\/wp-json\/wp\/v2\/product_tag?post=16131"}],"curies":[{"name":"wp","href":"https:\/\/api.w.org\/{rel}","templated":true}]}}