{"id":16193,"date":"2026-02-19T16:47:46","date_gmt":"2026-02-19T13:47:46","guid":{"rendered":"https:\/\/www.parlor.ro\/?post_type=product&#038;p=16193"},"modified":"2026-04-15T10:14:42","modified_gmt":"2026-04-15T07:14:42","slug":"noir-ease-set","status":"publish","type":"product","link":"https:\/\/www.parlor.ro\/ro\/product\/noir-ease-set\/","title":{"rendered":"Noir Ease Set"},"content":{"rendered":"<div>\n<p>75% poliester, 25% poliester reciclat<\/p>\n<p>100% deadstock polyester lace<\/p>\n<div id=\"tab-description\" class=\"woocommerce-Tabs-panel woocommerce-Tabs-panel--description panel entry-content wc-tab\" role=\"tabpanel\" aria-labelledby=\"tab-title-description\">\n<p><strong>Sp\u0103lare delicat\u0103 la ma\u0219in\u0103<\/strong><\/p>\n<\/div>\n<p>Acest produs este realizat din \u021bes\u0103turi furnizate de produc\u0103tori certifica\u021bi conform standardelor europene.<\/p>\n<\/div>\n<p>Imprimeurile sunt realizate cu vopsea ecologic\u0103 OEKO-TEX\u00ae.<\/p>\n<p>Acest produs este testat \u00een atelierul nostru \u0219i nu prezint\u0103 riscuri pentru s\u0103n\u0103tate si siguran\u021ba consumatorului.<\/p>","protected":false},"excerpt":{"rendered":"<div>\n<p>Oversized T-shirt and shorts crafted from fluid, lightly satin fabric with subtle shine. Fine lace trim at the hem of both pieces adds contrast. Elastic waistband for comfort.<\/p>\n<p class=\"ds-markdown-paragraph\">#MadeinRomania<\/p>\n<\/div>\n<p>#FabricatinRomania<\/p>\n<p>Suntem incantati sa v\u0103 dezv\u0103luim modelele noastre si \u00een showroom: suna\u021bi pentru programare 0747501974.<\/p>","protected":false},"featured_media":16197,"template":"","meta":[],"product_brand":[],"product_cat":[97,141,109],"product_tag":[],"class_list":{"0":"post-16193","1":"product","2":"type-product","3":"status-publish","4":"has-post-thumbnail","6":"product_cat-i--parlor","7":"product_cat-new","8":"product_cat-overall","9":"pa_size-m-l","10":"pa_size-s-m","11":"pif-has-gallery","13":"first","14":"instock","15":"featured","16":"shipping-taxable","17":"purchasable","18":"product-type-variable"},"post_mailing_queue_ids":[],"_links":{"self":[{"href":"https:\/\/www.parlor.ro\/ro\/wp-json\/wp\/v2\/product\/16193","targetHints":{"allow":["GET"]}}],"collection":[{"href":"https:\/\/www.parlor.ro\/ro\/wp-json\/wp\/v2\/product"}],"about":[{"href":"https:\/\/www.parlor.ro\/ro\/wp-json\/wp\/v2\/types\/product"}],"wp:featuredmedia":[{"embeddable":true,"href":"https:\/\/www.parlor.ro\/ro\/wp-json\/wp\/v2\/media\/16197"}],"wp:attachment":[{"href":"https:\/\/www.parlor.ro\/ro\/wp-json\/wp\/v2\/media?parent=16193"}],"wp:term":[{"taxonomy":"product_brand","embeddable":true,"href":"https:\/\/www.parlor.ro\/ro\/wp-json\/wp\/v2\/product_brand?post=16193"},{"taxonomy":"product_cat","embeddable":true,"href":"https:\/\/www.parlor.ro\/ro\/wp-json\/wp\/v2\/product_cat?post=16193"},{"taxonomy":"product_tag","embeddable":true,"href":"https:\/\/www.parlor.ro\/ro\/wp-json\/wp\/v2\/product_tag?post=16193"}],"curies":[{"name":"wp","href":"https:\/\/api.w.org\/{rel}","templated":true}]}}