{"id":5780,"date":"2020-09-10T11:55:42","date_gmt":"2020-09-10T11:55:42","guid":{"rendered":"https:\/\/www.parlor.ro\/product\/import-placeholder-for-2020a4\/"},"modified":"2025-10-27T23:31:43","modified_gmt":"2025-10-27T20:31:43","slug":"rochie-zora","status":"publish","type":"product","link":"https:\/\/www.parlor.ro\/ro\/product\/zora-dress\/","title":{"rendered":"Rochie Zora"},"content":{"rendered":"<p>100% in<\/p>\n<p>spalarea manuala<\/p>\n<hr style=\"color:#404040; height: 1px;\" \/>\n<section>\n<header><b style=\"text-align: left; font-size:1.8em;\" title=\"Zora Dress - Chic Women's Dress\" name=\"Zora Dress - Chic Women's Dress\"><b style=\"font-weight: normal;\">Rochie Zora - Rochii Chic pentru Femei<\/b><\/b><\/header>\n<p><strong style=\"font-weight: normal !important;\">Rochie Zora<\/strong> &#8211; <b style=\"font-weight: normal !important;\">Rochie de dam\u0103 chic<\/b>Rochie mini din in gri deschis cu detaliu de volan pe un umar si fusta cu suprapunere de volane. Se inchide cu snur la gat. <i style=\"font-style: normal !important;\">#MadeinRomania<\/i>. #FabricatinRomania. <a style=\"font-weight: normal !important;\" title=\"I \u2665 Parlor\" href=\"https:\/\/www.parlor.ro\/ro\/\">I \u2665 Parlor<\/a> | \u00cembr\u0103c\u0103minte pentru femei \u0219i mod\u0103 pentru femei. Design Parlor de Veronica Zaharia. #ConsciousDesign este nucleul brandului nostru. El se traduce prin reinterpretarea celor mai bine v\u00e2ndute modele ale noastre, evit\u00e2nd astfel producerea de\u0219eurilor in exces. Rochiile noastre sunt atemporale, usor de purtat, potrivite at\u00e2t ziua c\u00e2t si seara . Cum arat\u0103 rochia ta de vis? R\u0103sfoi\u021bi <a style=\"font-weight: normal !important;\" title=\"Rochii de dama\" href=\"https:\/\/www.parlor.ro\/ro\/categorie-produs\/i-%e2%99%a5-salon\/rochii\/\">Rochii de dama<\/a> <a style=\"font-weight: normal !important;\" title=\"Magazin de rochii\" href=\"https:\/\/www.parlor.ro\/ro\/magazin\/\">aici<\/a> (pantaloni, fuste, rochii, jachete, salopete, topuri) \u0219i g\u0103se\u0219te-\u021bi rochia ACUM! Sau vizita\u021bi showroom-ul nostru pentru a v\u0103 g\u0103si rochia perfect\u0103 \/ suna\u021bi pentru programare la 0747501974! Recomand\u0103ri de cump\u0103r\u0103turi pentru tine: <a style=\"font-weight: normal !important;\" title=\"ROCHIE BABY BLUE\" href=\"https:\/\/www.parlor.ro\/ro\/produs\/rochie-albastru-baby\/\">ROCHIE BABY BLUE<\/a>, <a style=\"font-weight: normal !important;\" title=\"ROCHIE VACATION\" href=\"https:\/\/www.parlor.ro\/ro\/produs\/rochie-vacation-2\/\">ROCHIE VACATION<\/a>. P\u00c2N\u0102 LA 50% REDUCERE Azi!<br \/>\n<\/section>","protected":false},"excerpt":{"rendered":"<p>Rochie mini din in gri deschis cu detaliu de volan pe un umar si fusta cu suprapunere de volane. Se inchide cu snur la gat.<\/p>\n<p>&nbsp;<\/p>\n<p>#MADEin ROMANIA<\/p>\n<p>#FABRICATinROMANIA<\/p>","protected":false},"featured_media":6349,"template":"","meta":[],"product_brand":[],"product_cat":[96],"product_tag":[],"class_list":{"0":"post-5780","1":"product","2":"type-product","3":"status-publish","4":"has-post-thumbnail","6":"product_cat-alice-cavaleru-x-i--parlor","7":"pa_size-one-size","8":"pif-has-gallery","10":"first","11":"outofstock","12":"shipping-taxable","13":"purchasable","14":"product-type-variable"},"post_mailing_queue_ids":[],"_links":{"self":[{"href":"https:\/\/www.parlor.ro\/ro\/wp-json\/wp\/v2\/product\/5780","targetHints":{"allow":["GET"]}}],"collection":[{"href":"https:\/\/www.parlor.ro\/ro\/wp-json\/wp\/v2\/product"}],"about":[{"href":"https:\/\/www.parlor.ro\/ro\/wp-json\/wp\/v2\/types\/product"}],"wp:featuredmedia":[{"embeddable":true,"href":"https:\/\/www.parlor.ro\/ro\/wp-json\/wp\/v2\/media\/6349"}],"wp:attachment":[{"href":"https:\/\/www.parlor.ro\/ro\/wp-json\/wp\/v2\/media?parent=5780"}],"wp:term":[{"taxonomy":"product_brand","embeddable":true,"href":"https:\/\/www.parlor.ro\/ro\/wp-json\/wp\/v2\/product_brand?post=5780"},{"taxonomy":"product_cat","embeddable":true,"href":"https:\/\/www.parlor.ro\/ro\/wp-json\/wp\/v2\/product_cat?post=5780"},{"taxonomy":"product_tag","embeddable":true,"href":"https:\/\/www.parlor.ro\/ro\/wp-json\/wp\/v2\/product_tag?post=5780"}],"curies":[{"name":"wp","href":"https:\/\/api.w.org\/{rel}","templated":true}]}}