{"id":5954,"date":"2020-09-10T12:02:17","date_gmt":"2020-09-10T09:02:17","guid":{"rendered":"https:\/\/www.parlor.ro\/product\/import-placeholder-for-4184\/"},"modified":"2025-11-06T04:58:00","modified_gmt":"2025-11-06T01:58:00","slug":"rochie-cleo","status":"publish","type":"product","link":"https:\/\/www.parlor.ro\/ro\/product\/cleo-dress\/","title":{"rendered":"Rochie Cleo"},"content":{"rendered":"<p>100% poliester<\/p>\n<p>100% vascoza<\/p>\n<p><strong>Sp\u0103lare delicat\u0103 la ma\u0219in\u0103<\/strong><\/p>\n<p>Acest produs este realizat din \u021bes\u0103turi furnizate de produc\u0103tori certifica\u021bi conform standardelor europene.<\/p>\n<p>Imprimeurile sunt realizate cu vopsea ecologic\u0103 OEKO-TEX\u00ae.<\/p>\n<p>Acest produs este testat \u00een atelierul nostru \u0219i nu prezint\u0103 riscuri pentru s\u0103n\u0103tate si siguran\u021ba consumatorului.<\/p>\n<hr style=\"color:#404040; height: 1px;\" \/>\n<section>\n<header><b style=\"text-align: left; font-size:1.8em;\" title=\"Cleo Dress - Exclusive Women's Dress\" name=\"Cleo Dress - Exclusive Women's Dress\"><b style=\"font-weight: normal;\">Cleo Dress &#8211; Exclusive Women&#8217;s Dress<\/b><\/b><\/header>\n<p><b style=\"font-weight: normal !important;\">Rochie Cleo<\/b> &#8211; <b style=\"font-weight: normal !important;\">Top exclusiv pentru femei<\/b>Rochie midi neagra, compusa din doua piese: rochie din dantela cu detalii de volane pe bust si cordon in talie si furou negru. Se inchide cu fermoar. <strong style=\"font-weight: normal !important;\">I \u2665 Parlor<\/strong> | \u00cembr\u0103c\u0103minte \u0219i mod\u0103 pentru femei. Salon <a style=\"font-weight: normal !important;\" title=\"Crea\u021biile Parlor\" href=\"https:\/\/www.parlor.ro\/ro\/\">Design<\/a> sunt cel mai simplu mod de a-\u021bi inveseli look-ul de zi cu zi. Rochiile noastre sunt atemporale, usor de purtat, potrivite at\u00e2t ziua c\u00e2t si seara . <a style=\"font-weight: normal !important;\" title=\"Magazin de rochii\" href=\"https:\/\/www.parlor.ro\/ro\/magazin\/\">Magazin de rochii<\/a> (fuste, pantaloni, <a style=\"font-weight: normal !important;\" title=\"Rochii de dama\" href=\"https:\/\/www.parlor.ro\/ro\/categorie-produs\/i-%e2%99%a5-salon\/rochii\/\">rochii<\/a>, jachete, salopet\u0103, topuri) \u0219i g\u0103se\u0219te-\u021bi rochia ACUM! Sau vizita\u021bi showroom-ul nostru pentru a v\u0103 g\u0103si rochia perfect\u0103 \/ suna\u021bi pentru programare la 0747501974! Recomand\u0103ri de cump\u0103r\u0103turi pentru tine: <a style=\"font-weight: normal !important;\" title=\"ROCHIE DAYDREAM\" href=\"https:\/\/www.parlor.ro\/ro\/produs\/rochie-de-vis\/\">ROCHIE DAYDREAM<\/a>, <a style=\"font-weight: normal !important;\" title=\"ROCHIE LILY\" href=\"https:\/\/www.parlor.ro\/ro\/produs\/rochie-lily\/\">ROCHIE LILY<\/a>. P\u00c2N\u0102 LA 50% REDUCERE Azi!<br \/>\n<\/section>","protected":false},"excerpt":{"rendered":"[sales_countdown_timer id=\"salescountdowntimer\"]\n<p>You know that feeling of wanting to dress up on a Monday morning? Here comes Cleo to the resque. We are madly in love with her ruffles.<\/p>\n<p>&nbsp;<\/p>\n<p>#MADEinROMANIA<\/p>\n<p>#FABRICATinROMANIA<\/p>\n<p>&nbsp;<\/p>\n<p><a href=\"https:\/\/www.parlor.ro\/wp-content\/uploads\/2021\/04\/size-_chart-_Parlor.jpg\">View size chart<\/a><\/p>\n","protected":false},"featured_media":6650,"template":"","meta":[],"product_brand":[],"product_cat":[97,99],"product_tag":[],"class_list":{"0":"post-5954","1":"product","2":"type-product","3":"status-publish","4":"has-post-thumbnail","6":"product_cat-i--parlor","7":"product_cat-dresses","8":"pa_item-type-dresses","9":"pa_size-74","10":"pa_size-75","11":"pa_size-sur-mesure","12":"pif-has-gallery","14":"first","15":"outofstock","16":"shipping-taxable","17":"purchasable","18":"product-type-variable"},"post_mailing_queue_ids":[],"_links":{"self":[{"href":"https:\/\/www.parlor.ro\/ro\/wp-json\/wp\/v2\/product\/5954","targetHints":{"allow":["GET"]}}],"collection":[{"href":"https:\/\/www.parlor.ro\/ro\/wp-json\/wp\/v2\/product"}],"about":[{"href":"https:\/\/www.parlor.ro\/ro\/wp-json\/wp\/v2\/types\/product"}],"wp:featuredmedia":[{"embeddable":true,"href":"https:\/\/www.parlor.ro\/ro\/wp-json\/wp\/v2\/media\/6650"}],"wp:attachment":[{"href":"https:\/\/www.parlor.ro\/ro\/wp-json\/wp\/v2\/media?parent=5954"}],"wp:term":[{"taxonomy":"product_brand","embeddable":true,"href":"https:\/\/www.parlor.ro\/ro\/wp-json\/wp\/v2\/product_brand?post=5954"},{"taxonomy":"product_cat","embeddable":true,"href":"https:\/\/www.parlor.ro\/ro\/wp-json\/wp\/v2\/product_cat?post=5954"},{"taxonomy":"product_tag","embeddable":true,"href":"https:\/\/www.parlor.ro\/ro\/wp-json\/wp\/v2\/product_tag?post=5954"}],"curies":[{"name":"wp","href":"https:\/\/api.w.org\/{rel}","templated":true}]}}