{"id":5970,"date":"2020-09-10T12:03:01","date_gmt":"2020-09-10T09:03:01","guid":{"rendered":"https:\/\/www.parlor.ro\/product\/import-placeholder-for-4093\/"},"modified":"2025-10-27T23:21:32","modified_gmt":"2025-10-27T20:21:32","slug":"bluza-lulu","status":"publish","type":"product","link":"https:\/\/www.parlor.ro\/ro\/product\/lulu-blouse\/","title":{"rendered":"Bluza Lulu"},"content":{"rendered":"<p>100% Bumbac<\/p>\n<p><strong>Cur\u0103\u021bare uscat\u0103<\/strong><\/p>\n<p>Acest produs este realizat din \u021bes\u0103turi furnizate de produc\u0103tori certifica\u021bi conform standardelor europene.<\/p>\n<p>Imprimeurile sunt realizate cu vopsea ecologic\u0103 OEKO-TEX\u00ae.<\/p>\n<p>Acest produs este testat \u00een atelierul nostru \u0219i nu prezint\u0103 riscuri pentru s\u0103n\u0103tate si siguran\u021ba consumatorului.<\/p>\n<hr style=\"color:#404040; height: 1px;\" \/>\n<section>\n<header><b style=\"text-align: left; font-size:1.8em;\" title=\"Bluza Lulu - Bluza pentru femei\" name=\"Lulu Blouse - Glamour Women's Blouse\"><b style=\"font-weight: normal;\">Bluza Lulu - Bluze pentru femei<\/b><\/b><\/header>\n<p><strong style=\"font-weight: normal !important;\">Bluza Lulu<\/strong> &#8211; <b style=\"font-weight: normal !important;\">Bluze pentru femei<\/b>Bluza alba, din bumbac, cu detalii de volane la guler si la bust, maneci ample si volan la tiv <a style=\"font-weight: normal !important;\" title=\"#MadeinRomania\" href=\"https:\/\/www.parlor.ro\/ro\/categorie-produs\/vanzare\/\">#MadeinRomania<\/a>. <i style=\"font-style: normal !important;\">#FabricatinRomania<\/i>I \u2665 Parlor | \u00cembr\u0103c\u0103minte pentru femei &amp; Moda pentru femei. <a style=\"font-weight: normal !important;\" title=\"Crea\u021biile Parlor\" href=\"https:\/\/www.parlor.ro\/ro\/\">Parlor<\/a> #ConsciousDesign este nucleul m\u0103rcii noastre. Se traduce prin reinterpretarea articolelor noastre cele mai v\u00e2ndute cu o utilizare minim\u0103 a resurselor. Rochiile noastre sunt atemporale, usor de purtat, potrivite at\u00e2t ziua c\u00e2t si seara. Cum arat\u0103 rochia ta de vis? R\u0103sfoie\u0219te magazinul online I \u2665 Parlor <a style=\"font-weight: normal !important;\" title=\"Magazin de rochii dama\" href=\"https:\/\/www.parlor.ro\/ro\/magazin\/\">Magazin de rochii dama<\/a> (pantaloni, fuste, rochii, jachete, salopete, topuri) \u0219i g\u0103se\u0219te-\u021bi rochia ACUM! Sau vizita\u021bi showroom-ul nostru pentru a v\u0103 g\u0103si rochia perfect\u0103 \/ suna\u021bi pentru programare la 0747501974! Recomand\u0103ri de cump\u0103r\u0103turi pentru tine: <a style=\"font-weight: normal !important;\" title=\"ROCHIE SWEETHEART\" href=\"https:\/\/www.parlor.ro\/ro\/produs\/rochie-iubita-2\/\">ROCHIE SWEETHEART<\/a>, <a style=\"font-weight: normal !important;\" title=\"ROCHIE GRACEFUL\" href=\"https:\/\/www.parlor.ro\/ro\/produs\/rochie-gratioasa-2\/\">ROCHIE GRACEFUL<\/a>. P\u00c2N\u0102 LA 50% REDUCERE Azi!<br \/>\n<\/section>","protected":false},"excerpt":{"rendered":"[sales_countdown_timer id=\"salescountdowntimer\"]\n<p>Cut from cotton-poplin, Lulu blouse is adorned with ruffles and puffed sleeves.<\/p>\n<p>#MadeinRomania<\/p>\n<p>#FabricatinRomania<\/p>\n","protected":false},"featured_media":8768,"template":"","meta":[],"product_brand":[],"product_cat":[104],"product_tag":[],"class_list":{"0":"post-5970","1":"product","2":"type-product","3":"status-publish","4":"has-post-thumbnail","6":"product_cat-sale","7":"pa_item-type-tops","8":"pa_size-one-size","9":"pif-has-gallery","11":"first","12":"outofstock","13":"shipping-taxable","14":"purchasable","15":"product-type-variable"},"post_mailing_queue_ids":[],"_links":{"self":[{"href":"https:\/\/www.parlor.ro\/ro\/wp-json\/wp\/v2\/product\/5970","targetHints":{"allow":["GET"]}}],"collection":[{"href":"https:\/\/www.parlor.ro\/ro\/wp-json\/wp\/v2\/product"}],"about":[{"href":"https:\/\/www.parlor.ro\/ro\/wp-json\/wp\/v2\/types\/product"}],"wp:featuredmedia":[{"embeddable":true,"href":"https:\/\/www.parlor.ro\/ro\/wp-json\/wp\/v2\/media\/8768"}],"wp:attachment":[{"href":"https:\/\/www.parlor.ro\/ro\/wp-json\/wp\/v2\/media?parent=5970"}],"wp:term":[{"taxonomy":"product_brand","embeddable":true,"href":"https:\/\/www.parlor.ro\/ro\/wp-json\/wp\/v2\/product_brand?post=5970"},{"taxonomy":"product_cat","embeddable":true,"href":"https:\/\/www.parlor.ro\/ro\/wp-json\/wp\/v2\/product_cat?post=5970"},{"taxonomy":"product_tag","embeddable":true,"href":"https:\/\/www.parlor.ro\/ro\/wp-json\/wp\/v2\/product_tag?post=5970"}],"curies":[{"name":"wp","href":"https:\/\/api.w.org\/{rel}","templated":true}]}}