{"id":5992,"date":"2020-09-10T12:03:50","date_gmt":"2020-09-10T09:03:50","guid":{"rendered":"https:\/\/www.parlor.ro\/product\/import-placeholder-for-3927\/"},"modified":"2025-10-23T15:06:45","modified_gmt":"2025-10-23T12:06:45","slug":"rochie-hot-chocolate","status":"publish","type":"product","link":"https:\/\/www.parlor.ro\/ro\/product\/hot-chocolate-dress\/","title":{"rendered":"Rochie Hot Chocolate"},"content":{"rendered":"<p>Rochie Hot Chocolate<\/p>\n<p>100% Poliester<\/p>\n<p><strong>Sp\u0103larea manual\u0103<\/strong><\/p>\n<p>Acest produs este realizat din \u021bes\u0103turi furnizate de produc\u0103tori certifica\u021bi conform standardelor europene.<\/p>\n<p>Imprimeurile sunt realizate cu vopsea ecologic\u0103 OEKO-TEX\u00ae.<\/p>\n<p>Acest produs este testat \u00een atelierul nostru \u0219i nu prezint\u0103 riscuri pentru s\u0103n\u0103tate si siguran\u021ba consumatorului.<\/p>\n<hr style=\"color:#404040; height: 1px;\" \/>\n<section>\n<header><b style=\"text-align: left; font-size:1.8em;\" title=\"Hot Chocolate Dress - Modern Women's Dress\" name=\"Hot Chocolate Dress - Modern Women's Dress\"><b style=\"font-weight: normal;\">Hot Chocolate Dress &#8211; Modern Women&#8217;s Dress<\/b><\/b><\/header>\n<p><strong style=\"font-weight: normal !important;\">Rochie Hot Chocolate<\/strong> &#8211; <b style=\"font-weight: normal !important;\">Modern Women&#8217;s Dress<\/b>Rochie mini neagra din tafta, cu decolteu si maneci bufante. Se inchide cu fermoar la spate.  I Love Parlor | <a style=\"font-weight: normal !important;\" title=\"Moda pentru femei\" href=\"https:\/\/www.parlor.ro\/ro\/\">Parlor<\/a> Fashion. <i style=\"font-style: normal !important;\">Crea\u021biile Parlor<\/i> sunt cel mai simplu mod de a-\u021bi inveseli look-ul de zi cu zi. Rochiile noastre sunt atemporale, usor de purtat, potrivite at\u00e2t ziua c\u00e2t si seara . <a style=\"font-weight: normal !important;\" title=\"Magazin de rochii de dama\" href=\"https:\/\/www.parlor.ro\/ro\/magazin\/\">Viziteaza shop-ul nostru online<\/a> (fuste, pantaloni, rochii, jachete, salopete, topuri) \u0219i g\u0103se\u0219te-\u021bi <a style=\"font-weight: normal !important;\" title=\"rochia ta\" href=\"https:\/\/www.parlor.ro\/ro\/categorie-produs\/i-%e2%99%a5-salon\/rochii\/\">.<\/a> ACUM! Sau vizita\u021bi showroom-ul nostru pentru a v\u0103 g\u0103si rochia perfect\u0103 \/ suna\u021bi pentru programare la 0747501974! Recomand\u0103ri de cump\u0103r\u0103turi pentru tine: <a style=\"font-weight: normal !important;\" title=\"ROCHIE SEDUCTIVE\" href=\"https:\/\/www.parlor.ro\/ro\/produs\/rochie-seducatoare-2\/\">ROCHIE SEDUCTIVE<\/a>, <a style=\"font-weight: normal !important;\" title=\"ROCHIE TEMPTING\" href=\"https:\/\/www.parlor.ro\/ro\/produs\/rochie-tentanta\/\">ROCHIE TEMPTING<\/a>. P\u00c2N\u0102 LA 50% REDUCERE Azi!<br \/>\n<\/section>","protected":false},"excerpt":{"rendered":"[sales_countdown_timer id=\"salescountdowntimer\"]\n<p>Oversize puffed sleeves and a heart shaped decoltage complete this flawless mini dress.<\/p>\n<p>&nbsp;<\/p>\n<p>#MADEinROMANIA<\/p>\n<p>#FABRICATinROMANIA<\/p>\n<p>&nbsp;<\/p>\n<p><a href=\"https:\/\/www.parlor.ro\/wp-content\/uploads\/2021\/04\/size-_chart-_Parlor.jpg\">View size chart<\/a><\/p>\n","protected":false},"featured_media":10432,"template":"","meta":[],"product_brand":[],"product_cat":[97,99],"product_tag":[],"class_list":{"0":"post-5992","1":"product","2":"type-product","3":"status-publish","4":"has-post-thumbnail","6":"product_cat-i--parlor","7":"product_cat-dresses","8":"pa_item-type-dresses","9":"pa_size-74","10":"pa_size-75","11":"pif-has-gallery","13":"first","14":"outofstock","15":"shipping-taxable","16":"purchasable","17":"product-type-variable"},"post_mailing_queue_ids":[],"_links":{"self":[{"href":"https:\/\/www.parlor.ro\/ro\/wp-json\/wp\/v2\/product\/5992","targetHints":{"allow":["GET"]}}],"collection":[{"href":"https:\/\/www.parlor.ro\/ro\/wp-json\/wp\/v2\/product"}],"about":[{"href":"https:\/\/www.parlor.ro\/ro\/wp-json\/wp\/v2\/types\/product"}],"wp:featuredmedia":[{"embeddable":true,"href":"https:\/\/www.parlor.ro\/ro\/wp-json\/wp\/v2\/media\/10432"}],"wp:attachment":[{"href":"https:\/\/www.parlor.ro\/ro\/wp-json\/wp\/v2\/media?parent=5992"}],"wp:term":[{"taxonomy":"product_brand","embeddable":true,"href":"https:\/\/www.parlor.ro\/ro\/wp-json\/wp\/v2\/product_brand?post=5992"},{"taxonomy":"product_cat","embeddable":true,"href":"https:\/\/www.parlor.ro\/ro\/wp-json\/wp\/v2\/product_cat?post=5992"},{"taxonomy":"product_tag","embeddable":true,"href":"https:\/\/www.parlor.ro\/ro\/wp-json\/wp\/v2\/product_tag?post=5992"}],"curies":[{"name":"wp","href":"https:\/\/api.w.org\/{rel}","templated":true}]}}