{"id":7023,"date":"2020-09-10T14:06:53","date_gmt":"2020-09-10T14:06:53","guid":{"rendered":"https:\/\/www.parlor.ro\/product\/import-placeholder-for-5258\/"},"modified":"2025-10-14T09:56:43","modified_gmt":"2025-10-14T06:56:43","slug":"rochie-alina","status":"publish","type":"product","link":"https:\/\/www.parlor.ro\/ro\/product\/alina-dress\/","title":{"rendered":"Rochie Alina"},"content":{"rendered":"<p>Rochie Alina<\/p>\n<p>100% in<\/p>\n<p><strong>Sp\u0103larea manual\u0103<\/strong><\/p>\n<p>Acest produs este realizat din \u021bes\u0103turi furnizate de produc\u0103tori certifica\u021bi conform standardelor europene.<\/p>\n<p>Imprimeurile sunt realizate cu vopsea ecologic\u0103 OEKO-TEX\u00ae.<\/p>\n<p>Acest produs este testat \u00een atelierul nostru \u0219i nu prezint\u0103 riscuri pentru s\u0103n\u0103tate si siguran\u021ba consumatorului.<\/p>\n<hr style=\"color:#404040; height: 1px;\" \/>\n<section>\n<header><b style=\"text-align: left; font-size:1.8em;\" title=\"Alina Dress - Elegant Women's Dress\" name=\"Alina Dress - Elegant Women's Dress\"><b style=\"font-weight: normal;\">Alina Dress &#8211; Elegant Women&#8217;s Dress<\/b><\/b><\/header>\n<p><strong style=\"font-weight: normal !important;\">Rochie Alina<\/strong> &#8211; <b style=\"font-weight: normal !important;\">Rochie elegant\u0103 de dam\u0103<\/b>. <i style=\"font-style: normal !important;\">Rochie midi din in gri inchis<\/i> petrecuta, cu detalii de volan la tiv si la maneci, inghidere reglabila din siret.  I Love Parlor <a style=\"font-weight: normal !important;\" title=\"Moda pentru femei\" href=\"https:\/\/www.parlor.ro\/ro\/\">Moda pentru femei<\/a>. Design Parlor de Veronica Zaharia. #ConsciousDesign este nucleul brandului nostru. El se traduce prin reinterpretarea celor mai bine v\u00e2ndute modele ale noastre, evit\u00e2nd astfel producerea de\u0219eurilor in exces. Cum arat\u0103 rochia ta de vis? R\u0103sfoieste <a style=\"font-weight: normal !important;\" title=\"Magazin de rochii dama\" href=\"https:\/\/www.parlor.ro\/ro\/magazin\/\">Magazin de rochii dama<\/a> (fuste, pantaloni, <a style=\"font-weight: normal !important;\" title=\"Rochiile noastre\" href=\"https:\/\/www.parlor.ro\/ro\/categorie-produs\/i-%e2%99%a5-salon\/rochii\/\">rochii<\/a>, jachete, salopet\u0103, topuri) \u0219i g\u0103se\u0219te-\u021bi rochia ACUM! Sau vizita\u021bi showroom-ul nostru pentru a v\u0103 g\u0103si rochia perfect\u0103 \/ suna\u021bi pentru programare la 0747501974! Recomand\u0103ri de cump\u0103r\u0103turi pentru tine: <a style=\"font-weight: normal !important;\" title=\"ROCHIE IRRESISTIBLE\" href=\"https:\/\/www.parlor.ro\/ro\/produs\/rochie-irezistibila-2\/\">ROCHIE IRRESISTIBLE<\/a>, <a style=\"font-weight: normal !important;\" title=\"ROCHIE DESIRE\" href=\"https:\/\/www.parlor.ro\/ro\/produs\/rochie-dorinta\/\">ROCHIE DESIRE<\/a>. P\u00c2N\u0102 LA 50% REDUCERE Azi!<br \/>\n<\/section>","protected":false},"excerpt":{"rendered":"<p>Rochie midi din in gri inchis, petrecuta, cu detalii de volan la tiv si la maneci, inghidere reglabila din siret.<\/p>\n<p>#MADEin ROMANIA<\/p>\n<p>#FABRICATinROMANIA<\/p>\n<p>Suntem incantati sa v\u0103 dezv\u0103luim modelele noastre si \u00een showroom: suna\u021bi pentru programare 0747501974.<\/p>\n<p>Alice poart\u0103 m\u0103rimea 38.<\/p>\n<p>&nbsp;<\/p>\n<p><a href=\"https:\/\/www.parlor.ro\/wp-content\/uploads\/2021\/04\/size-_chart-_Parlor.jpg\">VEZI TABELUL M\u0102RIMILOR<\/a><\/p>\n<p>&nbsp;<\/p>","protected":false},"featured_media":6378,"template":"","meta":[],"product_brand":[],"product_cat":[96],"product_tag":[],"class_list":{"0":"post-7023","1":"product","2":"type-product","3":"status-publish","4":"has-post-thumbnail","6":"product_cat-alice-cavaleru-x-i--parlor","7":"pa_size-74","8":"pa_size-75","9":"pa_size-76","10":"pif-has-gallery","12":"first","13":"outofstock","14":"shipping-taxable","15":"purchasable","16":"product-type-variable"},"post_mailing_queue_ids":[],"_links":{"self":[{"href":"https:\/\/www.parlor.ro\/ro\/wp-json\/wp\/v2\/product\/7023","targetHints":{"allow":["GET"]}}],"collection":[{"href":"https:\/\/www.parlor.ro\/ro\/wp-json\/wp\/v2\/product"}],"about":[{"href":"https:\/\/www.parlor.ro\/ro\/wp-json\/wp\/v2\/types\/product"}],"wp:featuredmedia":[{"embeddable":true,"href":"https:\/\/www.parlor.ro\/ro\/wp-json\/wp\/v2\/media\/6378"}],"wp:attachment":[{"href":"https:\/\/www.parlor.ro\/ro\/wp-json\/wp\/v2\/media?parent=7023"}],"wp:term":[{"taxonomy":"product_brand","embeddable":true,"href":"https:\/\/www.parlor.ro\/ro\/wp-json\/wp\/v2\/product_brand?post=7023"},{"taxonomy":"product_cat","embeddable":true,"href":"https:\/\/www.parlor.ro\/ro\/wp-json\/wp\/v2\/product_cat?post=7023"},{"taxonomy":"product_tag","embeddable":true,"href":"https:\/\/www.parlor.ro\/ro\/wp-json\/wp\/v2\/product_tag?post=7023"}],"curies":[{"name":"wp","href":"https:\/\/api.w.org\/{rel}","templated":true}]}}