{"id":7032,"date":"2020-09-10T14:07:07","date_gmt":"2020-09-10T11:07:07","guid":{"rendered":"https:\/\/www.parlor.ro\/product\/import-placeholder-for-5214\/"},"modified":"2025-10-14T09:34:42","modified_gmt":"2025-10-14T06:34:42","slug":"rochie-maria","status":"publish","type":"product","link":"https:\/\/www.parlor.ro\/ro\/product\/maria-dress\/","title":{"rendered":"Rochie Maria"},"content":{"rendered":"<p>100% in<\/p>\n<p><strong>Sp\u0103larea manual\u0103<\/strong><\/p>\n<p>Acest produs este realizat din \u021bes\u0103turi furnizate de produc\u0103tori certifica\u021bi conform standardelor europene.<\/p>\n<p>Imprimeurile sunt realizate cu vopsea ecologic\u0103 OEKO-TEX\u00ae.<\/p>\n<p>Acest produs este testat \u00een atelierul nostru \u0219i nu prezint\u0103 riscuri pentru s\u0103n\u0103tate si siguran\u021ba consumatorului.<\/p>\n<hr style=\"color:#404040; height: 1px;\" \/>\n<section>\n<header><b style=\"text-align: left; font-size:1.8em;\" title=\"Maria Dress - Trendy Women's Dress\" name=\"Maria Dress - Trendy Women's Dress\"><b style=\"font-weight: normal;\">Maria Dress &#8211; Trendy Women&#8217;s Dress<\/b><\/b><\/header>\n<p><strong style=\"font-weight: normal !important;\">Rochie Maria<\/strong> &#8211; <b style=\"font-weight: normal !important;\">Rochie la mod\u0103 pentru femei<\/b>Rochie din in gri deschis, cu maneci lungi reglabile cu siret, detalii de volane la maneci si la fusta, inchidere cu siret in fata. <a style=\"font-weight: normal !important;\" title=\"\u00cembr\u0103c\u0103minte pentru femei\" href=\"https:\/\/www.parlor.ro\/ro\/\">Parlor<\/a> I Love Parlor | \u00cembr\u0103c\u0103minte pentru femei \u0219i mod\u0103 pentru femei. Design Parlor de Veronica Zaharia. #ConsciousDesign este nucleul m\u0103rcii noastre. <i style=\"font-style: normal !important;\">Rochiile noastre<\/i> sunt atemporale, usor de purtat, potrivite at\u00e2t ziua c\u00e2t si seara . Cum arat\u0103 rochia ta de vis? R\u0103sfoi\u021bi produsele noastre pentru femei <a style=\"font-weight: normal !important;\" title=\"Magazin de rochii dama\" href=\"https:\/\/www.parlor.ro\/ro\/magazin\/\">Magazin de rochii <\/a> (fuste, pantaloni, <a style=\"font-weight: normal !important;\" title=\"Cum arata rochia visurilor tale?\" href=\"https:\/\/www.parlor.ro\/ro\/categorie-produs\/i-%e2%99%a5-salon\/rochii\/\">rochii<\/a>, jachete, salopet\u0103, topuri) \u0219i g\u0103se\u0219te-\u021bi rochia ACUM! Sau vizita\u021bi showroom-ul nostru pentru a v\u0103 g\u0103si rochia perfect\u0103 \/ suna\u021bi pentru programare la 0747501974! Recomand\u0103ri de cump\u0103r\u0103turi pentru tine: <a style=\"font-weight: normal !important;\" title=\"ROCHIE SPRING DELIGHT\" href=\"https:\/\/www.parlor.ro\/ro\/produs\/rochie-spring-delight\/\">ROCHIE SPRING DELIGHT<\/a>, <a style=\"font-weight: normal !important;\" title=\"ROCHIE HAVANA\" href=\"https:\/\/www.parlor.ro\/ro\/produs\/rochie-havana\/\">ROCHIE HAVANA<\/a>. P\u00c2N\u0102 LA 50% REDUCERE Azi!<br \/>\n<\/section>","protected":false},"excerpt":{"rendered":"<p>Rochie din in gri deschis, cu maneci lungi reglabile cu siret, detalii de volane la maneci si la fusta, inchidere cu siret in fata.<\/p>\n<p><a href=\"https:\/\/www.parlor.ro\/wp-content\/uploads\/2021\/04\/size-_chart-_Parlor.jpg\">VEZI TABELUL M\u0102RIMILOR<\/a><\/p>\n<p>#MADEin ROMANIA<\/p>\n<p>#FABRICATinROMANIA<\/p>\n<p>Suntem incantati sa v\u0103 dezv\u0103luim modelele noastre si \u00een showroom: suna\u021bi pentru programare 0747501974.<\/p>\n<p>&nbsp;<\/p>","protected":false},"featured_media":6364,"template":"","meta":[],"product_brand":[],"product_cat":[96],"product_tag":[],"class_list":{"0":"post-7032","1":"product","2":"type-product","3":"status-publish","4":"has-post-thumbnail","6":"product_cat-alice-cavaleru-x-i--parlor","7":"pa_size-one-size","8":"pif-has-gallery","10":"first","11":"outofstock","12":"shipping-taxable","13":"purchasable","14":"product-type-variable"},"post_mailing_queue_ids":[],"_links":{"self":[{"href":"https:\/\/www.parlor.ro\/ro\/wp-json\/wp\/v2\/product\/7032","targetHints":{"allow":["GET"]}}],"collection":[{"href":"https:\/\/www.parlor.ro\/ro\/wp-json\/wp\/v2\/product"}],"about":[{"href":"https:\/\/www.parlor.ro\/ro\/wp-json\/wp\/v2\/types\/product"}],"wp:featuredmedia":[{"embeddable":true,"href":"https:\/\/www.parlor.ro\/ro\/wp-json\/wp\/v2\/media\/6364"}],"wp:attachment":[{"href":"https:\/\/www.parlor.ro\/ro\/wp-json\/wp\/v2\/media?parent=7032"}],"wp:term":[{"taxonomy":"product_brand","embeddable":true,"href":"https:\/\/www.parlor.ro\/ro\/wp-json\/wp\/v2\/product_brand?post=7032"},{"taxonomy":"product_cat","embeddable":true,"href":"https:\/\/www.parlor.ro\/ro\/wp-json\/wp\/v2\/product_cat?post=7032"},{"taxonomy":"product_tag","embeddable":true,"href":"https:\/\/www.parlor.ro\/ro\/wp-json\/wp\/v2\/product_tag?post=7032"}],"curies":[{"name":"wp","href":"https:\/\/api.w.org\/{rel}","templated":true}]}}