{"id":7040,"date":"2020-09-10T14:07:17","date_gmt":"2020-09-10T14:07:17","guid":{"rendered":"https:\/\/www.parlor.ro\/product\/import-placeholder-for-5172\/"},"modified":"2025-10-14T09:26:56","modified_gmt":"2025-10-14T06:26:56","slug":"top-star","status":"publish","type":"product","link":"https:\/\/www.parlor.ro\/ro\/product\/star-top\/","title":{"rendered":"STAR TOP"},"content":{"rendered":"<p>100% bumbac organic<\/p>\n<p><strong>Sp\u0103larea manual\u0103<\/strong><\/p>\n<p>Acest produs este realizat din \u021bes\u0103turi furnizate de produc\u0103tori certifica\u021bi conform standardelor europene.<\/p>\n<p>Imprimeurile sunt realizate cu vopsea ecologic\u0103 OEKO-TEX\u00ae.<\/p>\n<p>Acest produs este testat \u00een atelierul nostru \u0219i nu prezint\u0103 riscuri pentru s\u0103n\u0103tate si siguran\u021ba consumatorului.<\/p>\n<hr style=\"color:#404040; height: 1px;\" \/>\n<section>\n<header><b style=\"text-align: left; font-size:1.8em;\" title=\"STAR TOP - Topuri glam pentru femei\" name=\"STAR TOP - Glam Women's Top\"><b style=\"font-weight: normal;\">STAR TOP &#8211; Glam Women&#8217;s Top<\/b><\/b><\/header>\n<p><strong style=\"font-weight: normal !important;\">STAR TOP<\/strong> &#8211; <i style=\"font-style: normal !important;\">Glam Women&#8217;s Top<\/i>Maiou negru din bumbac, <b style=\"font-weight: normal !important;\">cu omopla\u021bii goi<\/b> si detaliu in forma de stea cusut la spate. <a style=\"font-weight: normal !important;\" title=\"\u00cembr\u0103c\u0103minte pentru femei\" href=\"https:\/\/www.parlor.ro\/ro\/\">\u00cembr\u0103c\u0103minte pentru femei<\/a> &amp; Moda pentru femei. Parlor Design de Veronica Zaharia. #ConsciousDesign este nucleul brandului nostru. El se traduce prin reinterpretarea celor mai bine v\u00e2ndute modele ale noastre, evit\u00e2nd astfel producerea de\u0219eurilor in exces. Rochiile noastre sunt atemporale, usor de purtat, potrivite at\u00e2t ziua c\u00e2t si seara. Cum arat\u0103 rochia ta de vis? R\u0103sfoie\u0219te produsele noastre pentru femei <a style=\"font-weight: normal !important;\" title=\"Magazin de rochii dama\" href=\"https:\/\/www.parlor.ro\/ro\/magazin\/\">Rochiile<\/a> Store (bottoms, dresses, jackets, overall, <a style=\"font-weight: normal !important;\" title=\"Women's tops\" href=\"https:\/\/www.parlor.ro\/ro\/categorie-produs\/i-%e2%99%a5-salon\/varfuri\/\">topuri<\/a>) \u0219i g\u0103se\u0219te-\u021bi rochia ACUM! Sau vizita\u021bi showroom-ul nostru pentru a v\u0103 g\u0103si rochia perfect\u0103 \/ suna\u021bi pentru programare la 0747501974! Recomand\u0103ri de cump\u0103r\u0103turi pentru tine: <a style=\"font-weight: normal !important;\" title=\"DREAM TOP ROZ\" href=\"https:\/\/www.parlor.ro\/ro\/produs\/top-de-vis-roz\/\">DREAM TOP ROZ<\/a>, <a style=\"font-weight: normal !important;\" title=\"Top Hot Chocolate\" href=\"https:\/\/www.parlor.ro\/ro\/produs\/blat-de-ciocolata-calda\/\">Top Hot Chocolate<\/a>. P\u00c2N\u0102 LA 50% REDUCERE Azi!<br \/>\n<\/section>","protected":false},"excerpt":{"rendered":"<div class=\"po-responsive po-lg\">\n<div class=\"woocommerce-product-details__short-description\">\n<p>Maiou negru din bumbac, cu omoplatii goi si detaliu in forma de stea cusut la spate.<\/p>\n<p>#MADEin ROMANIA<\/p>\n<p>#FABRICATinROMANIA<\/p>\n<\/div>\n<\/div>\n<div class=\"po-responsive po-lg\">\n<div class=\"po-sp-share\"><\/div>\n<\/div>","protected":false},"featured_media":9502,"template":"","meta":[],"product_brand":[],"product_cat":[97,102],"product_tag":[],"class_list":{"0":"post-7040","1":"product","2":"type-product","3":"status-publish","4":"has-post-thumbnail","6":"product_cat-i--parlor","7":"product_cat-tops","8":"pa_item-type-tops","9":"pa_size-one-size","10":"pif-has-gallery","12":"first","13":"outofstock","14":"shipping-taxable","15":"purchasable","16":"product-type-variable"},"post_mailing_queue_ids":[],"_links":{"self":[{"href":"https:\/\/www.parlor.ro\/ro\/wp-json\/wp\/v2\/product\/7040","targetHints":{"allow":["GET"]}}],"collection":[{"href":"https:\/\/www.parlor.ro\/ro\/wp-json\/wp\/v2\/product"}],"about":[{"href":"https:\/\/www.parlor.ro\/ro\/wp-json\/wp\/v2\/types\/product"}],"wp:featuredmedia":[{"embeddable":true,"href":"https:\/\/www.parlor.ro\/ro\/wp-json\/wp\/v2\/media\/9502"}],"wp:attachment":[{"href":"https:\/\/www.parlor.ro\/ro\/wp-json\/wp\/v2\/media?parent=7040"}],"wp:term":[{"taxonomy":"product_brand","embeddable":true,"href":"https:\/\/www.parlor.ro\/ro\/wp-json\/wp\/v2\/product_brand?post=7040"},{"taxonomy":"product_cat","embeddable":true,"href":"https:\/\/www.parlor.ro\/ro\/wp-json\/wp\/v2\/product_cat?post=7040"},{"taxonomy":"product_tag","embeddable":true,"href":"https:\/\/www.parlor.ro\/ro\/wp-json\/wp\/v2\/product_tag?post=7040"}],"curies":[{"name":"wp","href":"https:\/\/api.w.org\/{rel}","templated":true}]}}