{"id":7124,"date":"2020-09-10T14:10:32","date_gmt":"2020-09-10T11:10:32","guid":{"rendered":"https:\/\/www.parlor.ro\/product\/import-placeholder-for-4711\/"},"modified":"2025-10-01T10:28:03","modified_gmt":"2025-10-01T07:28:03","slug":"fusta-desire","status":"publish","type":"product","link":"https:\/\/www.parlor.ro\/ro\/product\/desire-skirt\/","title":{"rendered":"FUSTA DESIRE"},"content":{"rendered":"<p>FUSTA DESIRE<\/p>\n<p>100% poliester<\/p>\n<p><strong>Sp\u0103larea manual\u0103<\/strong><\/p>\n<p>Acest produs este realizat din \u021bes\u0103turi furnizate de produc\u0103tori certifica\u021bi conform standardelor europene.<\/p>\n<p>Imprimeurile sunt realizate cu vopsea ecologic\u0103 OEKO-TEX\u00ae.<\/p>\n<p>Acest produs este testat \u00een atelierul nostru \u0219i nu prezint\u0103 riscuri pentru s\u0103n\u0103tate si siguran\u021ba consumatorului.<\/p>\n<hr style=\"color:#404040; height: 1px;\" \/>\n<p><b style=\"text-align: left; font-size:1.8em;\" title=\"DESIRE SKIRT - Chic Women's Skirts\" name=\"DESIRE SKIRT - Chic Women's Skirts\"><b style=\"font-weight: normal;\">DESIRE SKIRT &#8211; Chic Women&#8217;s Skirts<\/b><\/b><br \/>\n<strong style=\"font-weight: normal !important;\">FUSTA DESIRE<\/strong> &#8211; <b style=\"font-weight: normal !important;\">Chic Women&#8217;s Skirts<\/b>Fusta cu siret reglabil in talie, tiv asimetric si crapatura pe piciorul stang. <i style=\"font-style: normal !important;\">Fusta<\/i> se potrive\u0219te p\u00e2n\u0103 la m\u0103rimea 40. <a style=\"font-weight: normal !important;\" title=\"\u00cembr\u0103c\u0103minte pentru femei\" href=\"https:\/\/www.parlor.ro\/ro\/\">\u00cembr\u0103c\u0103minte pentru femei <\/a> &amp; Moda pentru femei. Parlor Design de Veronica Zaharia. #ConsciousDesign este nucleul brandului nostru. El se traduce prin reinterpretarea celor mai bine v\u00e2ndute modele ale noastre, evit\u00e2nd astfel producerea de\u0219eurilor in exces. Rochiile noastre sunt atemporale, usor de purtat, potrivite at\u00e2t ziua c\u00e2t si seara. Cum arat\u0103 rochia ta de vis? R\u0103sfoie\u0219te produsele noastre pentru femei <a style=\"font-weight: normal !important;\" title=\"Magazin de rochii de dama\" href=\"https:\/\/www.parlor.ro\/ro\/magazin\/\">Rochiile<\/a> Magazin (<a style=\"font-weight: normal !important;\" title=\"bottoms \/ Skirt\" href=\"https:\/\/www.parlor.ro\/ro\/categorie-produs\/i-%e2%99%a5-salon\/fundurile\/\">pantaloni,<\/a>, rochii, jachete, salopete, topuri) \u0219i g\u0103se\u0219te-\u021bi rochia ACUM! Sau vizita\u021bi showroom-ul nostru pentru a v\u0103 g\u0103si rochia perfect\u0103 \/ suna\u021bi pentru programare la 0747501974! Recomand\u0103ri de cump\u0103r\u0103turi pentru tine: <a style=\"font-weight: normal !important;\" title=\"FUSTA HONEY IVORY\" href=\"https:\/\/www.parlor.ro\/ro\/produs\/miere-fusta-fildes\/\">FUSTA HONEY IVORY<\/a>, <a style=\"font-weight: normal !important;\" title=\"FUSTA HONEY\" href=\"https:\/\/www.parlor.ro\/ro\/produs\/fusta-de-miere-2\/\">FUSTA HONEY<\/a>. P\u00c2N\u0102 LA 50% REDUCERE Azi! <\/p>","protected":false},"excerpt":{"rendered":"<p>Fusta cu siret reglabil in talie, tiv asimetric si crapatura pe piciorul stang.<\/p>\n<p>Fusta se potrive\u0219te p\u00e2n\u0103 la m\u0103rimea 40.<\/p>\n<p>#MADEin ROMANIA<\/p>\n<p>#FABRICATinROMANIA<\/p>\n<p>Suntem incantati sa v\u0103 dezv\u0103luim modelele noastre si \u00een showroom: suna\u021bi pentru programare 0747501974.<\/p>","protected":false},"featured_media":10707,"template":"","meta":[],"product_brand":[],"product_cat":[97,100],"product_tag":[],"class_list":{"0":"post-7124","1":"product","2":"type-product","3":"status-publish","4":"has-post-thumbnail","6":"product_cat-i--parlor","7":"product_cat-bottoms","8":"pa_item-type-bottoms","9":"pa_size-one-size","10":"pif-has-gallery","12":"first","13":"outofstock","14":"shipping-taxable","15":"purchasable","16":"product-type-variable"},"post_mailing_queue_ids":[],"_links":{"self":[{"href":"https:\/\/www.parlor.ro\/ro\/wp-json\/wp\/v2\/product\/7124","targetHints":{"allow":["GET"]}}],"collection":[{"href":"https:\/\/www.parlor.ro\/ro\/wp-json\/wp\/v2\/product"}],"about":[{"href":"https:\/\/www.parlor.ro\/ro\/wp-json\/wp\/v2\/types\/product"}],"wp:featuredmedia":[{"embeddable":true,"href":"https:\/\/www.parlor.ro\/ro\/wp-json\/wp\/v2\/media\/10707"}],"wp:attachment":[{"href":"https:\/\/www.parlor.ro\/ro\/wp-json\/wp\/v2\/media?parent=7124"}],"wp:term":[{"taxonomy":"product_brand","embeddable":true,"href":"https:\/\/www.parlor.ro\/ro\/wp-json\/wp\/v2\/product_brand?post=7124"},{"taxonomy":"product_cat","embeddable":true,"href":"https:\/\/www.parlor.ro\/ro\/wp-json\/wp\/v2\/product_cat?post=7124"},{"taxonomy":"product_tag","embeddable":true,"href":"https:\/\/www.parlor.ro\/ro\/wp-json\/wp\/v2\/product_tag?post=7124"}],"curies":[{"name":"wp","href":"https:\/\/api.w.org\/{rel}","templated":true}]}}