{"id":7142,"date":"2022-10-10T21:11:19","date_gmt":"2022-10-10T18:11:19","guid":{"rendered":"https:\/\/www.parlor.ro\/product\/import-placeholder-for-4710\/"},"modified":"2025-03-26T18:45:44","modified_gmt":"2025-03-26T15:45:44","slug":"rochie-boema-2","status":"publish","type":"product","link":"https:\/\/www.parlor.ro\/ro\/product\/bohemian-dress-2\/","title":{"rendered":"ROCHIE BOHEMIAN"},"content":{"rendered":"<p>Rochie Bohemian<\/p>\n<p>100% poliester<\/p>\n<p><strong>Sp\u0103lare delicat\u0103 la ma\u0219in\u0103<\/strong><\/p>\n<p>Acest produs este realizat din \u021bes\u0103turi furnizate de produc\u0103tori certifica\u021bi conform standardelor europene.<\/p>\n<p>Imprimeurile sunt realizate cu vopsea ecologic\u0103 OEKO-TEX\u00ae.<\/p>\n<p>Acest produs este testat \u00een atelierul nostru \u0219i nu prezint\u0103 riscuri pentru s\u0103n\u0103tate si siguran\u021ba consumatorului.<\/p>\n<hr style=\"color: #404040; height: 1px;\" \/>\n<p><b style=\"text-align: left; font-size: 1.8em;\" title=\"Rochie de dam\u0103 de salon\"><b style=\"font-weight: normal;\">Rochie Bohemian \u2013 Rochie de dam\u0103 Parlor<\/b><\/b><br \/>\n<b style=\"font-weight: normal !important;\">Rochie Bohemian<\/b> &#8211; <i style=\"font-style: normal !important;\">Rochie Parlor<\/i>. Croiat\u0103 din \u0219ifon u\u0219or acoperit, rochia este spontan\u0103 \u0219i are o dragoste neclintit\u0103 pentru aventur\u0103. <strong style=\"font-weight: normal !important;\">I \u2665 Parlor<\/strong> | \u00cembr\u0103c\u0103minte pentru femei \u0219i mod\u0103 pentru femei <a style=\"font-weight: normal !important;\" title=\"Crea\u021biile Parlor\" href=\"https:\/\/www.parlor.ro\/ro\/magazin\/\">Crea\u021biile Parlor<\/a> sunt cel mai simplu mod de a-\u021bi inveseli look-ul de zi cu zi. Rochiile noastre sunt atemporale, usor de purtat, potrivite at\u00e2t ziua c\u00e2t si seara . <a style=\"font-weight: normal !important;\" title=\"Magazin de rochii\" href=\"https:\/\/www.parlor.ro\/ro\/magazin\/\">Magazin de rochii<\/a> sau viziteaz\u0103 showroom-ul nostru unde echipa Parlor iti va recomanda tinuta <a style=\"font-weight: normal !important;\" title=\"Cum arata rochia visurilor tale?\" href=\"https:\/\/www.parlor.ro\/ro\/categorie-produs\/i-%e2%99%a5-salon\/rochii\/\">.<\/a> \/ suna pentru programare 0747501974! Recomand\u0103ri de cump\u0103r\u0103turi pentru tine: <a style=\"font-weight: normal !important;\" title=\"Rochie Joy\" href=\"https:\/\/www.parlor.ro\/ro\/produs\/rochie-de-bucurie\/\">Rochie Joy<\/a>, <a style=\"font-weight: normal !important;\" title=\"Rochie Pink Crush\" href=\"https:\/\/www.parlor.ro\/ro\/produs\/rochie-roz-crush\/\">Rochie Pink Crush<\/a>. P\u00c2N\u0102 LA 50% REDUCERE Azi!<\/p>","protected":false},"excerpt":{"rendered":"<p>Rochie maxi din voal negru peliculizat, cu volane si inchidere cu nasture la spate.<\/p>\n<p>#MADEin ROMANIA<\/p>\n<p>#FABRICATinROMANIA<\/p>\n<p>Suntem bucuro\u0219i s\u0103 ne dezv\u0103luim modelele \u00een showroom-ul nostru \/ suna\u021bi pentru programare 0747501974.<\/p>","protected":false},"featured_media":12336,"template":"","meta":[],"product_brand":[],"product_cat":[97,99,141],"product_tag":[],"class_list":{"0":"post-7142","1":"product","2":"type-product","3":"status-publish","4":"has-post-thumbnail","6":"product_cat-i--parlor","7":"product_cat-dresses","8":"product_cat-new","9":"pa_size-74","10":"pa_size-75","11":"pa_size-76","12":"pif-has-gallery","14":"first","15":"outofstock","16":"shipping-taxable","17":"purchasable","18":"product-type-variable"},"post_mailing_queue_ids":[],"_links":{"self":[{"href":"https:\/\/www.parlor.ro\/ro\/wp-json\/wp\/v2\/product\/7142","targetHints":{"allow":["GET"]}}],"collection":[{"href":"https:\/\/www.parlor.ro\/ro\/wp-json\/wp\/v2\/product"}],"about":[{"href":"https:\/\/www.parlor.ro\/ro\/wp-json\/wp\/v2\/types\/product"}],"wp:featuredmedia":[{"embeddable":true,"href":"https:\/\/www.parlor.ro\/ro\/wp-json\/wp\/v2\/media\/12336"}],"wp:attachment":[{"href":"https:\/\/www.parlor.ro\/ro\/wp-json\/wp\/v2\/media?parent=7142"}],"wp:term":[{"taxonomy":"product_brand","embeddable":true,"href":"https:\/\/www.parlor.ro\/ro\/wp-json\/wp\/v2\/product_brand?post=7142"},{"taxonomy":"product_cat","embeddable":true,"href":"https:\/\/www.parlor.ro\/ro\/wp-json\/wp\/v2\/product_cat?post=7142"},{"taxonomy":"product_tag","embeddable":true,"href":"https:\/\/www.parlor.ro\/ro\/wp-json\/wp\/v2\/product_tag?post=7142"}],"curies":[{"name":"wp","href":"https:\/\/api.w.org\/{rel}","templated":true}]}}