{"id":7148,"date":"2020-09-10T14:11:26","date_gmt":"2020-09-10T11:11:26","guid":{"rendered":"https:\/\/www.parlor.ro\/product\/import-placeholder-for-fw18-lolita-dress\/"},"modified":"2025-09-23T05:00:35","modified_gmt":"2025-09-23T02:00:35","slug":"rochie-lolita-2","status":"publish","type":"product","link":"https:\/\/www.parlor.ro\/ro\/product\/lolita-dress-2\/","title":{"rendered":"Rochie Lolita"},"content":{"rendered":"<p>Rochie Lolita<\/p>\n<p>Modelul are 177 cm \u00een\u0103l\u021bime \u0219i poart\u0103 m\u0103rimea 38FR<\/p>\n<p>Compozi\u0163ie. 100% m\u0103tase \/ 18% m\u0103tase, 82% viscoz\u0103 \/<\/p>\n<p><strong>Cur\u0103\u021bare uscat\u0103<\/strong><\/p>\n<p>Acest produs este realizat din \u021bes\u0103turi furnizate de produc\u0103tori certifica\u021bi conform standardelor europene.<\/p>\n<p>Imprimeurile sunt realizate cu vopsea ecologic\u0103 OEKO-TEX\u00ae.<\/p>\n<p>Acest produs este testat \u00een atelierul nostru \u0219i nu prezint\u0103 riscuri pentru s\u0103n\u0103tate si siguran\u021ba consumatorului.<\/p>\n<hr style=\"color:#404040; height: 1px;\" \/>\n<p><b style=\"text-align: left; font-size:1.8em;\" title=\"Lolita Dress - Romantic Women's Dress\" name=\"Lolita Dress - Romantic Women's Dress\"><b style=\"font-weight: normal;\">Lolita Dress &#8211; Romantic Women&#8217;s Dress<\/b><\/b><br \/>\n<strong style=\"font-weight: normal !important;\">Rochie Lolita<\/strong> &#8211; <b style=\"font-weight: normal !important;\">Rochie romantic\u0103 pentru femei<\/b>. Silk\u2014veil dress, with romantic ruffled weavers for a playful silhouette, open back and velvet crossover strap. I Love Parlor | Women&#8217;s Clothing &#038; Women&#8217;s Fashion. <a style=\"font-weight: normal !important;\" title=\"Crea\u021biile Parlor\" href=\"https:\/\/www.\">Parlor<\/a> Design de <i style=\"font-style: normal !important;\">Veronica Zaharia<\/i>. #ConsciousDesign este nucleul m\u0103rcii noastre. Se traduce prin reinterpretarea articolelor noastre cele mai v\u00e2ndute cu o utilizare minim\u0103 a resurselor. Rochiile noastre \u00eentorc capul, r\u0103coroase f\u0103r\u0103 efort \u0219i pot merge de la zi la sear\u0103 \u00eentr-o clip\u0103. Ce face visul t\u0103u <a style=\"font-weight: normal !important;\" title=\".\" href=\"https:\/\/www.parlor.ro\/ro\/produs\/rochie-dulce-3\/\">.<\/a> R\u0103sfoi\u021bi produsele noastre pentru femei <a style=\"font-weight: normal !important;\" title=\"Magazin de rochii dama\" href=\"https:\/\/www.parlor.ro\/ro\/magazin\/\">Magazin de rochii<\/a> (pantaloni, fuste, rochii, jachete, salopete, topuri) \u0219i g\u0103se\u0219te-\u021bi rochia ACUM! Sau vizita\u021bi showroom-ul nostru pentru a v\u0103 g\u0103si rochia perfect\u0103 \/ suna\u021bi pentru programare la 0747501974! Recomand\u0103ri de cump\u0103r\u0103turi pentru tine: <a style=\"font-weight: normal !important;\" title=\"ROCHIE BLISS\" href=\"https:\/\/www.parlor.ro\/ro\/produs\/rochie-bliss\/\">ROCHIE BLISS<\/a>, <a style=\"font-weight: normal !important;\" title=\"ROCHIE DOROTHY\" href=\"https:\/\/www.parlor.ro\/ro\/produs\/rochie-dorothy\/\">ROCHIE DOROTHY<\/a>. P\u00c2N\u0102 LA 50% REDUCERE Azi! <\/p>","protected":false},"excerpt":{"rendered":"<p>Rochie neagra din voal de matase, cu volane ample, banda de catifea pe umar, tiv asimetric.<\/p>\n<p><a href=\"https:\/\/www.parlor.ro\/wp-content\/uploads\/2021\/04\/size-_chart-_Parlor.jpg\">VEZI TABELUL M\u0102RIMILOR<\/a><\/p>\n<p>#MadeinRomania<\/p>\n<p>#FabricatinRomania<\/p>\n<p>Suntem incantati sa v\u0103 dezv\u0103luim modelele noastre si \u00een showroom: suna\u021bi pentru programare 0747501974.<\/p>","protected":false},"featured_media":7736,"template":"","meta":[],"product_brand":[],"product_cat":[104],"product_tag":[],"class_list":{"0":"post-7148","1":"product","2":"type-product","3":"status-publish","4":"has-post-thumbnail","6":"product_cat-sale","7":"pa_item-type-dresses","8":"pa_size-74","9":"pa_size-75","10":"pif-has-gallery","12":"first","13":"outofstock","14":"shipping-taxable","15":"purchasable","16":"product-type-variable"},"post_mailing_queue_ids":[],"_links":{"self":[{"href":"https:\/\/www.parlor.ro\/ro\/wp-json\/wp\/v2\/product\/7148","targetHints":{"allow":["GET"]}}],"collection":[{"href":"https:\/\/www.parlor.ro\/ro\/wp-json\/wp\/v2\/product"}],"about":[{"href":"https:\/\/www.parlor.ro\/ro\/wp-json\/wp\/v2\/types\/product"}],"wp:featuredmedia":[{"embeddable":true,"href":"https:\/\/www.parlor.ro\/ro\/wp-json\/wp\/v2\/media\/7736"}],"wp:attachment":[{"href":"https:\/\/www.parlor.ro\/ro\/wp-json\/wp\/v2\/media?parent=7148"}],"wp:term":[{"taxonomy":"product_brand","embeddable":true,"href":"https:\/\/www.parlor.ro\/ro\/wp-json\/wp\/v2\/product_brand?post=7148"},{"taxonomy":"product_cat","embeddable":true,"href":"https:\/\/www.parlor.ro\/ro\/wp-json\/wp\/v2\/product_cat?post=7148"},{"taxonomy":"product_tag","embeddable":true,"href":"https:\/\/www.parlor.ro\/ro\/wp-json\/wp\/v2\/product_tag?post=7148"}],"curies":[{"name":"wp","href":"https:\/\/api.w.org\/{rel}","templated":true}]}}