{"id":7168,"date":"2022-10-10T21:14:11","date_gmt":"2022-10-10T18:14:11","guid":{"rendered":"https:\/\/www.parlor.ro\/product\/import-placeholder-for-4482\/"},"modified":"2025-03-26T18:51:17","modified_gmt":"2025-03-26T15:51:17","slug":"rochie-de-vitalitate","status":"publish","type":"product","link":"https:\/\/www.parlor.ro\/ro\/product\/vitality-dress\/","title":{"rendered":"ROCHIE VITALITY"},"content":{"rendered":"<p>Rochie Vitality<\/p>\n<p>100% vascoza<\/p>\n<p><strong>Sp\u0103lare delicat\u0103 la ma\u0219in\u0103<\/strong><\/p>\n<p>Acest produs este realizat din \u021bes\u0103turi furnizate de produc\u0103tori certifica\u021bi conform standardelor europene.<\/p>\n<p>Imprimeurile sunt realizate cu vopsea ecologic\u0103 OEKO-TEX\u00ae.<\/p>\n<p>Acest produs este testat \u00een atelierul nostru \u0219i nu prezint\u0103 riscuri pentru s\u0103n\u0103tate si siguran\u021ba consumatorului.<\/p>\n<hr style=\"color: #404040; height: 1px;\" \/>\n<p><b style=\"text-align: left; font-size: 1.8em;\" title=\"Rochie Vitality - Rochie uimitoare pentru femei\"><b style=\"font-weight: normal;\">Rochie Vitality \u2013 Rochie uimitoare pentru femei<\/b><\/b><br \/>\n<strong style=\"font-weight: normal !important;\">Rochie Vitality<\/strong> \u2013 <i style=\"font-style: normal !important;\">Rochie de dama<\/i> cu bretele reglabile, de inspiratie anii 20, cu volan peste bust si crapatura pe piciorul drept. Profit\u0103 ast\u0103zi de aceast\u0103 ofert\u0103! I Love Parlor | <b style=\"font-weight: normal !important;\">\u00cembr\u0103c\u0103minte pentru femei<\/b> &amp; <a style=\"font-weight: normal !important;\" title=\"Moda pentru femei\" href=\"https:\/\/www.parlor.ro\/ro\/\">Moda pentru femei<\/a>. Design Parlor de Veronica Zaharia. #ConsciousDesign este nucleul brandului nostru. El se traduce prin reinterpretarea celor mai bine v\u00e2ndute modele ale noastre, evit\u00e2nd astfel producerea de\u0219eurilor in exces. Rochiile noastre sunt atemporale, usor de purtat, potrivite at\u00e2t ziua c\u00e2t si seara . Cum arat\u0103 rochia ta de vis? R\u0103sfoi\u021bi rochiile noastre pentru femei <a style=\"font-weight: normal !important;\" title=\"Viziteaza shop-ul nostru online\" href=\"https:\/\/www.parlor.ro\/ro\/magazin\/\">Parlor Shop<\/a> sau viziteaz\u0103 showroom-ul nostru unde echipa Parlor iti va recomanda tinuta <a style=\"font-weight: normal !important;\" title=\"Cum arata rochia visurilor tale?\" href=\"https:\/\/www.parlor.ro\/ro\/categorie-produs\/i-%e2%99%a5-salon\/rochii\/\">.<\/a> \/ suna pentru programare 0747501974! Recomand\u0103ri de cump\u0103r\u0103turi pentru tine: <a style=\"font-weight: normal !important;\" title=\"Rochie Sunrise\" href=\"https:\/\/www.parlor.ro\/ro\/produs\/rochie-de-rasarit\/\">Rochie Sunrise<\/a>, <a style=\"font-weight: normal !important;\" title=\"Rochie Sweet\" href=\"https:\/\/www.parlor.ro\/ro\/produs\/rochie-dulce-2\/\">Rochie Sweet<\/a>. P\u00c2N\u0102 LA 50% REDUCERE Azi!<\/p>","protected":false},"excerpt":{"rendered":"<p>Rochie neagra cu bretele reglabile, de inspiratie anii 20, cu volan peste bust si crapatura pe piciorul drept.<\/p>\n<p>&nbsp;<\/p>\n<p>#MADEin ROMANIA<\/p>\n<p>#FABRICATinROMANIA<\/p>\n<p><strong>Rochia va fi livrata in 7 zile lucratoare.\u00a0<\/strong><\/p>\n<p>Suntem bucuro\u0219i s\u0103 ne dezv\u0103luim modelele \u00een showroom-ul nostru \/ suna\u021bi pentru programare 0747501974.<\/p>\n<p>&nbsp;<\/p>","protected":false},"featured_media":12360,"template":"","meta":[],"product_brand":[],"product_cat":[97,99,141],"product_tag":[],"class_list":{"0":"post-7168","1":"product","2":"type-product","3":"status-publish","4":"has-post-thumbnail","6":"product_cat-i--parlor","7":"product_cat-dresses","8":"product_cat-new","9":"pa_item-type-dresses","10":"pa_size-74","11":"pa_size-75","12":"pif-has-gallery","14":"first","15":"outofstock","16":"featured","17":"shipping-taxable","18":"purchasable","19":"product-type-variable"},"post_mailing_queue_ids":[],"_links":{"self":[{"href":"https:\/\/www.parlor.ro\/ro\/wp-json\/wp\/v2\/product\/7168","targetHints":{"allow":["GET"]}}],"collection":[{"href":"https:\/\/www.parlor.ro\/ro\/wp-json\/wp\/v2\/product"}],"about":[{"href":"https:\/\/www.parlor.ro\/ro\/wp-json\/wp\/v2\/types\/product"}],"wp:featuredmedia":[{"embeddable":true,"href":"https:\/\/www.parlor.ro\/ro\/wp-json\/wp\/v2\/media\/12360"}],"wp:attachment":[{"href":"https:\/\/www.parlor.ro\/ro\/wp-json\/wp\/v2\/media?parent=7168"}],"wp:term":[{"taxonomy":"product_brand","embeddable":true,"href":"https:\/\/www.parlor.ro\/ro\/wp-json\/wp\/v2\/product_brand?post=7168"},{"taxonomy":"product_cat","embeddable":true,"href":"https:\/\/www.parlor.ro\/ro\/wp-json\/wp\/v2\/product_cat?post=7168"},{"taxonomy":"product_tag","embeddable":true,"href":"https:\/\/www.parlor.ro\/ro\/wp-json\/wp\/v2\/product_tag?post=7168"}],"curies":[{"name":"wp","href":"https:\/\/api.w.org\/{rel}","templated":true}]}}