{"id":7228,"date":"2020-09-10T14:14:29","date_gmt":"2020-09-10T11:14:29","guid":{"rendered":"https:\/\/www.parlor.ro\/product\/import-placeholder-for-3939\/"},"modified":"2025-09-21T23:48:34","modified_gmt":"2025-09-21T20:48:34","slug":"fusta-de-miere","status":"publish","type":"product","link":"https:\/\/www.parlor.ro\/ro\/product\/honey-skirt\/","title":{"rendered":"Fusta Miere"},"content":{"rendered":"<p>Fusta Miere<\/p>\n<p>100% Poliester<\/p>\n<p>Cur\u0103\u021bare uscat\u0103<\/p>\n<p>Acest produs este realizat din \u021bes\u0103turi furnizate de produc\u0103tori certifica\u021bi conform standardelor europene.<\/p>\n<p>Imprimeurile sunt realizate cu vopsea ecologic\u0103 OEKO-TEX\u00ae.<\/p>\n<p>Acest produs este testat \u00een atelierul nostru \u0219i nu prezint\u0103 riscuri pentru s\u0103n\u0103tate si siguran\u021ba consumatorului.<\/p>\n<hr style=\"color:#404040; height: 1px;\" \/>\n<p><b style=\"text-align: left; font-size:1.8em;\" title=\"Honey Skirt - Perfect Women's Skirt\" name=\"Honey Skirt - Perfect Women's Skirt\"><b style=\"font-weight: normal;\">Honey Skirt &#8211; Perfect Women&#8217;s Skirt<\/b><\/b><br \/>\n<strong style=\"font-weight: normal !important;\">Fusta Miere<\/strong> &#8211; <b style=\"font-weight: normal !important;\">Perfect Women&#8217;s Skirt<\/b>. Hand pleated wrap on crepe <i style=\"font-style: normal !important;\">Fusta<\/i>, the perfect choice from office to cocktail. I Love Parlor | Women&#8217;s Clothing &#038; Women&#8217;s Fashion. <a style=\"font-weight: normal !important;\" title=\"Crea\u021biile Parlor\" href=\"https:\/\/www.parlor.ro\/ro\/\">Crea\u021biile Parlor<\/a> de Veronica Zaharia. #ConsciousDesign este nucleul brandului nostru. El se traduce prin reinterpretarea celor mai bine v\u00e2ndute modele ale noastre, evit\u00e2nd astfel producerea de\u0219eurilor in exces. Cum arat\u0103 rochia ta de vis? R\u0103sfoie\u0219te <a style=\"font-weight: normal !important;\" title=\"Magazin de rochii de dama\" href=\"https:\/\/www.parlor.ro\/ro\/magazin\/\">magazinul online I \u2665 Parlor<\/a> (<a style=\"font-weight: normal !important;\" title=\"bottoms \/ Skirt\" href=\"https:\/\/www.parlor.ro\/ro\/categorie-produs\/i-%e2%99%a5-salon\/fundurile\/\">pantaloni,<\/a>, rochii, jachete, salopete, topuri) \u0219i g\u0103se\u0219te-\u021bi rochia ACUM! Sau vizita\u021bi showroom-ul nostru pentru a v\u0103 g\u0103si rochia perfect\u0103 \/ suna\u021bi pentru programare la 0747501974! Recomand\u0103ri de cump\u0103r\u0103turi pentru tine: <a style=\"font-weight: normal !important;\" title=\"FUSTA HONEY IVORY\" href=\"https:\/\/www.parlor.ro\/ro\/produs\/miere-fusta-fildes\/\">FUSTA HONEY IVORY<\/a>, <a style=\"font-weight: normal !important;\" title=\"FUSTA HONEY\" href=\"https:\/\/www.parlor.ro\/ro\/produs\/fusta-de-miere-2\/\">FUSTA HONEY<\/a>. P\u00c2N\u0102 LA 50% REDUCERE Azi! <\/p>","protected":false},"excerpt":{"rendered":"<p>&nbsp;<\/p>\n<p>Fusta creponat\u0103 pliat\u0103 manual, alegerea perfect\u0103 de la birou la cocktail. Aranja\u021bi-l cu <a href=\"https:\/\/www.parlor.ro\/ro\/produs\/jacheta-zambet\/\">Z\u00e2mbet<\/a> jachet\u0103 pentru cel mai bun efect.<\/p>\n<p>&nbsp;<\/p>\n<p>#MADEin ROMANIA<\/p>\n<p>#FABRICATinROMANIA<\/p>\n<p>&nbsp;<\/p>\n<p>Marimea se potriveste de la 34 la 38 FR.<\/p>\n<p>&nbsp;<\/p>\n<p><a href=\"https:\/\/www.parlor.ro\/wp-content\/uploads\/2021\/04\/size-_chart-_Parlor.jpg\">VEZI TABELUL M\u0102RIMILOR<\/a><\/p>","protected":false},"featured_media":9833,"template":"","meta":[],"product_brand":[],"product_cat":[100,97],"product_tag":[],"class_list":{"0":"post-7228","1":"product","2":"type-product","3":"status-publish","4":"has-post-thumbnail","6":"product_cat-bottoms","7":"product_cat-i--parlor","8":"pa_item-type-bottoms","9":"pa_size-one-size","10":"pif-has-gallery","12":"first","13":"outofstock","14":"shipping-taxable","15":"purchasable","16":"product-type-variable"},"post_mailing_queue_ids":[],"_links":{"self":[{"href":"https:\/\/www.parlor.ro\/ro\/wp-json\/wp\/v2\/product\/7228","targetHints":{"allow":["GET"]}}],"collection":[{"href":"https:\/\/www.parlor.ro\/ro\/wp-json\/wp\/v2\/product"}],"about":[{"href":"https:\/\/www.parlor.ro\/ro\/wp-json\/wp\/v2\/types\/product"}],"wp:featuredmedia":[{"embeddable":true,"href":"https:\/\/www.parlor.ro\/ro\/wp-json\/wp\/v2\/media\/9833"}],"wp:attachment":[{"href":"https:\/\/www.parlor.ro\/ro\/wp-json\/wp\/v2\/media?parent=7228"}],"wp:term":[{"taxonomy":"product_brand","embeddable":true,"href":"https:\/\/www.parlor.ro\/ro\/wp-json\/wp\/v2\/product_brand?post=7228"},{"taxonomy":"product_cat","embeddable":true,"href":"https:\/\/www.parlor.ro\/ro\/wp-json\/wp\/v2\/product_cat?post=7228"},{"taxonomy":"product_tag","embeddable":true,"href":"https:\/\/www.parlor.ro\/ro\/wp-json\/wp\/v2\/product_tag?post=7228"}],"curies":[{"name":"wp","href":"https:\/\/api.w.org\/{rel}","templated":true}]}}