{"id":7238,"date":"2021-05-14T13:15:00","date_gmt":"2021-05-14T10:15:00","guid":{"rendered":"https:\/\/www.parlor.ro\/product\/import-placeholder-for-3925\/"},"modified":"2025-08-05T07:57:30","modified_gmt":"2025-08-05T04:57:30","slug":"rochie-irene","status":"publish","type":"product","link":"https:\/\/www.parlor.ro\/ro\/product\/irene-dress\/","title":{"rendered":"Rochie Irene"},"content":{"rendered":"<p>Rochie Irene<\/p>\n<p>48% POLIESTER \/ 25% POLIAMIDA \/ 19% METAL \/ 8% LUREX<\/p>\n<p><strong>Sp\u0103lare delicat\u0103 la ma\u0219in\u0103<\/strong><\/p>\n<p>Acest produs este realizat din \u021bes\u0103turi furnizate de produc\u0103tori certifica\u021bi conform standardelor europene.<\/p>\n<p>Imprimeurile sunt realizate cu vopsea ecologic\u0103 OEKO-TEX\u00ae.<\/p>\n<p>Acest produs este testat \u00een atelierul nostru \u0219i nu prezint\u0103 riscuri pentru s\u0103n\u0103tate si siguran\u021ba consumatorului.<\/p>\n<hr style=\"color:#404040; height: 1px;\" \/>\n<p><b style=\"text-align: left; font-size:1.8em;\" title=\"Rochie Irene - Rochie Iconic\u0103 pentru Femei\" name=\"Irene Dress - Iconic Women's Dress\"><b style=\"font-weight: normal;\">Rochie Irene \u2013 Rochie emblematic\u0103 pentru femei<\/b><\/b><br \/>\n<b style=\"font-weight: normal !important;\">Rochie Irene<\/b> &#8211; <strong style=\"font-weight: normal !important;\">Rochie iconic\u0103 pentru femei<\/strong>Cu umerii ei puternici \u0219i <i style=\"font-style: normal !important;\">Salon emblematic <\/i> Decupat\u0103 la spate, aceast\u0103 frumuse\u021be argintie este rochia perfect\u0103 pentru petrecere. I Love Parlor | Rochie pentru femei <a style=\"font-weight: normal !important;\" title=\"\u00cembr\u0103c\u0103minte pentru femei\" href=\"https:\/\/www.parlor.ro\/ro\/\">\u00cembr\u0103c\u0103minte pentru femei<\/a> &amp; Mod\u0103 pentru femei. Design Parlor de Veronica Zaharia. #ConsciousDesign este nucleul brandului nostru. Se traduce prin reinterpretarea articolelor noastre cele mai bine v\u00e2ndute cu un consum minim de resurse. Rochiile noastre sunt atemporale, usor de purtat, potrivite at\u00e2t ziua c\u00e2t si seara . Cum arat\u0103 <a style=\"font-weight: normal !important;\" title=\"Cum arata rochia visurilor tale?\" href=\"https:\/\/www.parlor.ro\/ro\/categorie-produs\/i-%e2%99%a5-salon\/varfuri\/\">Cum arata rochia visurilor tale?<\/a> R\u0103sfoi\u021bi <a style=\"font-weight: normal !important;\" title=\"Magazin de rochii dama\" href=\"https:\/\/www.parlor.ro\/ro\/magazin\/\">Magazin de rochii dama<\/a> (pantaloni, fuste, rochii, jachete, salopete, topuri) \u0219i g\u0103se\u0219te-\u021bi rochia ACUM! Sau vizita\u021bi showroom-ul nostru pentru a v\u0103 g\u0103si rochia perfect\u0103 \/ suna\u021bi pentru programare la 0747501974! Recomand\u0103ri de cump\u0103r\u0103turi pentru tine: <a style=\"font-weight: normal !important;\" title=\"ROCHIE SHIMMER\" href=\"https:\/\/www.parlor.ro\/ro\/produs\/rochie-stralucitoare\/\">ROCHIE SHIMMER<\/a>, <a style=\"font-weight: normal !important;\" title=\"ROCHIE PRECIOUS\" href=\"https:\/\/www.parlor.ro\/ro\/produs\/rochie-pretioasa-3\/\">ROCHIE PRECIOUS<\/a>. P\u00c2N\u0102 LA 50% REDUCERE Azi! <\/p>","protected":false},"excerpt":{"rendered":"<p>&nbsp;<\/p>\n<p>Rochie argintie din tesatura elastica, cu umeri supradimensionati, maneci lungi si fermoar pe spate.<\/p>\n<p>#MADEin ROMANIA<\/p>\n<p>#FABRICATinROMANIA<\/p>\n<p>Suntem incantati sa v\u0103 dezv\u0103luim modelele noastre si \u00een showroom: suna\u021bi pentru programare 0747501974.<\/p>","protected":false},"featured_media":11401,"template":"","meta":[],"product_brand":[],"product_cat":[104],"product_tag":[],"class_list":{"0":"post-7238","1":"product","2":"type-product","3":"status-publish","4":"has-post-thumbnail","6":"product_cat-sale","7":"pa_size-74","8":"pa_size-75","9":"pif-has-gallery","11":"first","12":"outofstock","13":"shipping-taxable","14":"purchasable","15":"product-type-variable"},"post_mailing_queue_ids":[],"_links":{"self":[{"href":"https:\/\/www.parlor.ro\/ro\/wp-json\/wp\/v2\/product\/7238","targetHints":{"allow":["GET"]}}],"collection":[{"href":"https:\/\/www.parlor.ro\/ro\/wp-json\/wp\/v2\/product"}],"about":[{"href":"https:\/\/www.parlor.ro\/ro\/wp-json\/wp\/v2\/types\/product"}],"wp:featuredmedia":[{"embeddable":true,"href":"https:\/\/www.parlor.ro\/ro\/wp-json\/wp\/v2\/media\/11401"}],"wp:attachment":[{"href":"https:\/\/www.parlor.ro\/ro\/wp-json\/wp\/v2\/media?parent=7238"}],"wp:term":[{"taxonomy":"product_brand","embeddable":true,"href":"https:\/\/www.parlor.ro\/ro\/wp-json\/wp\/v2\/product_brand?post=7238"},{"taxonomy":"product_cat","embeddable":true,"href":"https:\/\/www.parlor.ro\/ro\/wp-json\/wp\/v2\/product_cat?post=7238"},{"taxonomy":"product_tag","embeddable":true,"href":"https:\/\/www.parlor.ro\/ro\/wp-json\/wp\/v2\/product_tag?post=7238"}],"curies":[{"name":"wp","href":"https:\/\/api.w.org\/{rel}","templated":true}]}}