{"id":7506,"date":"2020-09-10T14:25:55","date_gmt":"2020-09-10T14:25:55","guid":{"rendered":"https:\/\/www.parlor.ro\/product\/import-placeholder-for-3035\/"},"modified":"2025-09-21T23:37:34","modified_gmt":"2025-09-21T20:37:34","slug":"tricou-lolita-2","status":"publish","type":"product","link":"https:\/\/www.parlor.ro\/ro\/product\/lolita-t-shirt-2\/","title":{"rendered":"Tricou Lolita"},"content":{"rendered":"<p>Tricou Lolita<\/p>\n<p>100% bumbac organic<\/p>\n<p><strong>Sp\u0103lare delicat\u0103 la ma\u0219in\u0103<\/strong><\/p>\n<p>Acest produs este realizat din \u021bes\u0103turi furnizate de produc\u0103tori certifica\u021bi conform standardelor europene.<\/p>\n<p>Imprimeurile sunt realizate cu vopsea ecologic\u0103 OEKO-TEX\u00ae.<\/p>\n<p>Acest produs este testat \u00een atelierul nostru \u0219i nu prezint\u0103 riscuri pentru s\u0103n\u0103tate si siguran\u021ba consumatorului.<\/p>\n<hr style=\"color:#404040; height: 1px;\" \/>\n<p><b style=\"text-align: left; font-size:1.8em;\" title=\"Lolita T-shirt - Modern Women's T-SHIRT\" name=\"Lolita T-shirt - Modern Women's T-SHIRT\"><b style=\"font-weight: normal;\">Lolita T-shirt &#8211; Modern Women&#8217;s T-SHIRT<\/b><\/b><br \/>\n<strong style=\"font-weight: normal !important;\">Tricou Lolita<\/strong> &#8211; <b style=\"font-weight: normal !important;\">Modern Women&#8217;s T-SHIRT<\/b>. Always follow you inner Lolita. <i style=\"font-style: normal !important;\">#MadeinRomania<\/i>. #FabricatinRomania. I Love Parlor | Women&#8217;s Clothing &#038; <a style=\"font-weight: normal !important;\" title=\"Moda pentru femei\" href=\"https:\/\/www.parlor.ro\/ro\/\">Parlor<\/a> pentru femei. Design Parlor de Veronica Zaharia. #ConsciousDesign este nucleul brandului nostru. El se traduce prin reinterpretarea celor mai bine v\u00e2ndute modele ale noastre, evit\u00e2nd astfel producerea de\u0219eurilor in exces. Parlor propune \u021binute cu t\u0103ieturi care flateaz\u0103 feminitatea, versatile care raman actuale de-a lungul anilor. Cum arat\u0103 rochia ta de vis? R\u0103sfoi\u021bi rochiile noastre pentru femei <a style=\"font-weight: normal !important;\" title=\"Magazin de rochii de dama\" href=\"https:\/\/www.parlor.ro\/ro\/magazin\/\">Parlor Shop<\/a> (pantaloni, rochii, jachete, salopete, <a style=\"font-weight: normal !important;\" title=\"Topuri \/ Tricouri\" href=\"https:\/\/www.parlor.ro\/ro\/categorie-produs\/i-%e2%99%a5-salon\/varfuri\/\">topuri<\/a>) \u0219i g\u0103se\u0219te-\u021bi rochia ACUM! Sau vizita\u021bi showroom-ul nostru pentru a v\u0103 g\u0103si rochia perfect\u0103 \/ suna\u021bi pentru programare la 0747501974! Recomand\u0103ri de cump\u0103r\u0103turi pentru tine: <a style=\"font-weight: normal !important;\" title=\"TRICOU QUEEN\" href=\"https:\/\/www.parlor.ro\/ro\/produs\/tricou-regina\/\">TRICOU QUEEN<\/a>, <a style=\"font-weight: normal !important;\" title=\"Tricou Lady Alb\" href=\"https:\/\/www.parlor.ro\/ro\/produs\/tricou-de-dama-alb\/\">Tricou Lady Alb<\/a>. P\u00c2N\u0102 LA 50% REDUCERE Azi! <\/p>","protected":false},"excerpt":{"rendered":"<p>&nbsp;<\/p>\n<p>Tricou negru din bumbac tricotat, are maneca scurta, are detalii nefinisate si este imprimat cu numele \u2018Lolita\u201d.<\/p>\n<p>#MadeinRomania<\/p>\n<p>#FabricatinRomania<\/p>\n<p>&nbsp;<\/p>\n<p><a href=\"https:\/\/www.parlor.ro\/wp-content\/uploads\/2021\/04\/size-_chart-_Parlor.jpg\">VEZI TABELUL M\u0102RIMILOR<\/a><\/p>","protected":false},"featured_media":9022,"template":"","meta":[],"product_brand":[],"product_cat":[104],"product_tag":[],"class_list":{"0":"post-7506","1":"product","2":"type-product","3":"status-publish","4":"has-post-thumbnail","6":"product_cat-sale","7":"pa_item-type-tops","8":"pa_size-one-size","9":"pif-has-gallery","11":"first","12":"outofstock","13":"shipping-taxable","14":"purchasable","15":"product-type-variable"},"post_mailing_queue_ids":[],"_links":{"self":[{"href":"https:\/\/www.parlor.ro\/ro\/wp-json\/wp\/v2\/product\/7506","targetHints":{"allow":["GET"]}}],"collection":[{"href":"https:\/\/www.parlor.ro\/ro\/wp-json\/wp\/v2\/product"}],"about":[{"href":"https:\/\/www.parlor.ro\/ro\/wp-json\/wp\/v2\/types\/product"}],"wp:featuredmedia":[{"embeddable":true,"href":"https:\/\/www.parlor.ro\/ro\/wp-json\/wp\/v2\/media\/9022"}],"wp:attachment":[{"href":"https:\/\/www.parlor.ro\/ro\/wp-json\/wp\/v2\/media?parent=7506"}],"wp:term":[{"taxonomy":"product_brand","embeddable":true,"href":"https:\/\/www.parlor.ro\/ro\/wp-json\/wp\/v2\/product_brand?post=7506"},{"taxonomy":"product_cat","embeddable":true,"href":"https:\/\/www.parlor.ro\/ro\/wp-json\/wp\/v2\/product_cat?post=7506"},{"taxonomy":"product_tag","embeddable":true,"href":"https:\/\/www.parlor.ro\/ro\/wp-json\/wp\/v2\/product_tag?post=7506"}],"curies":[{"name":"wp","href":"https:\/\/api.w.org\/{rel}","templated":true}]}}