{"id":7985,"date":"2020-09-14T09:38:09","date_gmt":"2020-09-14T09:38:09","guid":{"rendered":"https:\/\/www.parlor.ro\/product\/gift-card\/"},"modified":"2025-03-26T13:57:48","modified_gmt":"2025-03-26T10:57:48","slug":"card-cadou","status":"publish","type":"product","link":"https:\/\/www.parlor.ro\/ro\/product\/gift-card\/","title":{"rendered":"Card cadou"},"content":{"rendered":"<p>Card cadou pentru \u00eembr\u0103c\u0103minte pentru femei Parlor.<\/p>\n<div class=\"container-m\" style=\"text-align: left;\"><b style=\"text-align: left; font-size: 1.8em; margin: .67em 0;\" title=\"Cump\u0103ra\u021bi carduri cadou pentru \u00eembr\u0103c\u0103minte pentru femei Parlor\"><b style=\"font-weight: normal;\">Un mod elegant de a arata apreciere fata de o persoana speciala din via\u021ba ta, este acela de a cumpara cadou cardul Parlor<\/b><\/b><br \/>\nCau\u021bi un cadou pentru cineva special? Nu e\u0219ti sigur ce s\u0103 cumperi? Recomandarea noastr\u0103: Crea\u021biile Parlor realizate de Veronica Zaharia \u00ee\u021bi vor sublinia feminitatea, vor transcende \u00eentotdeauna diferitele itera\u021bii ale modei si le vei putea purta at\u00e2t ziua c\u00e2t si seara <a style=\"font-weight: normal !important;\" title=\"I \u2665 Parlor\" href=\"https:\/\/www.parlor.ro\/ro\/\">I \u2665 Parlor<\/a> | <b style=\"font-weight: normal !important;\">\u00cembr\u0103c\u0103minte pentru femei<\/b> &amp; <strong style=\"font-weight: normal !important;\">Moda pentru femei<\/strong>. <i style=\"font-style: normal !important;\">Crea\u021biile Parlor<\/i> sunt cel mai simplu mod de a-\u021bi inveseli look-ul de zi cu zi. Rochiile noastre sunt atemporale, usor de purtat, potrivite at\u00e2t ziua c\u00e2t si seara . <a style=\"font-weight: normal !important;\" title=\"Magazin online de rochii\" href=\"https:\/\/www.parlor.ro\/ro\/magazin\/\">Magazin online de rochii<\/a> \u0219i g\u0103se\u0219te-\u021bi rochia ACUM! Sau vizita\u021bi showroom-ul nostru pentru a g\u0103si rochia de vis \/ sun\u0103 pentru programare 0747501974! Recomand\u0103ri de cump\u0103r\u0103turi pentru tine: <a style=\"font-weight: normal !important;\" title=\"Rochie Fairy Dust\" href=\"https:\/\/www.parlor.ro\/ro\/produs\/rochie-de-praf-de-zana\/\">Rochie Fairy Dust<\/a>, Rochie Ingenue. P\u00c2N\u0102 LA 50% REDUCERE Azi!<\/div>","protected":false},"excerpt":{"rendered":"<p>Gift card for Parlor women&#8217;s clothing. Buy gift cards for Parlor women&#8217;s clothing Looking for a gift for someone special? You&#8217;re not sure what to buy? Our recommendation: buy gift cards for Parlor women&#8217;s clothing. I Love Parlor | Women&#8217;s Clothing &amp; Women&#8217;s Fashion. Parlor Designs by Veronica Zaharia. #ConsciousDesign is the core of our [&hellip;]<\/p>\n","protected":false},"featured_media":8103,"template":"","meta":[],"product_brand":[],"product_cat":[97],"product_tag":[],"class_list":{"0":"post-7985","1":"product","2":"type-product","3":"status-publish","4":"has-post-thumbnail","6":"product_cat-i--parlor","7":"pif-has-gallery","9":"first","10":"instock","11":"purchasable","12":"product-type-pw-gift-card"},"post_mailing_queue_ids":[],"_links":{"self":[{"href":"https:\/\/www.parlor.ro\/ro\/wp-json\/wp\/v2\/product\/7985","targetHints":{"allow":["GET"]}}],"collection":[{"href":"https:\/\/www.parlor.ro\/ro\/wp-json\/wp\/v2\/product"}],"about":[{"href":"https:\/\/www.parlor.ro\/ro\/wp-json\/wp\/v2\/types\/product"}],"wp:featuredmedia":[{"embeddable":true,"href":"https:\/\/www.parlor.ro\/ro\/wp-json\/wp\/v2\/media\/8103"}],"wp:attachment":[{"href":"https:\/\/www.parlor.ro\/ro\/wp-json\/wp\/v2\/media?parent=7985"}],"wp:term":[{"taxonomy":"product_brand","embeddable":true,"href":"https:\/\/www.parlor.ro\/ro\/wp-json\/wp\/v2\/product_brand?post=7985"},{"taxonomy":"product_cat","embeddable":true,"href":"https:\/\/www.parlor.ro\/ro\/wp-json\/wp\/v2\/product_cat?post=7985"},{"taxonomy":"product_tag","embeddable":true,"href":"https:\/\/www.parlor.ro\/ro\/wp-json\/wp\/v2\/product_tag?post=7985"}],"curies":[{"name":"wp","href":"https:\/\/api.w.org\/{rel}","templated":true}]}}