{"id":8048,"date":"2024-11-19T14:04:59","date_gmt":"2024-11-19T11:04:59","guid":{"rendered":"https:\/\/www.parlor.ro\/?post_type=product&#038;p=8048"},"modified":"2025-11-10T13:41:17","modified_gmt":"2025-11-10T10:41:17","slug":"rochie-pasiune","status":"publish","type":"product","link":"https:\/\/www.parlor.ro\/ro\/product\/passion-dress\/","title":{"rendered":"ROCHIE PASSION"},"content":{"rendered":"<p>100% vascoza<\/p>\n<p><strong>Cur\u0103\u021bare uscat\u0103<\/strong><\/p>\n<p>Acest produs este realizat din \u021bes\u0103turi furnizate de produc\u0103tori certifica\u021bi conform standardelor europene.<\/p>\n<p>Imprimeurile sunt realizate cu vopsea ecologic\u0103 OEKO-TEX\u00ae.<\/p>\n<p>Acest produs este testat \u00een atelierul nostru \u0219i nu prezint\u0103 riscuri pentru s\u0103n\u0103tate si siguran\u021ba consumatorului.<\/p>\n<hr style=\"color: #404040; height: 1px;\" \/>\n<p><b style=\"text-align: left; font-size: 1.8em;\" title=\"ROCHIE PASIUNE - Rochie de dama personalizata\"><b style=\"font-weight: normal;\">ROCHIE PASSION \u2013 Rochie de dam\u0103 special\u0103<\/b><\/b><br \/>\n<b style=\"font-weight: normal !important;\">ROCHIE PASSION<\/b> &#8211;<i style=\"font-style: normal !important;\"> Rochie de dama special\u0103<\/i>. Poate fi articolul t\u0103u preferat pentru un look office, dar ne putem imagina c\u0103 \u00eel coaf\u0103m de la zi la seara \u00eentr-o clip\u0103. I Love Parlour | \u00cembr\u0103c\u0103minte pentru femei \u0219i pentru femei <a style=\"font-weight: normal !important;\" title=\"Moda pentru femei\" href=\"https:\/\/www.parlor.ro\/ro\/\">pentru femei<\/a>. Design Parlor de Veronica Zaharia. #ConsciousDesign este nucleul brandului nostru. El se traduce prin reinterpretarea celor mai bine v\u00e2ndute modele ale noastre, evit\u00e2nd astfel producerea de\u0219eurilor in exces. Cum arat\u0103 rochia ta de vis? R\u0103sfoieste <a style=\"font-weight: normal !important;\" title=\"Rochii de dama\" href=\"https:\/\/www.parlor.ro\/ro\/categorie-produs\/i-%e2%99%a5-salon\/rochii\/\">Rochii de dama<\/a> <a style=\"font-weight: normal !important;\" title=\"Magazin online\" href=\"https:\/\/www.parlor.ro\/ro\/magazin\/\">Magazin online<\/a> (fuste, pantaloni, rochii, jachete, salopete, topuri) \u0219i g\u0103se\u0219te-\u021bi rochia ACUM! Sau vizita\u021bi showroom-ul nostru pentru a v\u0103 g\u0103si <strong style=\"font-weight: normal !important;\">rochia perfecta<\/strong> \/ suna pentru programare 0747501974! Recomand\u0103ri de cump\u0103r\u0103turi pentru tine: <a style=\"font-weight: normal !important;\" title=\"ROCHIE HOPE\" href=\"https:\/\/www.parlor.ro\/ro\/produs\/rochie-sper-2\/\">ROCHIE HOPE<\/a>, <a style=\"font-weight: normal !important;\" title=\"ROCHIE IRRESISTIBLE\" href=\"https:\/\/www.parlor.ro\/ro\/produs\/rochie-irezistibila\/\">ROCHIE IRRESISTIBLE <\/a>. P\u00c2N\u0102 LA 50% REDUCERE Azi!<\/p>","protected":false},"excerpt":{"rendered":"[sales_countdown_timer id=\"salescountdowntimer\"]\n<p>It may be your go to item for an office look, but we can imagine styling it from day to evening in an instant. PASSION dress is nothing but spectacular.<\/p>\n<p>#MADEinROMANIA<\/p>\n<p>#FABRICATinROMANIA<\/p>\n<p><a href=\"https:\/\/www.parlor.ro\/wp-content\/uploads\/size-chart.jpg\">View size chart<\/a><\/p>\n","protected":false},"featured_media":14763,"template":"","meta":[],"product_brand":[],"product_cat":[97,99,141],"product_tag":[],"class_list":{"0":"post-8048","1":"product","2":"type-product","3":"status-publish","4":"has-post-thumbnail","6":"product_cat-i--parlor","7":"product_cat-dresses","8":"product_cat-new","9":"pa_size-124","10":"pa_size-74","11":"pa_size-75","12":"pa_size-76","13":"pif-has-gallery","15":"first","16":"instock","17":"sale","18":"shipping-taxable","19":"purchasable","20":"product-type-variable"},"post_mailing_queue_ids":[],"_links":{"self":[{"href":"https:\/\/www.parlor.ro\/ro\/wp-json\/wp\/v2\/product\/8048","targetHints":{"allow":["GET"]}}],"collection":[{"href":"https:\/\/www.parlor.ro\/ro\/wp-json\/wp\/v2\/product"}],"about":[{"href":"https:\/\/www.parlor.ro\/ro\/wp-json\/wp\/v2\/types\/product"}],"wp:featuredmedia":[{"embeddable":true,"href":"https:\/\/www.parlor.ro\/ro\/wp-json\/wp\/v2\/media\/14763"}],"wp:attachment":[{"href":"https:\/\/www.parlor.ro\/ro\/wp-json\/wp\/v2\/media?parent=8048"}],"wp:term":[{"taxonomy":"product_brand","embeddable":true,"href":"https:\/\/www.parlor.ro\/ro\/wp-json\/wp\/v2\/product_brand?post=8048"},{"taxonomy":"product_cat","embeddable":true,"href":"https:\/\/www.parlor.ro\/ro\/wp-json\/wp\/v2\/product_cat?post=8048"},{"taxonomy":"product_tag","embeddable":true,"href":"https:\/\/www.parlor.ro\/ro\/wp-json\/wp\/v2\/product_tag?post=8048"}],"curies":[{"name":"wp","href":"https:\/\/api.w.org\/{rel}","templated":true}]}}