{"id":9453,"date":"2020-10-22T07:38:31","date_gmt":"2020-10-22T04:38:31","guid":{"rendered":"https:\/\/www.parlor.ro\/?post_type=product&#038;p=9453"},"modified":"2025-09-21T05:01:33","modified_gmt":"2025-09-21T02:01:33","slug":"jacheta-de-petrecere","status":"publish","type":"product","link":"https:\/\/www.parlor.ro\/ro\/product\/party-jacket\/","title":{"rendered":"JACHETA PARTY"},"content":{"rendered":"<p>JACHETA PARTY<\/p>\n<p>18% m\u0103tase, 82% catifea viscoz\u0103<\/p>\n<p>M\u0103rimea se potrive\u0219te de la 34FR la 40 FR.<\/p>\n<p><strong>Cur\u0103\u021bare uscat\u0103<\/strong><\/p>\n<p>Acest produs este realizat din \u021bes\u0103turi furnizate de produc\u0103tori certifica\u021bi conform standardelor europene.<\/p>\n<p>Imprimeurile sunt realizate cu vopsea ecologic\u0103 OEKO-TEX\u00ae.<\/p>\n<p>Acest produs este testat \u00een atelierul nostru \u0219i nu prezint\u0103 riscuri pentru s\u0103n\u0103tate si siguran\u021ba consumatorului.<\/p>\n<hr style=\"color:#404040; height: 1px;\" \/>\n<p><b style=\"text-align: left; font-size:1.8em;\" title=\"PARTY JACKET - Modern Women's Jacket\" name=\"PARTY JACKET - Modern Women's Jacket\"><b style=\"font-weight: normal;\">PARTY JACKET &#8211; Modern Women&#8217;s Jacket<\/b><\/b><br \/>\n<strong style=\"font-weight: normal !important;\">JACHETA PARTY<\/strong> &#8211; <b style=\"font-weight: normal !important;\">Modern Women&#8217;s Jacket<\/b>. Do you believe in magic? We make ours with sequins stardust over silk velvet. I Love Parlor | Women&#8217;s <a style=\"font-weight: normal !important;\" title=\"\u00cembr\u0103c\u0103minte pentru femei\" href=\"https:\/\/www.parlor.ro\/ro\/\">\u00cembr\u0103c\u0103minte pentru femei<\/a> &#038; Women&#8217;s Fashion. Parlor Designs by Veronica Zaharia. #ConsciousDesign is the core of our brand. It translates into reinterpreting our best selling items with minimum use of resources. Our <i style=\"font-style: normal !important;\">rochii<\/i> sunt atemporale, usor de purtat, potrivite at\u00e2t ziua c\u00e2t si seara . Cum arat\u0103 rochia ta de vis? R\u0103sfoi\u021bi produsele noastre pentru femei <a style=\"font-weight: normal !important;\" title=\"Magazin de rochii\" href=\"https:\/\/www.parlor.ro\/ro\/magazin\/\">Magazin de rochii<\/a> (pantaloni scur\u021bi, rochii, <a style=\"font-weight: normal !important;\" title=\"jachete\" href=\"https:\/\/www.parlor.ro\/ro\/categorie-produs\/i-%e2%99%a5-salon\/jachete\/\">jachete<\/a>, per total, topuri) \u0219i g\u0103se\u0219te-\u021bi rochia ACUM! Sau viziteaz\u0103 showroom-ul nostru pentru a g\u0103si rochia perfect\u0103 \/ sun\u0103 pentru o programare la 0747501974! Recomand\u0103ri de cump\u0103r\u0103turi pentru tine: <a style=\"font-weight: normal !important;\" title=\"JACHETA QUEEN\" href=\"https:\/\/www.parlor.ro\/ro\/produs\/jacheta-regina\/\">JACHETA QUEEN<\/a>, <a style=\"font-weight: normal !important;\" title=\"Jacheta Alexa Bleumarin\" href=\"https:\/\/www.parlor.ro\/ro\/produs\/jacheta-alexa-lana-bleumarin\/\">Jacheta Alexa Bleumarin<\/a>. P\u00c2N\u0102 LA 50% REDUCERE Azi! <\/p>","protected":false},"excerpt":{"rendered":"<p>Jacheta bej din catifea cu paiete, \u00eenchidere cu mo\u0219 si baba si funde negre la guler.<\/p>\n<p>&nbsp;<\/p>\n<p>#MADEin ROMANIA<\/p>\n<p>#FABRICATinROMANIA<\/p>\n<p>&nbsp;<\/p>\n<p><a href=\"https:\/\/www.parlor.ro\/wp-content\/uploads\/2021\/04\/size-_chart-_Parlor.jpg\">VEZI TABELUL M\u0102RIMILOR<\/a><\/p>","protected":false},"featured_media":9791,"template":"","meta":[],"product_brand":[],"product_cat":[97,98],"product_tag":[],"class_list":{"0":"post-9453","1":"product","2":"type-product","3":"status-publish","4":"has-post-thumbnail","6":"product_cat-i--parlor","7":"product_cat-jackets","8":"pa_item-type-jackets","9":"pa_size-one-size","10":"pif-has-gallery","12":"first","13":"outofstock","14":"shipping-taxable","15":"purchasable","16":"product-type-variable"},"post_mailing_queue_ids":[],"_links":{"self":[{"href":"https:\/\/www.parlor.ro\/ro\/wp-json\/wp\/v2\/product\/9453","targetHints":{"allow":["GET"]}}],"collection":[{"href":"https:\/\/www.parlor.ro\/ro\/wp-json\/wp\/v2\/product"}],"about":[{"href":"https:\/\/www.parlor.ro\/ro\/wp-json\/wp\/v2\/types\/product"}],"wp:featuredmedia":[{"embeddable":true,"href":"https:\/\/www.parlor.ro\/ro\/wp-json\/wp\/v2\/media\/9791"}],"wp:attachment":[{"href":"https:\/\/www.parlor.ro\/ro\/wp-json\/wp\/v2\/media?parent=9453"}],"wp:term":[{"taxonomy":"product_brand","embeddable":true,"href":"https:\/\/www.parlor.ro\/ro\/wp-json\/wp\/v2\/product_brand?post=9453"},{"taxonomy":"product_cat","embeddable":true,"href":"https:\/\/www.parlor.ro\/ro\/wp-json\/wp\/v2\/product_cat?post=9453"},{"taxonomy":"product_tag","embeddable":true,"href":"https:\/\/www.parlor.ro\/ro\/wp-json\/wp\/v2\/product_tag?post=9453"}],"curies":[{"name":"wp","href":"https:\/\/api.w.org\/{rel}","templated":true}]}}