{"id":9455,"date":"2021-04-22T11:58:58","date_gmt":"2021-04-22T08:58:58","guid":{"rendered":"https:\/\/www.parlor.ro\/?post_type=product&#038;p=9455"},"modified":"2025-09-10T17:56:00","modified_gmt":"2025-09-10T14:56:00","slug":"jacheta-zambet","status":"publish","type":"product","link":"https:\/\/www.parlor.ro\/ro\/product\/smile-jacket\/","title":{"rendered":"JACHETA SMILE"},"content":{"rendered":"<p>100% bumbac<\/p>\n<p>M\u0103rimea se potrive\u0219te de la 34FR la 40FR<\/p>\n<p><strong>Cur\u0103\u021bare uscat\u0103<\/strong><\/p>\n<div>\n<p>Acest produs este realizat din \u021bes\u0103turi furnizate de produc\u0103tori certifica\u021bi conform standardelor europene.<\/p>\n<p>Imprimeurile sunt realizate cu vopsea ecologic\u0103 OEKO-TEX\u00ae.<\/p>\n<p>Acest produs este testat \u00een atelierul nostru \u0219i nu prezint\u0103 riscuri pentru s\u0103n\u0103tate si siguran\u021ba consumatorului.<\/p>\n<\/div>\n<hr style=\"color:#404040; height: 1px;\" \/>\n<p><b style=\"text-align: left; font-size:1.8em;\" title=\"SMILE JACKET - Everyday Women's Jacket\" name=\"SMILE JACKET - Everyday Women's Jacket\"><b style=\"font-weight: normal;\">SMILE JACKET &#8211; Everyday Women&#8217;s Jacket<\/b><\/b><br \/>\n<strong style=\"font-weight: normal !important;\">JACHETA SMILE<\/strong> &#8211; <b style=\"font-weight: normal !important;\">Everyday Women&#8217;s Jacket<\/b>. SMILE jacket is your everyday go-to. #MADEinROMANIA. #FABRICATinROMANIA. Best price today! I Love Parlor | Women&#8217;s Clothing &#038; Women&#8217;s Fashion. <a style=\"font-weight: normal !important;\" title=\"Crea\u021biile Parlor\" href=\"https:\/\/www.parlor.ro\/ro\/\">Parlor<\/a> Design de <i style=\"font-style: normal !important;\">Veronica Zaharia<\/i>. #ConsciousDesign este nucleul brandului nostru. El se traduce prin reinterpretarea celor mai bine v\u00e2ndute modele ale noastre, evit\u00e2nd astfel producerea de\u0219eurilor in exces. Rochiile noastre sunt atemporale, usor de purtat, potrivite at\u00e2t ziua c\u00e2t si seara. Cum arat\u0103 rochia ta de vis? R\u0103sfoi\u021bi <a style=\"font-weight: normal !important;\" title=\"Magazin de rochii dama\" href=\"https:\/\/www.parlor.ro\/ro\/magazin\/\">Magazin de rochii dama<\/a> (pantaloni scur\u021bi, rochii, <a style=\"font-weight: normal !important;\" title=\"Parlor jackets\" href=\"https:\/\/www.parlor.ro\/ro\/categorie-produs\/i-%e2%99%a5-salon\/jachete\/\">jachete<\/a>, per total, topuri) \u0219i g\u0103se\u0219te-\u021bi rochia ACUM! Sau viziteaz\u0103 showroom-ul nostru pentru a g\u0103si rochia perfect\u0103 \/ sun\u0103 pentru o programare la 0747501974! Recomand\u0103ri de cump\u0103r\u0103turi pentru tine: <a style=\"font-weight: normal !important;\" title=\"JACHETA SMILE\" href=\"https:\/\/www.parlor.ro\/ro\/produs\/jacheta-alexa\/\">JACHETA SMILE<\/a>, <a style=\"font-weight: normal !important;\" title=\"Jacheta Alexa Galben\" href=\"https:\/\/www.parlor.ro\/ro\/produs\/jacheta-alexa-galbena\/\">Jacheta Alexa Galben<\/a>. P\u00c2N\u0102 LA 50% REDUCERE Azi! <\/p>","protected":false},"excerpt":{"rendered":"<p>Jacheta neagra din bumbac satinat cu inchidere in fata si funda la guler, maneci lungi reglabile cu siret.<\/p>\n<p>#MADEin ROMANIA<\/p>\n<p>#FABRICATinROMANIA<\/p>\n<p>Suntem incantati sa v\u0103 dezv\u0103luim modelele noastre si \u00een showroom: suna\u021bi pentru programare 0747501974.<\/p>\n<p><a href=\"https:\/\/www.parlor.ro\/wp-content\/uploads\/2021\/04\/size-_chart-_Parlor.jpg\">VEZI TABELUL M\u0102RIMILOR<\/a><\/p>","protected":false},"featured_media":10717,"template":"","meta":[],"product_brand":[],"product_cat":[97,98],"product_tag":[],"class_list":{"0":"post-9455","1":"product","2":"type-product","3":"status-publish","4":"has-post-thumbnail","6":"product_cat-i--parlor","7":"product_cat-jackets","8":"pa_item-type-jackets","9":"pa_size-one-size","10":"pif-has-gallery","12":"first","13":"outofstock","14":"shipping-taxable","15":"purchasable","16":"product-type-variable"},"post_mailing_queue_ids":[],"_links":{"self":[{"href":"https:\/\/www.parlor.ro\/ro\/wp-json\/wp\/v2\/product\/9455","targetHints":{"allow":["GET"]}}],"collection":[{"href":"https:\/\/www.parlor.ro\/ro\/wp-json\/wp\/v2\/product"}],"about":[{"href":"https:\/\/www.parlor.ro\/ro\/wp-json\/wp\/v2\/types\/product"}],"wp:featuredmedia":[{"embeddable":true,"href":"https:\/\/www.parlor.ro\/ro\/wp-json\/wp\/v2\/media\/10717"}],"wp:attachment":[{"href":"https:\/\/www.parlor.ro\/ro\/wp-json\/wp\/v2\/media?parent=9455"}],"wp:term":[{"taxonomy":"product_brand","embeddable":true,"href":"https:\/\/www.parlor.ro\/ro\/wp-json\/wp\/v2\/product_brand?post=9455"},{"taxonomy":"product_cat","embeddable":true,"href":"https:\/\/www.parlor.ro\/ro\/wp-json\/wp\/v2\/product_cat?post=9455"},{"taxonomy":"product_tag","embeddable":true,"href":"https:\/\/www.parlor.ro\/ro\/wp-json\/wp\/v2\/product_tag?post=9455"}],"curies":[{"name":"wp","href":"https:\/\/api.w.org\/{rel}","templated":true}]}}