{"id":9461,"date":"2021-04-22T11:59:05","date_gmt":"2021-04-22T08:59:05","guid":{"rendered":"https:\/\/www.parlor.ro\/?post_type=product&#038;p=9461"},"modified":"2025-09-10T17:50:07","modified_gmt":"2025-09-10T14:50:07","slug":"rochie-inima","status":"publish","type":"product","link":"https:\/\/www.parlor.ro\/ro\/product\/heart-dress\/","title":{"rendered":"ROCHIE HEART"},"content":{"rendered":"<p>ROCHIE HEART<\/p>\n<p>100% bumbac<\/p>\n<p>100% poliester<\/p>\n<p><strong>Cur\u0103\u021bare uscat\u0103<\/strong><\/p>\n<p>Acest produs este realizat din \u021bes\u0103turi furnizate de produc\u0103tori certifica\u021bi conform standardelor europene.<\/p>\n<p>Imprimeurile sunt realizate cu vopsea ecologic\u0103 OEKO-TEX\u00ae.<\/p>\n<p>Acest produs este testat \u00een atelierul nostru \u0219i nu prezint\u0103 riscuri pentru s\u0103n\u0103tate si siguran\u021ba consumatorului.<\/p>\n<hr style=\"color:#404040; height: 1px;\" \/>\n<p><b style=\"text-align: left; font-size:1.8em;\" title=\"HEART DRESS - Stylish Women's Dress\" name=\"HEART DRESS - Stylish Women's Dress\"><b style=\"font-weight: normal;\">HEART DRESS &#8211; Stylish Women&#8217;s Dress<\/b><\/b><br \/>\n<strong style=\"font-weight: normal !important;\">ROCHIE HEART<\/strong> &#8211; <b style=\"font-weight: normal !important;\">Rochie elegant\u0103 pentru femei<\/b>. Elevate your everyday style with this clean cut <i style=\"font-style: normal !important;\">black dress<\/i>. Super prices today! I Love Parlor | Women&#8217;s Clothing &#038; Women&#8217;s Fashion. <a style=\"font-weight: normal !important;\" title=\"Crea\u021biile Parlor\" href=\"https:\/\/www.parlor.ro\/ro\/\">Crea\u021biile Parlor<\/a> by Veronica Zaharia. #ConsciousDesign is the core of our brand. It translates into reinterpreting our best selling items with minimum use of resources. <a style=\"font-weight: normal !important;\" title=\"Rochiile noastre\" href=\"https:\/\/www.parlor.ro\/ro\/categorie-produs\/i-%e2%99%a5-salon\/rochii\/\">Rochiile noastre<\/a> sunt atemporale, usor de purtat, potrivite at\u00e2t ziua c\u00e2t si seara . Cum arat\u0103 rochia ta de vis? R\u0103sfoi\u021bi produsele noastre pentru femei <a style=\"font-weight: normal !important;\" title=\"Magazin de rochii\" href=\"https:\/\/www.parlor.ro\/ro\/magazin\/\">Magazin de rochii<\/a> (pantaloni, fuste, rochii, jachete, salopete, topuri) \u0219i g\u0103se\u0219te-\u021bi rochia ACUM! Sau vizita\u021bi showroom-ul nostru pentru a v\u0103 g\u0103si rochia perfect\u0103 \/ suna\u021bi pentru programare la 0747501974! Recomand\u0103ri de cump\u0103r\u0103turi pentru tine: <a style=\"font-weight: normal !important;\" title=\"ROCHIE DREAMY\" href=\"https:\/\/www.parlor.ro\/ro\/produs\/rochie-de-vis-2\/\">ROCHIE DREAMY<\/a>, <a style=\"font-weight: normal !important;\" title=\"ROCHIE HOT\" href=\"https:\/\/www.parlor.ro\/ro\/produs\/rochie-fierbinte\/\">ROCHIE HOT<\/a>. P\u00c2N\u0102 LA 50% REDUCERE Azi! <\/p>","protected":false},"excerpt":{"rendered":"<p>Rochie neagra din bumbac satinat cu decupaj din tul cu buline pe spate, inchidere cu nasturi imbracati, volane peste umeri, crapatura la spate.<\/p>\n<p>&nbsp;<\/p>\n<p>#MADEin ROMANIA<\/p>\n<p>#FABRICATinROMANIA<\/p>\n<p>Suntem incantati sa v\u0103 dezv\u0103luim modelele noastre si \u00een showroom: suna\u021bi pentru programare 0747501974.<\/p>\n<p>&nbsp;<\/p>\n<p><a href=\"https:\/\/www.parlor.ro\/wp-content\/uploads\/2021\/04\/size-_chart-_Parlor.jpg\">VEZI TABELUL M\u0102RIMILOR<\/a><\/p>","protected":false},"featured_media":10644,"template":"","meta":[],"product_brand":[],"product_cat":[104],"product_tag":[],"class_list":{"0":"post-9461","1":"product","2":"type-product","3":"status-publish","4":"has-post-thumbnail","6":"product_cat-sale","7":"pa_item-type-dresses","8":"pa_size-74","9":"pa_size-75","10":"pa_size-76","11":"pif-has-gallery","13":"first","14":"outofstock","15":"shipping-taxable","16":"purchasable","17":"product-type-variable"},"post_mailing_queue_ids":[],"_links":{"self":[{"href":"https:\/\/www.parlor.ro\/ro\/wp-json\/wp\/v2\/product\/9461","targetHints":{"allow":["GET"]}}],"collection":[{"href":"https:\/\/www.parlor.ro\/ro\/wp-json\/wp\/v2\/product"}],"about":[{"href":"https:\/\/www.parlor.ro\/ro\/wp-json\/wp\/v2\/types\/product"}],"wp:featuredmedia":[{"embeddable":true,"href":"https:\/\/www.parlor.ro\/ro\/wp-json\/wp\/v2\/media\/10644"}],"wp:attachment":[{"href":"https:\/\/www.parlor.ro\/ro\/wp-json\/wp\/v2\/media?parent=9461"}],"wp:term":[{"taxonomy":"product_brand","embeddable":true,"href":"https:\/\/www.parlor.ro\/ro\/wp-json\/wp\/v2\/product_brand?post=9461"},{"taxonomy":"product_cat","embeddable":true,"href":"https:\/\/www.parlor.ro\/ro\/wp-json\/wp\/v2\/product_cat?post=9461"},{"taxonomy":"product_tag","embeddable":true,"href":"https:\/\/www.parlor.ro\/ro\/wp-json\/wp\/v2\/product_tag?post=9461"}],"curies":[{"name":"wp","href":"https:\/\/api.w.org\/{rel}","templated":true}]}}