{"id":9479,"date":"2020-10-22T08:27:24","date_gmt":"2020-10-22T05:27:24","guid":{"rendered":"https:\/\/www.parlor.ro\/?post_type=product&#038;p=9479"},"modified":"2025-03-26T14:03:17","modified_gmt":"2025-03-26T11:03:17","slug":"tricou-sper","status":"publish","type":"product","link":"https:\/\/www.parlor.ro\/ro\/product\/hope-t-shirt\/","title":{"rendered":"TRICOU LUCKY"},"content":{"rendered":"<p>100% bumbac<\/p>\n<p>M\u0103rimea se potrive\u0219te de la 34FR la 38FR<\/p>\n<p><strong>Sp\u0103lare delicat\u0103 la ma\u0219in\u0103<\/strong><\/p>\n<p>Acest produs este realizat din \u021bes\u0103turi furnizate de produc\u0103tori certifica\u021bi conform standardelor europene.<\/p>\n<p>Imprimeurile sunt realizate cu vopsea ecologic\u0103 OEKO-TEX\u00ae.<\/p>\n<p>Acest produs este testat \u00een atelierul nostru \u0219i nu prezint\u0103 riscuri pentru s\u0103n\u0103tate si siguran\u021ba consumatorului.<\/p>\n<hr style=\"color: #404040; height: 1px;\" \/>\n<p><b style=\"text-align: left; font-size: 1.8em;\" title=\"LUCKY T-SHIRT - Tricou pentru femei On Trend\"><b style=\"font-weight: normal;\">LUCKY T-SHIRT \u2013 Tricou pentru femei On Trend<\/b><\/b><br \/>\n<b style=\"font-weight: normal !important;\">TRICOU LUCKY<\/b> &#8211; <i style=\"font-style: normal !important;\">Tricou pentru femei \u00een tendin\u021be<\/i>. \u00cenapoi la elemente de baz\u0103. Elemente de baz\u0103 cu o not\u0103 magic\u0103. Decupaj pentru umeri \u0219i stropire de neon pentru cel LUCKY. <strong style=\"font-weight: normal !important;\">I \u2665 Parlor<\/strong> | \u00cembr\u0103c\u0103minte pentru femei \u0219i <a style=\"font-weight: normal !important;\" title=\"Moda pentru femei\" href=\"https:\/\/www.parlor.ro\/ro\/\">Moda pentru femei<\/a>. Design Parlor de Veronica Zaharia. #ConsciousDesign este nucleul brandului nostru. El se traduce prin reinterpretarea celor mai bine v\u00e2ndute modele ale noastre, evit\u00e2nd astfel producerea de\u0219eurilor in exces. Rochiile noastre sunt atemporale, usor de purtat, potrivite at\u00e2t ziua c\u00e2t si seara . Cum arat\u0103 rochia ta de vis? R\u0103sfoi\u021bi rochiile noastre pentru femei <a style=\"font-weight: normal !important;\" title=\"Magazin de tricouri\" href=\"https:\/\/www.parlor.ro\/ro\/magazin\/\">Parlor Shop<\/a> (pantaloni, rochii, jachete, salopete, <a style=\"font-weight: normal !important;\" title=\"topuri\" href=\"https:\/\/www.parlor.ro\/ro\/categorie-produs\/i-%e2%99%a5-salon\/varfuri\/\">topuri<\/a>) \u0219i g\u0103se\u0219te-\u021bi rochia ACUM! Sau vizita\u021bi showroom-ul nostru pentru a v\u0103 g\u0103si rochia perfect\u0103 \/ suna\u021bi pentru programare la 0747501974! Recomand\u0103ri de cump\u0103r\u0103turi pentru tine: <a style=\"font-weight: normal !important;\" title=\"TOP CHARMED ALB\" href=\"https:\/\/www.parlor.ro\/ro\/produs\/fermecat-top-alb\/\">TOP CHARMED ALB<\/a>, <a style=\"font-weight: normal !important;\" title=\"Top Electric Heart\" href=\"https:\/\/www.parlor.ro\/ro\/produs\/blat-inimii-electrice\/\">Top Electric Heart<\/a>. P\u00c2N\u0102 LA 50% REDUCERE Azi!<\/p>","protected":false},"excerpt":{"rendered":"<p>Tricou din bumbac roz, cu umeri goi si maneca scurta.<\/p>\n<p>#MADEin ROMANIA<\/p>\n<p>#FABRICATinROMANIA<\/p>","protected":false},"featured_media":9987,"template":"","meta":[],"product_brand":[],"product_cat":[102,97],"product_tag":[],"class_list":{"0":"post-9479","1":"product","2":"type-product","3":"status-publish","4":"has-post-thumbnail","6":"product_cat-tops","7":"product_cat-i--parlor","8":"pa_item-type-tops","9":"pa_size-one-size","10":"pif-has-gallery","12":"first","13":"instock","14":"shipping-taxable","15":"purchasable","16":"product-type-variable"},"post_mailing_queue_ids":[],"_links":{"self":[{"href":"https:\/\/www.parlor.ro\/ro\/wp-json\/wp\/v2\/product\/9479","targetHints":{"allow":["GET"]}}],"collection":[{"href":"https:\/\/www.parlor.ro\/ro\/wp-json\/wp\/v2\/product"}],"about":[{"href":"https:\/\/www.parlor.ro\/ro\/wp-json\/wp\/v2\/types\/product"}],"wp:featuredmedia":[{"embeddable":true,"href":"https:\/\/www.parlor.ro\/ro\/wp-json\/wp\/v2\/media\/9987"}],"wp:attachment":[{"href":"https:\/\/www.parlor.ro\/ro\/wp-json\/wp\/v2\/media?parent=9479"}],"wp:term":[{"taxonomy":"product_brand","embeddable":true,"href":"https:\/\/www.parlor.ro\/ro\/wp-json\/wp\/v2\/product_brand?post=9479"},{"taxonomy":"product_cat","embeddable":true,"href":"https:\/\/www.parlor.ro\/ro\/wp-json\/wp\/v2\/product_cat?post=9479"},{"taxonomy":"product_tag","embeddable":true,"href":"https:\/\/www.parlor.ro\/ro\/wp-json\/wp\/v2\/product_tag?post=9479"}],"curies":[{"name":"wp","href":"https:\/\/api.w.org\/{rel}","templated":true}]}}