{"id":9565,"date":"2021-04-22T11:57:16","date_gmt":"2021-04-22T08:57:16","guid":{"rendered":"https:\/\/www.parlor.ro\/?post_type=product&#038;p=9565"},"modified":"2025-09-10T18:01:13","modified_gmt":"2025-09-10T15:01:13","slug":"rochie-de-vis-2","status":"publish","type":"product","link":"https:\/\/www.parlor.ro\/ro\/product\/dreamy-dress\/","title":{"rendered":"ROCHIE DREAMY"},"content":{"rendered":"<p>ROCHIE DREAMY<\/p>\n<p>100% vascoza<\/p>\n<p><strong>Sp\u0103lare delicat\u0103 la ma\u0219in\u0103<\/strong><\/p>\n<p>Acest produs este realizat din \u021bes\u0103turi furnizate de produc\u0103tori certifica\u021bi conform standardelor europene.<\/p>\n<p>Imprimeurile sunt realizate cu vopsea ecologic\u0103 OEKO-TEX\u00ae.<\/p>\n<p>Acest produs este testat \u00een atelierul nostru \u0219i nu prezint\u0103 riscuri pentru s\u0103n\u0103tate si siguran\u021ba consumatorului.<\/p>\n<hr style=\"color:#404040; height: 1px;\" \/>\n<p><b style=\"text-align: left; font-size:1.8em;\" title=\"DREAMY DRESS - Unique Women's Dress\" name=\"DREAMY DRESS - Unique Women's Dress\"><b style=\"font-weight: normal;\">DREAMY DRESS &#8211; Unique Women&#8217;s Dress<\/b><\/b><br \/>\n<strong style=\"font-weight: normal !important;\">ROCHIE DREAMY<\/strong> &#8211; <i style=\"font-style: normal !important;\">Rochie unic\u0103 pentru femei<\/i>. Midi viscose dress, oversize sleeves with ruffle details. Super prices today! I Love Parlor | Women&#8217;s Clothing &#038; Women&#8217;s Fashion. Parlor <a style=\"font-weight: normal !important;\" title=\"Crea\u021biile Parlor\" href=\"https:\/\/www.parlor.ro\/ro\/\">Design<\/a> de Veronica Zaharia. #ConsciousDesign este nucleul brandului nostru. El se traduce prin reinterpretarea celor mai bine v\u00e2ndute modele ale noastre, evit\u00e2nd astfel producerea de\u0219eurilor in exces. Cum arat\u0103 rochia ta de vis? R\u0103sfoie\u0219te <a style=\"font-weight: normal !important;\" title=\"Magazin de rochii dama\" href=\"https:\/\/www.parlor.ro\/ro\/magazin\/\">Magazin de femei<\/a> (fuste, pantaloni, <a style=\"font-weight: normal !important;\" title=\"rochii\" href=\"https:\/\/www.parlor.ro\/ro\/categorie-produs\/i-%e2%99%a5-salon\/rochii\/\">rochii<\/a>, jachete, salopete, topuri) si g\u0103se\u0219te-ti rochia de vis ACUM! Sau viziteaz\u0103 showroomul nostru pentru a g\u0103si <b style=\"font-weight: normal !important;\">rochia perfecta<\/b> \/ suna pentru programare 0747501974! Recomand\u0103ri de cump\u0103r\u0103turi pentru tine: <a style=\"font-weight: normal !important;\" title=\"ROCHIE HOT\" href=\"https:\/\/www.parlor.ro\/ro\/produs\/rochie-fierbinte\/\">ROCHIE HOT<\/a>, <a style=\"font-weight: normal !important;\" title=\"ROCHIE SUNSHINE\" href=\"https:\/\/www.parlor.ro\/ro\/produs\/rochie-sunshine\/\">ROCHIE SUNSHINE<\/a>. P\u00c2N\u0102 LA 50% REDUCERE Azi!<\/p>","protected":false},"excerpt":{"rendered":"<p>Rochie midi din tesatura gri imprimata cu motive astrale, maneca lunga, detalii de volane, crapatura la spate si inchidere cu nasture la spate.<\/p>\n<div class=\"po-responsive po-lg\">\n<div class=\"woocommerce-product-details__short-description\">\n<div class=\"po-responsive po-lg\">\n<div class=\"woocommerce-product-details__short-description\">\n<p>#MADEin ROMANIA<\/p>\n<p>#FABRICATinROMANIA<\/p>\n<p>Suntem incantati sa v\u0103 dezv\u0103luim modelele noastre si \u00een showroom: suna\u021bi pentru programare 0747501974.<\/p>\n<\/div>\n<\/div>\n<div class=\"po-sp-share\"><a href=\"https:\/\/www.parlor.ro\/wp-content\/uploads\/2021\/04\/size-_chart-_Parlor.jpg\">VEZI TABELUL M\u0102RIMILOR<\/a><\/div>\n<\/div>\n<\/div>\n<div class=\"po-responsive po-lg\">\n<div class=\"po-sp-share\"><\/div>\n<\/div>","protected":false},"featured_media":10630,"template":"","meta":[],"product_brand":[],"product_cat":[99,97],"product_tag":[],"class_list":{"0":"post-9565","1":"product","2":"type-product","3":"status-publish","4":"has-post-thumbnail","6":"product_cat-dresses","7":"product_cat-i--parlor","8":"pa_item-type-dresses","9":"pa_size-74","10":"pa_size-75","11":"pa_size-76","12":"pif-has-gallery","14":"first","15":"outofstock","16":"shipping-taxable","17":"purchasable","18":"product-type-variable"},"post_mailing_queue_ids":[],"_links":{"self":[{"href":"https:\/\/www.parlor.ro\/ro\/wp-json\/wp\/v2\/product\/9565","targetHints":{"allow":["GET"]}}],"collection":[{"href":"https:\/\/www.parlor.ro\/ro\/wp-json\/wp\/v2\/product"}],"about":[{"href":"https:\/\/www.parlor.ro\/ro\/wp-json\/wp\/v2\/types\/product"}],"wp:featuredmedia":[{"embeddable":true,"href":"https:\/\/www.parlor.ro\/ro\/wp-json\/wp\/v2\/media\/10630"}],"wp:attachment":[{"href":"https:\/\/www.parlor.ro\/ro\/wp-json\/wp\/v2\/media?parent=9565"}],"wp:term":[{"taxonomy":"product_brand","embeddable":true,"href":"https:\/\/www.parlor.ro\/ro\/wp-json\/wp\/v2\/product_brand?post=9565"},{"taxonomy":"product_cat","embeddable":true,"href":"https:\/\/www.parlor.ro\/ro\/wp-json\/wp\/v2\/product_cat?post=9565"},{"taxonomy":"product_tag","embeddable":true,"href":"https:\/\/www.parlor.ro\/ro\/wp-json\/wp\/v2\/product_tag?post=9565"}],"curies":[{"name":"wp","href":"https:\/\/api.w.org\/{rel}","templated":true}]}}