{"id":9813,"date":"2021-09-16T10:01:59","date_gmt":"2021-09-16T07:01:59","guid":{"rendered":"https:\/\/www.parlor.ro\/?post_type=product&#038;p=9813"},"modified":"2025-08-05T07:47:12","modified_gmt":"2025-08-05T04:47:12","slug":"fusta-mini-cu-sclipici-auriu","status":"publish","type":"product","link":"https:\/\/www.parlor.ro\/ro\/product\/glitter-mini-skirt-gold\/","title":{"rendered":"FUSTA GLITTER"},"content":{"rendered":"<p>FUSTA GLITTER<\/p>\n<p>100% poliester<\/p>\n<p>C\u0103ptu\u0219eal\u0103 din viscoz\u0103 100%<\/p>\n<p><strong>Sp\u0103larea manual\u0103<\/strong><\/p>\n<p>Acest produs este realizat din \u021bes\u0103turi furnizate de produc\u0103tori certifica\u021bi conform standardelor europene.<\/p>\n<p>Imprimeurile sunt realizate cu vopsea ecologic\u0103 OEKO-TEX\u00ae.<\/p>\n<p>Acest produs este testat \u00een atelierul nostru \u0219i nu prezint\u0103 riscuri pentru s\u0103n\u0103tate si siguran\u021ba consumatorului.<\/p>\n<hr style=\"color:#404040; height: 1px;\" \/>\n<p><b style=\"text-align: left; font-size:1.8em;\" title=\"FUST\u0102 CU SL\u0102BITOR - C\u0103m\u0103\u0219i frumoase pentru femei\" name=\"GLITTER SKIRT - Beautiful Women's Shirts\"><b style=\"font-weight: normal;\">FUST\u0102 CU SL\u0102BITOR \u2013 C\u0103m\u0103\u0219i frumoase pentru femei<\/b><\/b><br \/>\n<b style=\"font-weight: normal !important;\">FUSTA GLITTER<\/b> &#8211; <strong style=\"font-weight: normal !important;\">C\u0103m\u0103\u0219i frumoase pentru femei<\/strong>Scorpion supradimensionat <i style=\"font-style: normal !important;\">hanorac<\/i> este frumos \u00eempodobit\u0103 cu broderie aurie. #MADEinROMANIA. I Love Parlor | <a style=\"font-weight: normal !important;\" title=\"\u00cembr\u0103c\u0103minte pentru femei\" href=\"https:\/\/www.parlor.ro\/ro\/\">\u00cembr\u0103c\u0103minte pentru femei<\/a> &amp; Mod\u0103 pentru femei. Designuri Parlor de Veronica Zaharia. Credem \u00een designul durabil din punct de vedere emo\u021bional \u0219i design\u0103m pentru reutilizare. Inimile noastre tresalt\u0103 de fiecare dat\u0103 c\u00e2nd vedem o femeie purt\u00e2nd un design Parlor din colec\u021biile anterioare. Croielile curate \u0219i impecabile, cele mai bune materiale \u0219i siluetele atemporale sunt cele care fac ca articolele noastre s\u0103 fie ACUM de-a lungul anilor. R\u0103sfoi\u021bi rochiile noastre pentru femei. <a style=\"font-weight: normal !important;\" title=\"magazin\" href=\"https:\/\/www.parlor.ro\/ro\/magazin\/\">aici<\/a> (pantaloni, rochii, jachete, salopete, <a style=\"font-weight: normal !important;\" title=\"topuri \/ c\u0103ma\u0219\u0103\" href=\"https:\/\/www.parlor.ro\/ro\/categorie-produs\/i-%e2%99%a5-salon\/varfuri\/\">topuri<\/a>) \u0219i g\u0103se\u0219te-\u021bi rochia ACUM! Sau vizita\u021bi showroom-ul nostru pentru a v\u0103 g\u0103si rochia perfect\u0103 \/ suna\u021bi pentru programare la 0747501974! Recomand\u0103ri de cump\u0103r\u0103turi pentru tine: <a style=\"font-weight: normal !important;\" title=\"TRICOU LADY\" href=\"https:\/\/www.parlor.ro\/ro\/produs\/tricou-de-dama\/\">TRICOU LADY<\/a>, <a style=\"font-weight: normal !important;\" title=\"KILLER TOP\" href=\"https:\/\/www.parlor.ro\/ro\/produs\/top-criminal\/\">KILLER TOP<\/a>. P\u00c2N\u0102 LA 50% REDUCERE Azi! <\/p>","protected":false},"excerpt":{"rendered":"<p>Fusta aurie, cu fermoar reglabil pentru a putea modifica marimea, detaliu de volan pe piciorul stang si cordon negru in talie.<\/p>\n<p>#MADEin ROMANIA<\/p>\n<p>#FABRICATinROMANIA<\/p>\n<p>Suntem incantati sa v\u0103 dezv\u0103luim modelele noastre si \u00een showroom: suna\u021bi pentru programare 0747501974.<\/p>\n<p><a href=\"https:\/\/www.parlor.ro\/wp-content\/uploads\/2021\/04\/size-_chart-_Parlor.jpg\">VEZI TABELUL M\u0102RIMILOR<\/a><\/p>","protected":false},"featured_media":11390,"template":"","meta":[],"product_brand":[],"product_cat":[100,97],"product_tag":[],"class_list":{"0":"post-9813","1":"product","2":"type-product","3":"status-publish","4":"has-post-thumbnail","6":"product_cat-bottoms","7":"product_cat-i--parlor","8":"pa_item-type-bottoms","9":"pa_size-124","10":"pa_size-74","11":"pa_size-75","12":"pif-has-gallery","14":"first","15":"outofstock","16":"shipping-taxable","17":"purchasable","18":"product-type-variable"},"post_mailing_queue_ids":[],"_links":{"self":[{"href":"https:\/\/www.parlor.ro\/ro\/wp-json\/wp\/v2\/product\/9813","targetHints":{"allow":["GET"]}}],"collection":[{"href":"https:\/\/www.parlor.ro\/ro\/wp-json\/wp\/v2\/product"}],"about":[{"href":"https:\/\/www.parlor.ro\/ro\/wp-json\/wp\/v2\/types\/product"}],"wp:featuredmedia":[{"embeddable":true,"href":"https:\/\/www.parlor.ro\/ro\/wp-json\/wp\/v2\/media\/11390"}],"wp:attachment":[{"href":"https:\/\/www.parlor.ro\/ro\/wp-json\/wp\/v2\/media?parent=9813"}],"wp:term":[{"taxonomy":"product_brand","embeddable":true,"href":"https:\/\/www.parlor.ro\/ro\/wp-json\/wp\/v2\/product_brand?post=9813"},{"taxonomy":"product_cat","embeddable":true,"href":"https:\/\/www.parlor.ro\/ro\/wp-json\/wp\/v2\/product_cat?post=9813"},{"taxonomy":"product_tag","embeddable":true,"href":"https:\/\/www.parlor.ro\/ro\/wp-json\/wp\/v2\/product_tag?post=9813"}],"curies":[{"name":"wp","href":"https:\/\/api.w.org\/{rel}","templated":true}]}}