{"id":9817,"date":"2020-10-31T23:40:22","date_gmt":"2020-10-31T20:40:22","guid":{"rendered":"https:\/\/www.parlor.ro\/?post_type=product&#038;p=9817"},"modified":"2025-09-20T07:40:54","modified_gmt":"2025-09-20T04:40:54","slug":"rochie-fermecatoare","status":"publish","type":"product","link":"https:\/\/www.parlor.ro\/ro\/product\/charming-dress\/","title":{"rendered":"ROCHIE CHARMING"},"content":{"rendered":"<p>ROCHIE CHARMING<\/p>\n<p>100% m\u0103tase<\/p>\n<p>18% m\u0103tase \/ 82% viscoz\u0103<\/p>\n<p><strong>Cur\u0103\u021bare uscat\u0103<\/strong><\/p>\n<p>Acest produs este realizat din \u021bes\u0103turi furnizate de produc\u0103tori certifica\u021bi conform standardelor europene.<\/p>\n<p>Imprimeurile sunt realizate cu vopsea ecologic\u0103 OEKO-TEX\u00ae.<\/p>\n<p>Acest produs este testat \u00een atelierul nostru \u0219i nu prezint\u0103 riscuri pentru s\u0103n\u0103tate si siguran\u021ba consumatorului.<\/p>\n<hr style=\"color:#404040; height: 1px;\" \/>\n<p><b style=\"text-align: left; font-size:1.8em;\" title=\"CHARMING DRESS - Trending Women's Dress\" name=\"CHARMING DRESS - Trending Women's Dress\"><b style=\"font-weight: normal;\">CHARMING DRESS &#8211; Trending Women&#8217;s Dress<\/b><\/b><br \/>\n<strong style=\"font-weight: normal !important;\">ROCHIE CHARMING<\/strong> &#8211; <b style=\"font-weight: normal !important;\">Rochie pentru femei la mod\u0103<\/b>. Silk embroidered with delicate geometric pattern, the contrasting silk velvet and buttons and the balloon sleeves. I Love Parlor | Women&#8217;s Clothing &#038; Women&#8217;s Fashion. Parlor Designs by <a style=\"font-weight: normal !important;\" title=\"Veronica Zaharia\" href=\"https:\/\/www.parlor.ro\/ro\/\">Veronica Zaharia<\/a>. #ConsciousDesign este nucleul brandului nostru. El se traduce prin reinterpretarea celor mai bine v\u00e2ndute modele ale noastre, evit\u00e2nd astfel producerea de\u0219eurilor in exces. Rochiile noastre sunt atemporale, usor de purtat, potrivite at\u00e2t ziua c\u00e2t si seara. Cum arat\u0103 rochia ta de vis? R\u0103sfoi\u021bi <i style=\"font-style: normal !important;\">Rochii de dama<\/i> <a style=\"font-weight: normal !important;\" title=\"Magazin de rochii de dama\" href=\"https:\/\/www.parlor.ro\/ro\/magazin\/\">Parlor Shop<\/a> (fuste, pantaloni, <a style=\"font-weight: normal !important;\" title=\"rochii\" href=\"https:\/\/www.parlor.ro\/ro\/categorie-produs\/i-%e2%99%a5-salon\/rochii\/\">rochii<\/a>, jachete, salopet\u0103, topuri) \u0219i g\u0103se\u0219te-\u021bi rochia ACUM! Sau vizita\u021bi showroom-ul nostru pentru a v\u0103 g\u0103si rochia perfect\u0103 \/ suna\u021bi pentru programare la 0747501974! Recomand\u0103ri de cump\u0103r\u0103turi pentru tine: <a style=\"font-weight: normal !important;\" title=\"ROCHIE SWEET\" href=\"https:\/\/www.parlor.ro\/ro\/produs\/rochie-dulce-3\/\">ROCHIE SWEET<\/a>, <a style=\"font-weight: normal !important;\" title=\"ROCHIE POWER\" href=\"https:\/\/www.parlor.ro\/ro\/produs\/rochie-putere-2\/\">ROCHIE POWER<\/a>. P\u00c2N\u0102 LA 50% REDUCERE Azi! <\/p>","protected":false},"excerpt":{"rendered":"<p>Rochie mini cu bust din matase ivoar, imbogatita cu volane si manesa lunga cu mansete si nasturi imbracati, inghidere cu nasture la spate.<\/p>\n<p>#MADEin ROMANIA<\/p>\n<p>#FABRICATinROMANIA<\/p>\n<p><a href=\"https:\/\/www.parlor.ro\/wp-content\/uploads\/2021\/04\/size-_chart-_Parlor.jpg\">VEZI TABELUL M\u0102RIMILOR<\/a><\/p>\n<p>Suntem incantati sa v\u0103 dezv\u0103luim modelele noastre si \u00een showroom: suna\u021bi pentru programare 0747501974.<\/p>","protected":false},"featured_media":9846,"template":"","meta":[],"product_brand":[],"product_cat":[99,97],"product_tag":[],"class_list":{"0":"post-9817","1":"product","2":"type-product","3":"status-publish","4":"has-post-thumbnail","6":"product_cat-dresses","7":"product_cat-i--parlor","8":"pa_item-type-dresses","9":"pa_size-124","10":"pa_size-74","11":"pa_size-75","12":"pif-has-gallery","14":"first","15":"outofstock","16":"shipping-taxable","17":"purchasable","18":"product-type-variable"},"post_mailing_queue_ids":[],"_links":{"self":[{"href":"https:\/\/www.parlor.ro\/ro\/wp-json\/wp\/v2\/product\/9817","targetHints":{"allow":["GET"]}}],"collection":[{"href":"https:\/\/www.parlor.ro\/ro\/wp-json\/wp\/v2\/product"}],"about":[{"href":"https:\/\/www.parlor.ro\/ro\/wp-json\/wp\/v2\/types\/product"}],"wp:featuredmedia":[{"embeddable":true,"href":"https:\/\/www.parlor.ro\/ro\/wp-json\/wp\/v2\/media\/9846"}],"wp:attachment":[{"href":"https:\/\/www.parlor.ro\/ro\/wp-json\/wp\/v2\/media?parent=9817"}],"wp:term":[{"taxonomy":"product_brand","embeddable":true,"href":"https:\/\/www.parlor.ro\/ro\/wp-json\/wp\/v2\/product_brand?post=9817"},{"taxonomy":"product_cat","embeddable":true,"href":"https:\/\/www.parlor.ro\/ro\/wp-json\/wp\/v2\/product_cat?post=9817"},{"taxonomy":"product_tag","embeddable":true,"href":"https:\/\/www.parlor.ro\/ro\/wp-json\/wp\/v2\/product_tag?post=9817"}],"curies":[{"name":"wp","href":"https:\/\/api.w.org\/{rel}","templated":true}]}}